{"id":773188,"date":"2025-08-28T16:06:55","date_gmt":"2025-08-28T13:06:55","guid":{"rendered":"https:\/\/roveyayinevi.com.tr\/index.php\/urun\/izmir-kent-kimligi-ve-kent-kulturu\/"},"modified":"2026-04-15T03:39:24","modified_gmt":"2026-04-15T00:39:24","slug":"izmir-kent-kimligi-ve-kent-kulturu","status":"publish","type":"product","link":"https:\/\/roveyayinevi.com.tr\/index.php\/urun\/izmir-kent-kimligi-ve-kent-kulturu\/","title":{"rendered":"\u0130zmir Kent Kimli\u011fi ve Kent K\u00fclt\u00fcr\u00fc"},"content":{"rendered":"<p>\u0130zmir Kent Kimli\u011fi ve Kent K\u00fclt\u00fcr\u00fc<\/p>\n","protected":false},"excerpt":{"rendered":"<p>\u0130zmir Kent Kimli\u011fi ve Kent K\u00fclt\u00fcr\u00fc<\/p>\n","protected":false},"featured_media":0,"template":"","meta":{"_monsterinsights_skip_tracking":false,"_monsterinsights_sitenote_active":false,"_monsterinsights_sitenote_note":"","_monsterinsights_sitenote_category":0},"product_brand":[],"product_cat":[13633,12324],"product_tag":[],"class_list":{"0":"post-773188","1":"product","2":"type-product","3":"status-publish","5":"product_cat-kultur-ve-bilim","6":"product_cat-sosyoloji","7":"pa_cilt-ciltsiz","8":"pa_tur-kitap","9":"pa_yayinevi-sosyal-demokrasi-dernegi","10":"pa_yazar-sencer-ayata-nezihe-basak-ergin-baris-kuymulu","12":"first","13":"instock","14":"sale","15":"shipping-taxable","16":"purchasable","17":"product-type-simple"},"_links":{"self":[{"href":"https:\/\/roveyayinevi.com.tr\/index.php\/wp-json\/wp\/v2\/product\/773188","targetHints":{"allow":["GET"]}}],"collection":[{"href":"https:\/\/roveyayinevi.com.tr\/index.php\/wp-json\/wp\/v2\/product"}],"about":[{"href":"https:\/\/roveyayinevi.com.tr\/index.php\/wp-json\/wp\/v2\/types\/product"}],"wp:attachment":[{"href":"https:\/\/roveyayinevi.com.tr\/index.php\/wp-json\/wp\/v2\/media?parent=773188"}],"wp:term":[{"taxonomy":"product_brand","embeddable":true,"href":"https:\/\/roveyayinevi.com.tr\/index.php\/wp-json\/wp\/v2\/product_brand?post=773188"},{"taxonomy":"product_cat","embeddable":true,"href":"https:\/\/roveyayinevi.com.tr\/index.php\/wp-json\/wp\/v2\/product_cat?post=773188"},{"taxonomy":"product_tag","embeddable":true,"href":"https:\/\/roveyayinevi.com.tr\/index.php\/wp-json\/wp\/v2\/product_tag?post=773188"}],"curies":[{"name":"wp","href":"https:\/\/api.w.org\/{rel}","templated":true}]}}