{"id":773185,"date":"2025-08-28T16:06:49","date_gmt":"2025-08-28T13:06:49","guid":{"rendered":"https:\/\/roveyayinevi.com.tr\/index.php\/urun\/cinsiyetcilik-ve-duyarlik\/"},"modified":"2026-04-15T03:39:24","modified_gmt":"2026-04-15T00:39:24","slug":"cinsiyetcilik-ve-duyarlik","status":"publish","type":"product","link":"https:\/\/roveyayinevi.com.tr\/index.php\/urun\/cinsiyetcilik-ve-duyarlik\/","title":{"rendered":"Cinsiyet\u00e7ilik ve Duyarl\u0131k"},"content":{"rendered":"<p>D\u00fcnya, k\u0131zlar i\u00e7in karmakar\u0131\u015f\u0131k mesajlarla dolu: Hakk\u0131n\u0131z\u0131 savunun ama bunu yumu\u015fak bir \u015fekilde yap\u0131n; ba\u011f\u0131ms\u0131z olun ama evde kalmay\u0131n; bedeninizi sevin ama onun a\u011fdal\u0131 ve fit olmas\u0131na dikkat edin. Elbette daha do\u011frudan bir horg\u00f6r\u00fc de var: \u00dcstten \u00fcstten konu\u015fmalar, d\u00fc\u015f\u00fck maa\u015flar, izinsiz dokunu\u015flar, tart\u0131\u015fmaya a\u00e7\u0131lan bedensel \u00f6zerklik haklar\u0131, iltifat kisvesine sokulmu\u015f cinselle\u015ftirme&#8230; Bir\u00e7ok ebeveyn, bu sorunlu ger\u00e7ekleri tart\u0131\u015fmaktansa, k\u0131zlara y\u00fczeysel bir motivasyon pompalamay\u0131 (\u201cK\u0131z g\u00fcc\u00fc!\u201d) daha kolay buluyor. Oysa k\u0131zlar\u0131n depresyon, anksiyete ve intihar oranlar\u0131 h\u0131zla artarken acilen m\u00fcdahale etmemiz gereken sorunlar var: K\u0131zlar\u0131n iyimser ruh halini ve de\u011fi\u015fim yaratma \u015fevkini ezip ge\u00e7meden onlara bu ger\u00e7ekleri nas\u0131l anlatabilir, bunlarla m\u00fccadele etmeyi nas\u0131l \u00f6\u011fretebiliriz?   Psk. Dr. Jo-Ann Finkelstein, Cinsiyet\u00e7ilik ve Duyarl\u0131k\u2019ta cinsiyet\u00e7ili\u011fin farkl\u0131 y\u00fczlerini ve bunlar kar\u015f\u0131s\u0131nda neler yap\u0131labilece\u011fini irdeliyor:   \u2022 Farkl\u0131 ya\u015flardaki k\u0131zlara, kad\u0131n d\u00fc\u015fmanl\u0131\u011f\u0131, toplumsal cinsiyet kal\u0131plar\u0131, nesnele\u015ftirme ve r\u0131za konusunda nas\u0131l rehberlik verebiliriz? \u2022 K\u0131zlar\u0131n do\u011fal \u201ccinsiyet\u00e7ilik dedekt\u00f6rlerine\u201d nas\u0131l ince ayar yapabiliriz ve kad\u0131nlar\u0131 a\u015fa\u011f\u0131lay\u0131p ikincille\u015ftiren bir k\u00fclt\u00fcrde k\u0131zlar\u0131n \u00f6z sayg\u0131s\u0131n\u0131 korumak i\u00e7in ne t\u00fcr stratejiler izleyebiliriz? \u2022 K\u0131zlar\u0131n okulda, medyada, ili\u015fkilerde ve toplum i\u00e7inde s\u0131k s\u0131k g\u00f6r\u00fclen mikro sald\u0131rganl\u0131klar\u0131 tespit etmesine ve bunlara kar\u015f\u0131 durmas\u0131na nas\u0131l yard\u0131mc\u0131 olabiliriz? \u2022 Kendi tutumlar\u0131m\u0131zdaki cinsiyet\u00e7ili\u011fi nas\u0131l saptayabilir ve yenebiliriz?   K\u0131zlar\u0131 yanl\u0131l\u0131k ve cinsiyet\u00e7ilikten tamamen koruyamay\u0131z. Ama onlar\u0131n bu sorunlar kar\u015f\u0131s\u0131nda bizim gen\u00e7li\u011fimize g\u00f6re daha bilin\u00e7li ve haz\u0131rl\u0131kl\u0131 olmas\u0131n\u0131 sa\u011flayabiliriz. Ger\u00e7ek ya\u015fam \u00f6rneklerine ve yirmi y\u0131l\u0131 a\u015fk\u0131n terapi deneyimine dayanan Cinsiyet\u00e7ilik ve Duyarl\u0131k, k\u0131z\u0131n\u0131 cinsiyet\u00e7i ak\u0131mlarda yeti\u015ftirmek zorunda kalan her ebeveyn i\u00e7in ufuk a\u00e7\u0131c\u0131 bir temel kaynak olacak.   \u201cBu kitap, k\u0131zlar\u0131 yeti\u015ftirirken kar\u015f\u0131la\u015ft\u0131\u011f\u0131m\u0131z en zor konularda\u2014kad\u0131n d\u00fc\u015fmanl\u0131\u011f\u0131, nesnele\u015ftirme, beden imgesi vb.\u2014bize ak\u0131lc\u0131 bir rehberlik sunuyor.\u201d \u2014Lisa Damour, G\u00fc\u00e7l\u00fc K\u0131zlar ve Ergenlerin Duygusal Ya\u015fam\u0131 yazar\u0131   \u201cBu kitap, her ebeveynin kitapl\u0131\u011f\u0131nda de\u011ferli bir yere sahip olacak\u2026 Bu zor toplumsal sorunlar ile m\u00fccadele hakk\u0131ndaki tavsiyeleri, k\u0131z \u00e7ocu\u011funun kendini do\u011fru \u015fekilde tartmas\u0131n\u0131 ve ki\u015fisel de\u011ferini fark etmesini de sa\u011flayacak.\u201d \u2014Publishers Weekly <\/p>\n","protected":false},"excerpt":{"rendered":"<p>D\u00fcnya, k\u0131zlar i\u00e7in karmakar\u0131\u015f\u0131k mesajlarla dolu: Hakk\u0131n\u0131z\u0131 savunun ama bunu yumu\u015fak bir \u015fekilde yap\u0131n; ba\u011f\u0131ms\u0131z olun ama evde kalmay\u0131n; bedeninizi sevin ama onun a\u011fdal\u0131 ve fit<span class=\"excerpt-hellip\"> [\u2026]<\/span><\/p>\n","protected":false},"featured_media":0,"template":"","meta":{"_monsterinsights_skip_tracking":false,"_monsterinsights_sitenote_active":false,"_monsterinsights_sitenote_note":"","_monsterinsights_sitenote_category":0},"product_brand":[],"product_cat":[12679,12357],"product_tag":[],"class_list":{"0":"post-773185","1":"product","2":"type-product","3":"status-publish","5":"product_cat-cocuk-psikolojisi","6":"product_cat-psikoloji","7":"pa_cilt-ciltsiz","8":"pa_tur-kitap","9":"pa_yayinevi-gorunmez-adam-yayincilik","10":"pa_yazar-jo-ann-finkelstein","12":"first","13":"instock","14":"sale","15":"shipping-taxable","16":"purchasable","17":"product-type-simple"},"_links":{"self":[{"href":"https:\/\/roveyayinevi.com.tr\/index.php\/wp-json\/wp\/v2\/product\/773185","targetHints":{"allow":["GET"]}}],"collection":[{"href":"https:\/\/roveyayinevi.com.tr\/index.php\/wp-json\/wp\/v2\/product"}],"about":[{"href":"https:\/\/roveyayinevi.com.tr\/index.php\/wp-json\/wp\/v2\/types\/product"}],"wp:attachment":[{"href":"https:\/\/roveyayinevi.com.tr\/index.php\/wp-json\/wp\/v2\/media?parent=773185"}],"wp:term":[{"taxonomy":"product_brand","embeddable":true,"href":"https:\/\/roveyayinevi.com.tr\/index.php\/wp-json\/wp\/v2\/product_brand?post=773185"},{"taxonomy":"product_cat","embeddable":true,"href":"https:\/\/roveyayinevi.com.tr\/index.php\/wp-json\/wp\/v2\/product_cat?post=773185"},{"taxonomy":"product_tag","embeddable":true,"href":"https:\/\/roveyayinevi.com.tr\/index.php\/wp-json\/wp\/v2\/product_tag?post=773185"}],"curies":[{"name":"wp","href":"https:\/\/api.w.org\/{rel}","templated":true}]}}