{"id":773182,"date":"2025-08-28T16:06:42","date_gmt":"2025-08-28T13:06:42","guid":{"rendered":"https:\/\/roveyayinevi.com.tr\/index.php\/urun\/albert-johnson-ve-celik-corekler\/"},"modified":"2026-04-15T03:39:24","modified_gmt":"2026-04-15T00:39:24","slug":"albert-johnson-ve-celik-corekler","status":"publish","type":"product","link":"https:\/\/roveyayinevi.com.tr\/index.php\/urun\/albert-johnson-ve-celik-corekler\/","title":{"rendered":"Albert Johnson ve \u00c7elik \u00c7\u00f6rekler"},"content":{"rendered":"<p>Albert\u2019in babas\u0131 usta bir f\u0131r\u0131nc\u0131, \u00f6yleyse Albert\u2019in de f\u0131r\u0131nc\u0131 olmas\u0131 gerekir, \u00f6yle de\u011fil mi? YANLI\u015e! Albert f\u0131r\u0131nc\u0131l\u0131\u011fa ilgi duymuyor. O futbol oynamay\u0131 seviyor. Ve kriket oynamay\u0131. Bir de tenisi. Asl\u0131nda akl\u0131n\u0131za gelebilecek her sporu seviyor. Fakat aile i\u015fletmesinde yard\u0131ma ihtiyac\u0131 olan babas\u0131, ba\u015fka hi\u00e7bir \u015feye benzemeyen bir makine yap\u0131yor: Hamur Ustas\u0131 5000. Ailenin b\u00fct\u00fcn sorunlar\u0131 \u00e7\u00f6z\u00fclm\u00fc\u015f gibidir, ta ki Albert\u2019in babas\u0131n\u0131n mucize robotu ortal\u0131\u011f\u0131 birbirine katana dek. Sorunu \u00e7\u00f6zmek Albert\u2019e kalm\u0131\u015ft\u0131r; bakal\u0131m spor konusundaki yetenekleri ona yard\u0131mc\u0131 olabilecek midir? <\/p>\n","protected":false},"excerpt":{"rendered":"<p>Albert\u2019in babas\u0131 usta bir f\u0131r\u0131nc\u0131, \u00f6yleyse Albert\u2019in de f\u0131r\u0131nc\u0131 olmas\u0131 gerekir, \u00f6yle de\u011fil mi? YANLI\u015e! Albert f\u0131r\u0131nc\u0131l\u0131\u011fa ilgi duymuyor. O futbol oynamay\u0131 seviyor. Ve kriket oynamay\u0131.<span class=\"excerpt-hellip\"> [\u2026]<\/span><\/p>\n","protected":false},"featured_media":0,"template":"","meta":{"_monsterinsights_skip_tracking":false,"_monsterinsights_sitenote_active":false,"_monsterinsights_sitenote_note":"","_monsterinsights_sitenote_category":0},"product_brand":[],"product_cat":[12274,12284],"product_tag":[],"class_list":{"0":"post-773182","1":"product","2":"type-product","3":"status-publish","5":"product_cat-cocuk-ve-genclik-kitaplari","6":"product_cat-hikayeler","7":"pa_cilt-ciltsiz","8":"pa_tur-kitap","9":"pa_yayinevi-yapi-kredi-yayinlari","10":"pa_yazar-phil-earle","12":"first","13":"instock","14":"sale","15":"shipping-taxable","16":"purchasable","17":"product-type-simple"},"_links":{"self":[{"href":"https:\/\/roveyayinevi.com.tr\/index.php\/wp-json\/wp\/v2\/product\/773182","targetHints":{"allow":["GET"]}}],"collection":[{"href":"https:\/\/roveyayinevi.com.tr\/index.php\/wp-json\/wp\/v2\/product"}],"about":[{"href":"https:\/\/roveyayinevi.com.tr\/index.php\/wp-json\/wp\/v2\/types\/product"}],"wp:attachment":[{"href":"https:\/\/roveyayinevi.com.tr\/index.php\/wp-json\/wp\/v2\/media?parent=773182"}],"wp:term":[{"taxonomy":"product_brand","embeddable":true,"href":"https:\/\/roveyayinevi.com.tr\/index.php\/wp-json\/wp\/v2\/product_brand?post=773182"},{"taxonomy":"product_cat","embeddable":true,"href":"https:\/\/roveyayinevi.com.tr\/index.php\/wp-json\/wp\/v2\/product_cat?post=773182"},{"taxonomy":"product_tag","embeddable":true,"href":"https:\/\/roveyayinevi.com.tr\/index.php\/wp-json\/wp\/v2\/product_tag?post=773182"}],"curies":[{"name":"wp","href":"https:\/\/api.w.org\/{rel}","templated":true}]}}