{"id":773180,"date":"2025-08-28T16:06:39","date_gmt":"2025-08-28T13:06:39","guid":{"rendered":"https:\/\/roveyayinevi.com.tr\/index.php\/urun\/esikler\/"},"modified":"2026-04-15T03:39:24","modified_gmt":"2026-04-15T00:39:24","slug":"esikler","status":"publish","type":"product","link":"https:\/\/roveyayinevi.com.tr\/index.php\/urun\/esikler\/","title":{"rendered":"E\u015fikler"},"content":{"rendered":"<p>\u0130yi bir \u00f6l\u00fcm ne demektir? Nas\u0131l iyi bir evlat olunur?.. 2009 y\u0131l\u0131nda, sert bir kemer s\u0131kma politikas\u0131 ufukta beklerken, kitab\u0131n yazar\u0131 Marianne Brooker\u2019\u0131n k\u0131rk ya\u015flar\u0131ndaki annesine a\u011f\u0131r bir hastal\u0131k te\u015fhisi konur. Bu geli\u015fme kar\u015f\u0131s\u0131nda yarat\u0131c\u0131l\u0131k ile aktivizmi ilgin\u00e7 yollarla birle\u015ftiren kad\u0131n bir s\u00fcre i\u00e7in hem ge\u00e7imini sa\u011flar hem de tedavisini finanse eder. Ancak \u00e7al\u0131\u015fma ve hareket etme kabiliyeti g\u00fcnbeg\u00fcn azal\u0131rken a\u011fr\u0131lar\u0131 da ayn\u0131 \u00f6l\u00e7\u00fcde artar. Zamanla ne ila\u00e7lar\u0131n bedelini kar\u015f\u0131layabilecek ne de onurlu bir ya\u015fam s\u00fcrebilecek hale gelen kad\u0131n sosyal devletin deste\u011fini de alamay\u0131nca kendi evinde, kendi ko\u015fullar\u0131nda \u00f6lmeye karar verir. Gelgelelim E\u015fikler sadece o kederli d\u00f6nem ve yas s\u00fcreci hakk\u0131nda bir kitap de\u011fil. Yazar hem\u015fireler, vasiyetler ve sosyal devlet politikas\u0131yla ge\u00e7en o g\u00fcnlere dair an\u0131lar\u0131n\u0131 sa\u011fl\u0131k sistemi, hasta bak\u0131m\u0131 ve \u00f6l\u00fcm sonras\u0131n\u0131n g\u00fcvencesiz ekonomisi \u00fczerine bir ara\u015ft\u0131rmayla birlikte ele al\u0131yor. An\u0131 ve polemi\u011fi feminist felsefeyle harmanlayan Brooker, Anne Boyer, Maggie Nelson, Donald Winnicott ve Sara Ahmed gibi yazarlardan da g\u00fc\u00e7 alarak hayati se\u00e7imler ve kar\u015f\u0131l\u0131kl\u0131 sorumluluklar gibi asli meselelerin alt\u0131n\u0131 \u00e7iziyor. B\u00f6ylece onurlu bir ya\u015fam hakk\u0131 i\u00e7in bamba\u015fka bir bak\u0131m felsefesi \u2013dolay\u0131s\u0131yla da bamba\u015fka toplum\u2013 hayal etmeye giri\u015fiyor.   E\u015fikler \u00f6yle s\u0131ra d\u0131\u015f\u0131 bir kitap ki hak etti\u011fi her t\u00fcrl\u00fc \u00fcst\u00fcn s\u0131fat kli\u015fe gibi geliyor. [\u2026] Alabildi\u011fine a\u00e7\u0131kl\u0131k ve hassasiyet sergileyen bu \u00f6fkeli, sevgi dolu, kederli ve derin kitap, radikal bir yarat\u0131c\u0131 eylem i\u00e7in muhte\u015fem bir ba\u015flang\u0131\u00e7 noktas\u0131.\u201d Alex Clark, Observer <\/p>\n","protected":false},"excerpt":{"rendered":"<p>\u0130yi bir \u00f6l\u00fcm ne demektir? Nas\u0131l iyi bir evlat olunur?.. 2009 y\u0131l\u0131nda, sert bir kemer s\u0131kma politikas\u0131 ufukta beklerken, kitab\u0131n yazar\u0131 Marianne Brooker\u2019\u0131n k\u0131rk ya\u015flar\u0131ndaki annesine<span class=\"excerpt-hellip\"> [\u2026]<\/span><\/p>\n","protected":false},"featured_media":0,"template":"","meta":{"_monsterinsights_skip_tracking":false,"_monsterinsights_sitenote_active":false,"_monsterinsights_sitenote_note":"","_monsterinsights_sitenote_category":0},"product_brand":[],"product_cat":[20351,12388],"product_tag":[],"class_list":{"0":"post-773180","1":"product","2":"type-product","3":"status-publish","5":"product_cat-dusunce","6":"product_cat-felsefe","7":"pa_cilt-ciltsiz","8":"pa_tur-kitap","9":"pa_yayinevi-yapi-kredi-yayinlari","10":"pa_yazar-marianne-brooker","12":"first","13":"instock","14":"sale","15":"shipping-taxable","16":"purchasable","17":"product-type-simple"},"_links":{"self":[{"href":"https:\/\/roveyayinevi.com.tr\/index.php\/wp-json\/wp\/v2\/product\/773180","targetHints":{"allow":["GET"]}}],"collection":[{"href":"https:\/\/roveyayinevi.com.tr\/index.php\/wp-json\/wp\/v2\/product"}],"about":[{"href":"https:\/\/roveyayinevi.com.tr\/index.php\/wp-json\/wp\/v2\/types\/product"}],"wp:attachment":[{"href":"https:\/\/roveyayinevi.com.tr\/index.php\/wp-json\/wp\/v2\/media?parent=773180"}],"wp:term":[{"taxonomy":"product_brand","embeddable":true,"href":"https:\/\/roveyayinevi.com.tr\/index.php\/wp-json\/wp\/v2\/product_brand?post=773180"},{"taxonomy":"product_cat","embeddable":true,"href":"https:\/\/roveyayinevi.com.tr\/index.php\/wp-json\/wp\/v2\/product_cat?post=773180"},{"taxonomy":"product_tag","embeddable":true,"href":"https:\/\/roveyayinevi.com.tr\/index.php\/wp-json\/wp\/v2\/product_tag?post=773180"}],"curies":[{"name":"wp","href":"https:\/\/api.w.org\/{rel}","templated":true}]}}