{"id":773179,"date":"2025-08-28T16:06:36","date_gmt":"2025-08-28T13:06:36","guid":{"rendered":"https:\/\/roveyayinevi.com.tr\/index.php\/urun\/hayir-ask-olmedi-secme-siirler\/"},"modified":"2026-04-15T03:39:24","modified_gmt":"2026-04-15T00:39:24","slug":"hayir-ask-olmedi-secme-siirler","status":"publish","type":"product","link":"https:\/\/roveyayinevi.com.tr\/index.php\/urun\/hayir-ask-olmedi-secme-siirler\/","title":{"rendered":"Hay\u0131r, A\u015fk \u00d6lmedi \u2013 Se\u00e7me \u015eiirler"},"content":{"rendered":"<p>Dinliyorum. Yaln\u0131zca bir insan sesi i\u015fte Ya\u015fam\u0131n ve sava\u015flar\u0131n g\u00fcmb\u00fcrt\u00fcs\u00fc, g\u00f6k g\u00fcr\u00fclt\u00fcleri Ve gevezelikler i\u00e7inden ge\u00e7ip gelmekte.   Ya siz? Siz i\u015fitmiyor musunuz? \u201cAc\u0131lar uzun s\u00fcrmeyecek\u201d diyor \u201cYaz bahar \u00e7ok yak\u0131n\u201d diyor.   \u0130\u015fitmiyor musunuz?                                                                     (1944)   T\u00fcm ger\u00e7ek\u00fcst\u00fcc\u00fcler gibi Robert Desnos da \u2018d\u00fczenden, ustan, gelenekten yana oldu\u011funu s\u00f6yleyen, ama ula\u015fa ula\u015fa sava\u015f\u0131n y\u0131k\u0131m\u0131na ula\u015fm\u0131\u015f olan\u2019 bir toplumun kar\u015f\u0131s\u0131nda, uzla\u015fmas\u0131z bir ba\u015fkald\u0131r\u0131n\u0131n ozan\u0131d\u0131r. Ne var ki kurulu d\u00fczene ba\u015fkald\u0131rarak, hi\u00e7 de\u011filse bo\u015f vererek d\u00fc\u015f\u00fcn, ola\u011fan\u00fcst\u00fcn\u00fcn, a\u015fk\u0131n t\u00fcrk\u00fcs\u00fcn\u00fc s\u00f6ylemesi bu toplumun bir \u00fcyesi, en az\u0131ndan bir \u00f6\u011fesi olmas\u0131n\u0131 \u00f6nlemez; tam tersine, kendisi ile \u00e7evresi aras\u0131ndaki \u00e7eli\u015fkiyi daha keskin, daha s\u0131z\u0131l\u0131 bir bi\u00e7imde duymas\u0131na yol a\u00e7ar: Bu toplumun bir \u00f6\u011fesidir, ama onun yabanc\u0131s\u0131d\u0131r da; \u00f6d\u00fcns\u00fcz, uzla\u015fmas\u0131z bir bi\u00e7imde ba\u015fkald\u0131r\u0131r, ama ba\u015fkald\u0131r\u0131 benli\u011finin ve yap\u0131t\u0131n\u0131n s\u0131n\u0131rlar\u0131n\u0131 a\u015fmaz; d\u00fcnyay\u0131 de\u011fi\u015ftirmeye, t\u00fcm zenginli\u011fiyle g\u00f6stermeye \u00e7al\u0131\u015f\u0131r, ama bunu yap\u0131t\u0131nda, imgelerinde ba\u015far\u0131r ancak. Tahsin Y\u00fccel <\/p>\n","protected":false},"excerpt":{"rendered":"<p>Dinliyorum. Yaln\u0131zca bir insan sesi i\u015fte Ya\u015fam\u0131n ve sava\u015flar\u0131n g\u00fcmb\u00fcrt\u00fcs\u00fc, g\u00f6k g\u00fcr\u00fclt\u00fcleri Ve gevezelikler i\u00e7inden ge\u00e7ip gelmekte. Ya siz? Siz i\u015fitmiyor musunuz? \u201cAc\u0131lar uzun s\u00fcrmeyecek\u201d diyor<span class=\"excerpt-hellip\"> [\u2026]<\/span><\/p>\n","protected":false},"featured_media":0,"template":"","meta":{"_monsterinsights_skip_tracking":false,"_monsterinsights_sitenote_active":false,"_monsterinsights_sitenote_note":"","_monsterinsights_sitenote_category":0},"product_brand":[],"product_cat":[12291,12509],"product_tag":[],"class_list":{"0":"post-773179","1":"product","2":"type-product","3":"status-publish","5":"product_cat-edebiyat","6":"product_cat-siir","7":"pa_cilt-ciltsiz","8":"pa_tur-kitap","9":"pa_yayinevi-yapi-kredi-yayinlari","10":"pa_yazar-robert-desnos","12":"first","13":"instock","14":"sale","15":"shipping-taxable","16":"purchasable","17":"product-type-simple"},"_links":{"self":[{"href":"https:\/\/roveyayinevi.com.tr\/index.php\/wp-json\/wp\/v2\/product\/773179","targetHints":{"allow":["GET"]}}],"collection":[{"href":"https:\/\/roveyayinevi.com.tr\/index.php\/wp-json\/wp\/v2\/product"}],"about":[{"href":"https:\/\/roveyayinevi.com.tr\/index.php\/wp-json\/wp\/v2\/types\/product"}],"wp:attachment":[{"href":"https:\/\/roveyayinevi.com.tr\/index.php\/wp-json\/wp\/v2\/media?parent=773179"}],"wp:term":[{"taxonomy":"product_brand","embeddable":true,"href":"https:\/\/roveyayinevi.com.tr\/index.php\/wp-json\/wp\/v2\/product_brand?post=773179"},{"taxonomy":"product_cat","embeddable":true,"href":"https:\/\/roveyayinevi.com.tr\/index.php\/wp-json\/wp\/v2\/product_cat?post=773179"},{"taxonomy":"product_tag","embeddable":true,"href":"https:\/\/roveyayinevi.com.tr\/index.php\/wp-json\/wp\/v2\/product_tag?post=773179"}],"curies":[{"name":"wp","href":"https:\/\/api.w.org\/{rel}","templated":true}]}}