{"id":773176,"date":"2025-08-28T16:06:29","date_gmt":"2025-08-28T13:06:29","guid":{"rendered":"https:\/\/roveyayinevi.com.tr\/index.php\/urun\/medusanin-olu-kumlari-4\/"},"modified":"2026-04-15T03:39:24","modified_gmt":"2026-04-15T00:39:24","slug":"medusanin-olu-kumlari-4","status":"publish","type":"product","link":"https:\/\/roveyayinevi.com.tr\/index.php\/urun\/medusanin-olu-kumlari-4\/","title":{"rendered":"Medusa\u2019n\u0131n \u00d6l\u00fc Kumlar\u0131 -4"},"content":{"rendered":"<p>Can\u0131ndan daha \u00e7ok sevdi\u011fi birinin kayb\u0131n\u0131 ya\u015fayan Elzem, intikam u\u011fruna yeni bir yolculu\u011fa daha \u00e7\u0131kar ve bu onun son yolculu\u011fudur. \u00c7\u0131kt\u0131\u011f\u0131 bu macerada varolu\u015f sebebinin s\u0131rlar\u0131n\u0131 \u00f6\u011frendi\u011finde ise her \u015fey k\u00f6k\u00fcnden sars\u0131lmak \u00fczeredir. Art\u0131k sona gelmi\u015ftir ve elinde kalan son \u015feyin, yani kendi hayat\u0131n\u0131n \u00fczerine b\u00fcy\u00fck bir kumar oynar. Araf\u2019taki t\u00fcm \u00f6l\u00fcms\u00fczlerin sonunu getirecek bir i\u015fe kalk\u0131\u015ft\u0131\u011f\u0131nda bunun bir d\u00f6n\u00fc\u015f\u00fc olmad\u0131\u011f\u0131n\u0131 bilir ancak yapmak zorundad\u0131r. Onun art\u0131k Tanr\u0131lardan ve Araf halk\u0131ndan bir alaca\u011f\u0131 vard\u0131r, ya her \u015feyi kaybedecektir ya da istedi\u011fi her \u015feyi elde edecektir. \u201cBEN YA BU D\u00dcZEN\u0130 BOZACAKTIM YA DA ASLA ALI\u015eMAYACAKTIM.\u201d<\/p>\n","protected":false},"excerpt":{"rendered":"<p>Can\u0131ndan daha \u00e7ok sevdi\u011fi birinin kayb\u0131n\u0131 ya\u015fayan Elzem, intikam u\u011fruna yeni bir yolculu\u011fa daha \u00e7\u0131kar ve bu onun son yolculu\u011fudur. \u00c7\u0131kt\u0131\u011f\u0131 bu macerada varolu\u015f sebebinin s\u0131rlar\u0131n\u0131<span class=\"excerpt-hellip\"> [\u2026]<\/span><\/p>\n","protected":false},"featured_media":0,"template":"","meta":{"_monsterinsights_skip_tracking":false,"_monsterinsights_sitenote_active":false,"_monsterinsights_sitenote_note":"","_monsterinsights_sitenote_category":0},"product_brand":[],"product_cat":[12291,12711],"product_tag":[],"class_list":{"0":"post-773176","1":"product","2":"type-product","3":"status-publish","5":"product_cat-edebiyat","6":"product_cat-roman-oyku","7":"pa_cilt-ciltsiz","8":"pa_tur-kitap","9":"pa_yayinevi-ephesus-yayinlari","10":"pa_yazar-maral-atmaca","12":"first","13":"instock","14":"sale","15":"shipping-taxable","16":"purchasable","17":"product-type-simple"},"_links":{"self":[{"href":"https:\/\/roveyayinevi.com.tr\/index.php\/wp-json\/wp\/v2\/product\/773176","targetHints":{"allow":["GET"]}}],"collection":[{"href":"https:\/\/roveyayinevi.com.tr\/index.php\/wp-json\/wp\/v2\/product"}],"about":[{"href":"https:\/\/roveyayinevi.com.tr\/index.php\/wp-json\/wp\/v2\/types\/product"}],"wp:attachment":[{"href":"https:\/\/roveyayinevi.com.tr\/index.php\/wp-json\/wp\/v2\/media?parent=773176"}],"wp:term":[{"taxonomy":"product_brand","embeddable":true,"href":"https:\/\/roveyayinevi.com.tr\/index.php\/wp-json\/wp\/v2\/product_brand?post=773176"},{"taxonomy":"product_cat","embeddable":true,"href":"https:\/\/roveyayinevi.com.tr\/index.php\/wp-json\/wp\/v2\/product_cat?post=773176"},{"taxonomy":"product_tag","embeddable":true,"href":"https:\/\/roveyayinevi.com.tr\/index.php\/wp-json\/wp\/v2\/product_tag?post=773176"}],"curies":[{"name":"wp","href":"https:\/\/api.w.org\/{rel}","templated":true}]}}