{"id":773175,"date":"2025-08-28T16:06:28","date_gmt":"2025-08-28T13:06:28","guid":{"rendered":"https:\/\/roveyayinevi.com.tr\/index.php\/urun\/amerikanin-gercek-kasifleri\/"},"modified":"2026-04-15T03:39:24","modified_gmt":"2026-04-15T00:39:24","slug":"amerikanin-gercek-kasifleri","status":"publish","type":"product","link":"https:\/\/roveyayinevi.com.tr\/index.php\/urun\/amerikanin-gercek-kasifleri\/","title":{"rendered":"Amerika\u2019n\u0131n Ger\u00e7ek Ka\u015fifleri"},"content":{"rendered":"<p>Kitap, k\u0131tan\u0131n son kez ke\u015ffi olan 1492 tarihinden \u00f6nce Amerika\u2019y\u0131 ke\u015ffetmi\u015f ve o muazzam topraklara yerle\u015fmi\u015f kavimleri ve uygarl\u0131klar\u0131 anlat\u0131yor. Bu bilinen ama anlat\u0131lmayan, kabul edilen ama hi\u00e7 olmam\u0131\u015f gibi davran\u0131lan tarih, kaynaklar\u0131yla ve s\u00fcr\u00fckleyici bir dille ortaya konuyor.   Olduk\u00e7a ilgi \u00e7ekici bir konuyu i\u015fleyen kitap, ayr\u0131ca Sediyani\u2019nin kendine \u00f6zg\u00fc \u00fcslubuyla okurlar\u0131n dama\u011f\u0131nda farkl\u0131 bir tat b\u0131rak\u0131yor. Kitapta Avrupal\u0131lar\u2019\u0131n 1492 y\u0131l\u0131ndaki gidi\u015finden binlerce ve y\u00fczlerce y\u0131l \u00f6nce \u015fu kavimlerin ve uygarl\u0131klar\u0131n k\u0131taya gidip ayak bast\u0131klar\u0131, hatta o kadim topraklarda yeni uygarl\u0131klar\u0131n temelini att\u0131klar\u0131 bilimsel kan\u0131tlar\u0131yla ortaya konuyor: Sibiryal\u0131lar, Afrikal\u0131lar, Kafkasyal\u0131lar, M\u0131s\u0131rl\u0131lar, \u00c7inliler, Japonlar, Fenikeliler, Mezopotamyal\u0131lar, Hindistanl\u0131lar, \u0130rlandal\u0131lar, M\u00fcsl\u00fcmanlar, Vikingler, Polinezyal\u0131lar, Gallerliler, Yeni Gineliler, Malili M\u00fcsl\u00fcmanlar, \u00c7inli M\u00fcsl\u00fcmanlar, Baskl\u0131lar ve son kez M\u00fcsl\u00fcmanlar.   Yazar\u0131n ayr\u0131ca: \u201cAd\u0131n\u0131 Arayan Co\u011frafya\u201d adl\u0131 ara\u015ft\u0131rma kitab\u0131, \u201cG\u00fclistan\u201d adl\u0131 \u015fiir kitab\u0131, \u201cGuldexw\u00een\u201d adl\u0131 \u00e7ocuk kitab\u0131, \u201cB\u00fct\u00fcn Y\u00f6nleriyle \u015eeyh Said K\u0131yam\u0131\u201d (2 cilt) adl\u0131 ara\u015ft\u0131rma kitab\u0131, \u201cS\u00f6zlerim Var Sevgiye Dair\u201d adl\u0131 deneme kitab\u0131, \u201cSiyah Devrim\u201d adl\u0131 d\u00fc\u015f\u00fcnce kitab\u0131, \u201cAyd\u0131n Duru\u015fu ve Erdemli Olmak\u201d adl\u0131 d\u00fc\u015f\u00fcnce kitab\u0131, \u201cFrizya ve G\u00fcn\u00fcm\u00fczde Frizler\u201d adl\u0131 ara\u015ft\u0131rma kitab\u0131, \u201cKad\u0131n Peygamberler\u201d (3 cilt) adl\u0131 ara\u015ft\u0131rma kitab\u0131, \u201cDie Verlorenen L\u00e4nder Europas\u201d adl\u0131 ara\u015ft\u0131rma kitab\u0131 ve \u201cWikinger: Horden aus dem Norden\u201d adl\u0131 ara\u015ft\u0131rma kitab\u0131 bulunuyor. <\/p>\n","protected":false},"excerpt":{"rendered":"<p>Kitap, k\u0131tan\u0131n son kez ke\u015ffi olan 1492 tarihinden \u00f6nce Amerika\u2019y\u0131 ke\u015ffetmi\u015f ve o muazzam topraklara yerle\u015fmi\u015f kavimleri ve uygarl\u0131klar\u0131 anlat\u0131yor. Bu bilinen ama anlat\u0131lmayan, kabul edilen<span class=\"excerpt-hellip\"> [\u2026]<\/span><\/p>\n","protected":false},"featured_media":0,"template":"","meta":{"_monsterinsights_skip_tracking":false,"_monsterinsights_sitenote_active":false,"_monsterinsights_sitenote_note":"","_monsterinsights_sitenote_category":0},"product_brand":[],"product_cat":[12370,12304],"product_tag":[],"class_list":{"0":"post-773175","1":"product","2":"type-product","3":"status-publish","5":"product_cat-arastirma-inceleme","6":"product_cat-tarih","7":"pa_cilt-ciltsiz","8":"pa_tur-kitap","9":"pa_yayinevi-us-yayinlari","10":"pa_yazar-ibrahim-sediyani","12":"first","13":"instock","14":"sale","15":"shipping-taxable","16":"purchasable","17":"product-type-simple"},"_links":{"self":[{"href":"https:\/\/roveyayinevi.com.tr\/index.php\/wp-json\/wp\/v2\/product\/773175","targetHints":{"allow":["GET"]}}],"collection":[{"href":"https:\/\/roveyayinevi.com.tr\/index.php\/wp-json\/wp\/v2\/product"}],"about":[{"href":"https:\/\/roveyayinevi.com.tr\/index.php\/wp-json\/wp\/v2\/types\/product"}],"wp:attachment":[{"href":"https:\/\/roveyayinevi.com.tr\/index.php\/wp-json\/wp\/v2\/media?parent=773175"}],"wp:term":[{"taxonomy":"product_brand","embeddable":true,"href":"https:\/\/roveyayinevi.com.tr\/index.php\/wp-json\/wp\/v2\/product_brand?post=773175"},{"taxonomy":"product_cat","embeddable":true,"href":"https:\/\/roveyayinevi.com.tr\/index.php\/wp-json\/wp\/v2\/product_cat?post=773175"},{"taxonomy":"product_tag","embeddable":true,"href":"https:\/\/roveyayinevi.com.tr\/index.php\/wp-json\/wp\/v2\/product_tag?post=773175"}],"curies":[{"name":"wp","href":"https:\/\/api.w.org\/{rel}","templated":true}]}}