{"id":773173,"date":"2025-08-28T16:06:22","date_gmt":"2025-08-28T13:06:22","guid":{"rendered":"https:\/\/roveyayinevi.com.tr\/index.php\/urun\/medusanin-olu-kumlari-4-yan-boyamali-hediyeli-tekli-kutu\/"},"modified":"2026-04-15T03:39:24","modified_gmt":"2026-04-15T00:39:24","slug":"medusanin-olu-kumlari-4-yan-boyamali-hediyeli-tekli-kutu","status":"publish","type":"product","link":"https:\/\/roveyayinevi.com.tr\/index.php\/urun\/medusanin-olu-kumlari-4-yan-boyamali-hediyeli-tekli-kutu\/","title":{"rendered":"Medusa\u2019n\u0131n \u00d6l\u00fc Kumlar\u0131 &#8211; 4  (Yan Boyamal\u0131 &#8211; Hediyeli Tekli Kutu)"},"content":{"rendered":"<p>\u0130\u00c7\u0130NDEK\u0130LER: Medusa\u2019n\u0131n \u00d6l\u00fc Kumlar\u0131 4 (Ciltli Yan Boyamal\u0131) \u00d6zel Tasar\u0131m Ciltli Defter Hologram Ayra\u00e7 (1 Adet) Klan Kart\u0131 (2 adet) Poster \u00d6zel Kesim Ayra\u00e7<\/p>\n","protected":false},"excerpt":{"rendered":"<p>\u0130\u00c7\u0130NDEK\u0130LER: Medusa\u2019n\u0131n \u00d6l\u00fc Kumlar\u0131 4 (Ciltli Yan Boyamal\u0131) \u00d6zel Tasar\u0131m Ciltli Defter Hologram Ayra\u00e7 (1 Adet) Klan Kart\u0131 (2 adet) Poster \u00d6zel Kesim Ayra\u00e7<\/p>\n","protected":false},"featured_media":0,"template":"","meta":{"_monsterinsights_skip_tracking":false,"_monsterinsights_sitenote_active":false,"_monsterinsights_sitenote_note":"","_monsterinsights_sitenote_category":0},"product_brand":[],"product_cat":[12291,12711],"product_tag":[],"class_list":{"0":"post-773173","1":"product","2":"type-product","3":"status-publish","5":"product_cat-edebiyat","6":"product_cat-roman-oyku","7":"pa_cilt-ciltli","8":"pa_tur-kitap","9":"pa_yayinevi-ephesus-travel-yayinlari","10":"pa_yazar-maral-atmaca","12":"first","13":"instock","14":"sale","15":"shipping-taxable","16":"purchasable","17":"product-type-simple"},"_links":{"self":[{"href":"https:\/\/roveyayinevi.com.tr\/index.php\/wp-json\/wp\/v2\/product\/773173","targetHints":{"allow":["GET"]}}],"collection":[{"href":"https:\/\/roveyayinevi.com.tr\/index.php\/wp-json\/wp\/v2\/product"}],"about":[{"href":"https:\/\/roveyayinevi.com.tr\/index.php\/wp-json\/wp\/v2\/types\/product"}],"wp:attachment":[{"href":"https:\/\/roveyayinevi.com.tr\/index.php\/wp-json\/wp\/v2\/media?parent=773173"}],"wp:term":[{"taxonomy":"product_brand","embeddable":true,"href":"https:\/\/roveyayinevi.com.tr\/index.php\/wp-json\/wp\/v2\/product_brand?post=773173"},{"taxonomy":"product_cat","embeddable":true,"href":"https:\/\/roveyayinevi.com.tr\/index.php\/wp-json\/wp\/v2\/product_cat?post=773173"},{"taxonomy":"product_tag","embeddable":true,"href":"https:\/\/roveyayinevi.com.tr\/index.php\/wp-json\/wp\/v2\/product_tag?post=773173"}],"curies":[{"name":"wp","href":"https:\/\/api.w.org\/{rel}","templated":true}]}}