{"id":773167,"date":"2025-08-28T16:06:08","date_gmt":"2025-08-28T13:06:08","guid":{"rendered":"https:\/\/roveyayinevi.com.tr\/index.php\/urun\/gocerlikten-aktif-yurttasliga\/"},"modified":"2026-01-29T04:13:19","modified_gmt":"2026-01-29T01:13:19","slug":"gocerlikten-aktif-yurttasliga","status":"publish","type":"product","link":"https:\/\/roveyayinevi.com.tr\/index.php\/urun\/gocerlikten-aktif-yurttasliga\/","title":{"rendered":"G\u00f6\u00e7erlikten Aktif Yurtta\u015fl\u0131\u011fa"},"content":{"rendered":"<p>2021\u2019de yay\u0131mlanan Avustralya n\u00fcfus istatistiklerinde 32.892 T\u00fcrk k\u00f6kenli, 1.657 K\u00fcrt k\u00f6kenli, 896 Ermeni k\u00f6kenli, 1.341 Avustralya k\u00f6kenli, 766 \u0130ngiliz k\u00f6kenli T\u00fcrkiye do\u011fumlu oldu\u011funu s\u00f6yleyen, toplamda 37.552 ki\u015fiyi bulan n\u00fcfusla birlikte 87.164 T\u00fcrk k\u00fclt\u00fcrel kimli\u011findeki n\u00fcfusun Avustralya\u2019da ya\u015fad\u0131\u011f\u0131 kay\u0131t alt\u0131na al\u0131nm\u0131\u015ft\u0131r. Bu k\u00fclt\u00fcrel kimlik, bir\u00e7ok ara\u015ft\u0131rman\u0131n konusu olmu\u015ftur. Sidney \u00dcniversitesi, Asya Pasifik G\u00f6\u00e7 Merkezi b\u00fcnyesinde y\u00fcr\u00fct\u00fclen \u00f6zg\u00fcn sosyolojik bir ara\u015ft\u0131rman\u0131n \u00fcr\u00fcn\u00fc olan bu kitapta ise T\u00fcrkiye\u2019de hayal eden, Avustralya\u2019da bu hayalleri ger\u00e7ekle\u015ftirmeye \u00e7al\u0131\u015fan T\u00fcrkiyeli g\u00f6\u00e7erler ve onlar\u0131n \u00e7ocuklar\u0131, torunlar\u0131 konu edilmi\u015ftir. Avustralya\u2019da yakla\u015f\u0131k 100 y\u0131l\u0131 a\u015fan s\u00fcre\u00e7teki ya\u015famlar\u0131n\u0131n G\u00f6\u00e7erlikten Aktif Yurtta\u015fl\u0131\u011fa do\u011fru nas\u0131l d\u00f6n\u00fc\u015ft\u00fc\u011f\u00fcn\u00fc merak eden okuyucular bu kitaba ilgi g\u00f6stereceklerdir. \u00d6zellikle kendi deneyimlerinden geli\u015f ama\u00e7lar\u0131na, ama\u00e7lar\u0131n\u0131 ger\u00e7ekle\u015ftirme pratiklerine, Avustralya\u2019n\u0131n onlara yans\u0131ma durumlar\u0131na, aktif yurtta\u015fl\u0131k durumlar\u0131na ve ya\u015fam doyumlar\u0131na ili\u015fkin aktard\u0131klar\u0131, kitap boyunda bu ilginin okuyucuda canl\u0131 kalmas\u0131n\u0131 sa\u011flayacakt\u0131r&#8230; <\/p>\n","protected":false},"excerpt":{"rendered":"<p>2021\u2019de yay\u0131mlanan Avustralya n\u00fcfus istatistiklerinde 32.892 T\u00fcrk k\u00f6kenli, 1.657 K\u00fcrt k\u00f6kenli, 896 Ermeni k\u00f6kenli, 1.341 Avustralya k\u00f6kenli, 766 \u0130ngiliz k\u00f6kenli T\u00fcrkiye do\u011fumlu oldu\u011funu s\u00f6yleyen, toplamda 37.552<span class=\"excerpt-hellip\"> [\u2026]<\/span><\/p>\n","protected":false},"featured_media":0,"template":"","meta":{"_monsterinsights_skip_tracking":false,"_monsterinsights_sitenote_active":false,"_monsterinsights_sitenote_note":"","_monsterinsights_sitenote_category":0},"product_brand":[],"product_cat":[12325,12324],"product_tag":[],"class_list":{"0":"post-773167","1":"product","2":"type-product","3":"status-publish","5":"product_cat-diger-sosyoloji","6":"product_cat-sosyoloji","7":"pa_cilt-ciltsiz","8":"pa_tur-kitap","9":"pa_yayinevi-utopya-yayinevi","10":"pa_yazar-kemal-dil","12":"first","13":"instock","14":"sale","15":"shipping-taxable","16":"purchasable","17":"product-type-simple"},"_links":{"self":[{"href":"https:\/\/roveyayinevi.com.tr\/index.php\/wp-json\/wp\/v2\/product\/773167","targetHints":{"allow":["GET"]}}],"collection":[{"href":"https:\/\/roveyayinevi.com.tr\/index.php\/wp-json\/wp\/v2\/product"}],"about":[{"href":"https:\/\/roveyayinevi.com.tr\/index.php\/wp-json\/wp\/v2\/types\/product"}],"wp:attachment":[{"href":"https:\/\/roveyayinevi.com.tr\/index.php\/wp-json\/wp\/v2\/media?parent=773167"}],"wp:term":[{"taxonomy":"product_brand","embeddable":true,"href":"https:\/\/roveyayinevi.com.tr\/index.php\/wp-json\/wp\/v2\/product_brand?post=773167"},{"taxonomy":"product_cat","embeddable":true,"href":"https:\/\/roveyayinevi.com.tr\/index.php\/wp-json\/wp\/v2\/product_cat?post=773167"},{"taxonomy":"product_tag","embeddable":true,"href":"https:\/\/roveyayinevi.com.tr\/index.php\/wp-json\/wp\/v2\/product_tag?post=773167"}],"curies":[{"name":"wp","href":"https:\/\/api.w.org\/{rel}","templated":true}]}}