{"id":773166,"date":"2025-08-28T16:06:07","date_gmt":"2025-08-28T13:06:07","guid":{"rendered":"https:\/\/roveyayinevi.com.tr\/index.php\/urun\/sozcukler-dergisi-sayi-116-temmuz-agustos-2025\/"},"modified":"2026-04-15T03:39:24","modified_gmt":"2026-04-15T00:39:24","slug":"sozcukler-dergisi-sayi-116-temmuz-agustos-2025","status":"publish","type":"product","link":"https:\/\/roveyayinevi.com.tr\/index.php\/urun\/sozcukler-dergisi-sayi-116-temmuz-agustos-2025\/","title":{"rendered":"S\u00f6zc\u00fckler Dergisi Say\u0131 &#8211; 116 (Temmuz-A\u011fustos 2025)"},"content":{"rendered":"<p>Her \u015eairin Y\u00fcre\u011finde N\u00e2z\u0131m Hikmet  \/ H\u00fcseyin Ferhad M\u00fcbadele, \u00c7ocukluk ve E\u011fitim Y\u0131llar\u0131 \/  Cevat \u00c7apan Osman Necmi G\u00fcrmen\u2019in Romanlar\u0131 \/  O\u011fuz DemiralpOkuma G\u00fcnl\u00fc\u011f\u00fc   \/  Eray Canberk  Cumhuriyeti Kuran \u015eiir    \/  Tahir Abac\u0131 Ben\u2019den Ben\u2019e \u015eiirler   \/  Zeki Z. K\u0131rm\u0131z\u0131 Mitoloji &#8211; Masal Ekseninde Beden ve Ruh   \/  Canan Domurcakl\u0131Bir Antoloji Tart\u0131\u015fmas\u0131    \/   Olcay Ta\u015fl\u0131Vapur D\u00fcd\u00fc\u011f\u00fc Pe\u015finde    \/  Fatin Hazinedar\u0130lk M\u00fcstehcenlik Davas\u0131     \/  \u015eeref \u00d6zsoyR\u0131fat Ilgaz, K\u0131rkl\u0131 Y\u0131llar   \/  Atilla Birkiye\u015eiirleriyle, Cevat \u00c7apan, Konstantinos Karyotakis, Nihat Ziyalan, \u0130simsiz, Louise Gl\u00fcck, Ya\u015far Mira\u00e7, Akg\u00fcn Akova, Mehmet Ya\u015f\u0131n, O\u011fuzhan Akay, Zarife Biliz, Emin Kaya, Umut \u00dcnalan, Sheikha Helawy, Damla Koruk, Nadya Popova.\u00d6yk\u00fcs\u00fcyle, Nurg\u00f6k \u00d6zkale<\/p>\n","protected":false},"excerpt":{"rendered":"<p>Her \u015eairin Y\u00fcre\u011finde N\u00e2z\u0131m Hikmet \/ H\u00fcseyin Ferhad M\u00fcbadele, \u00c7ocukluk ve E\u011fitim Y\u0131llar\u0131 \/ Cevat \u00c7apan Osman Necmi G\u00fcrmen\u2019in Romanlar\u0131 \/ O\u011fuz DemiralpOkuma G\u00fcnl\u00fc\u011f\u00fc \/ Eray<span class=\"excerpt-hellip\"> [\u2026]<\/span><\/p>\n","protected":false},"featured_media":0,"template":"","meta":{"_monsterinsights_skip_tracking":false,"_monsterinsights_sitenote_active":false,"_monsterinsights_sitenote_note":"","_monsterinsights_sitenote_category":0},"product_brand":[],"product_cat":[30023,13527],"product_tag":[],"class_list":{"0":"post-773166","1":"product","2":"type-product","3":"status-publish","5":"product_cat-edebiyat-sureli-yayinlar","6":"product_cat-sureli-yayinlar","7":"pa_cilt-ciltsiz","8":"pa_tur-dergi","9":"pa_yayinevi-sozcukler-yayinlari","10":"pa_yazar-kolektif","12":"first","13":"instock","14":"sale","15":"shipping-taxable","16":"purchasable","17":"product-type-simple"},"_links":{"self":[{"href":"https:\/\/roveyayinevi.com.tr\/index.php\/wp-json\/wp\/v2\/product\/773166","targetHints":{"allow":["GET"]}}],"collection":[{"href":"https:\/\/roveyayinevi.com.tr\/index.php\/wp-json\/wp\/v2\/product"}],"about":[{"href":"https:\/\/roveyayinevi.com.tr\/index.php\/wp-json\/wp\/v2\/types\/product"}],"wp:attachment":[{"href":"https:\/\/roveyayinevi.com.tr\/index.php\/wp-json\/wp\/v2\/media?parent=773166"}],"wp:term":[{"taxonomy":"product_brand","embeddable":true,"href":"https:\/\/roveyayinevi.com.tr\/index.php\/wp-json\/wp\/v2\/product_brand?post=773166"},{"taxonomy":"product_cat","embeddable":true,"href":"https:\/\/roveyayinevi.com.tr\/index.php\/wp-json\/wp\/v2\/product_cat?post=773166"},{"taxonomy":"product_tag","embeddable":true,"href":"https:\/\/roveyayinevi.com.tr\/index.php\/wp-json\/wp\/v2\/product_tag?post=773166"}],"curies":[{"name":"wp","href":"https:\/\/api.w.org\/{rel}","templated":true}]}}