{"id":773162,"date":"2025-08-28T16:05:58","date_gmt":"2025-08-28T13:05:58","guid":{"rendered":"https:\/\/roveyayinevi.com.tr\/index.php\/urun\/bauman-ile-sohbetler\/"},"modified":"2026-04-15T03:39:24","modified_gmt":"2026-04-15T00:39:24","slug":"bauman-ile-sohbetler","status":"publish","type":"product","link":"https:\/\/roveyayinevi.com.tr\/index.php\/urun\/bauman-ile-sohbetler\/","title":{"rendered":"Bauman ile Sohbetler"},"content":{"rendered":"<p>Elinizdeki kitab\u0131n u\u0308\u00e7 ana amac\u0131 var. Eserleri dilimizde de bu\u0308yu\u0308k bir kar\u015f\u0131l\u0131k bulan Zygmunt Bauman\u2019\u0131n \u00e7a\u011fda\u015f toplumsal du\u0308\u015fu\u0308nceye yapt\u0131\u011f\u0131 katk\u0131lar\u0131n ve metinlerindeki derin mesajlarla \u00f6ne \u00e7\u0131kan temalar\u0131n \u00f6zetini \u00e7\u0131karmak bunlardan birincisi.   \u0130kincisi, Bauman\u2019\u0131n fikirlerini okura daha rahat bir \u015fekilde sunmas\u0131n\u0131 sa\u011flayacak bir ba\u011flam olu\u015fturmak. Okurla Bauman\u2019\u0131n ki\u015fili\u011fi, eserleri, du\u0308\u015fu\u0308nceleri ve temalar\u0131 aras\u0131nda kar\u015f\u0131l\u0131kl\u0131 bir diyalog zemini yaratmak.   \u00dc\u00e7u\u0308ncu\u0308 olarak da Bauman\u2019\u0131n yazd\u0131\u011f\u0131 metinlerin \u00e7\u0131kt\u0131klar\u0131 ba\u011f\u0131ms\u0131z yolculuklar, yeni anlamlar kazanmalar\u0131 ve besledikleri tart\u0131\u015fmalar u\u0308zerine. B\u00f6ylece okurlara Bauman\u2019\u0131n kimli\u011fi, du\u0308\u015fu\u0308nceleri ve metinleri hakk\u0131nda tan\u0131t\u0131c\u0131 ve anlamland\u0131r\u0131c\u0131 bir girizg\u00e2h sunmay\u0131 hedefleyen kitap, her Bauman severin ba\u015fucu eserine d\u00f6nu\u0308\u015febilecek nitelikte. Onunla ilk kez tan\u0131\u015fanlar\u0131n yan\u0131 s\u0131ra ilk eserlerinden bugu\u0308ne tu\u0308mu\u0308nu\u0308 okuyanlar\u0131n da i\u00e7inde \u00f6nemli \u015feyler bulaca\u011f\u0131 bir \u00e7er\u00e7eve sunuyor. <\/p>\n","protected":false},"excerpt":{"rendered":"<p>Elinizdeki kitab\u0131n u\u0308\u00e7 ana amac\u0131 var. Eserleri dilimizde de bu\u0308yu\u0308k bir kar\u015f\u0131l\u0131k bulan Zygmunt Bauman\u2019\u0131n \u00e7a\u011fda\u015f toplumsal du\u0308\u015fu\u0308nceye yapt\u0131\u011f\u0131 katk\u0131lar\u0131n ve metinlerindeki derin mesajlarla \u00f6ne \u00e7\u0131kan<span class=\"excerpt-hellip\"> [\u2026]<\/span><\/p>\n","protected":false},"featured_media":0,"template":"","meta":{"_monsterinsights_skip_tracking":false,"_monsterinsights_sitenote_active":false,"_monsterinsights_sitenote_note":"","_monsterinsights_sitenote_category":0},"product_brand":[],"product_cat":[12364,12826],"product_tag":[],"class_list":{"0":"post-773162","1":"product","2":"type-product","3":"status-publish","5":"product_cat-genel-konular","6":"product_cat-soylesi","7":"pa_cilt-ciltsiz","8":"pa_tur-kitap","9":"pa_yayinevi-ayrinti-yayinlari","10":"pa_yazar-zygmunt-bauman-keith-tester","12":"first","13":"instock","14":"sale","15":"shipping-taxable","16":"purchasable","17":"product-type-simple"},"_links":{"self":[{"href":"https:\/\/roveyayinevi.com.tr\/index.php\/wp-json\/wp\/v2\/product\/773162","targetHints":{"allow":["GET"]}}],"collection":[{"href":"https:\/\/roveyayinevi.com.tr\/index.php\/wp-json\/wp\/v2\/product"}],"about":[{"href":"https:\/\/roveyayinevi.com.tr\/index.php\/wp-json\/wp\/v2\/types\/product"}],"wp:attachment":[{"href":"https:\/\/roveyayinevi.com.tr\/index.php\/wp-json\/wp\/v2\/media?parent=773162"}],"wp:term":[{"taxonomy":"product_brand","embeddable":true,"href":"https:\/\/roveyayinevi.com.tr\/index.php\/wp-json\/wp\/v2\/product_brand?post=773162"},{"taxonomy":"product_cat","embeddable":true,"href":"https:\/\/roveyayinevi.com.tr\/index.php\/wp-json\/wp\/v2\/product_cat?post=773162"},{"taxonomy":"product_tag","embeddable":true,"href":"https:\/\/roveyayinevi.com.tr\/index.php\/wp-json\/wp\/v2\/product_tag?post=773162"}],"curies":[{"name":"wp","href":"https:\/\/api.w.org\/{rel}","templated":true}]}}