{"id":773161,"date":"2025-08-28T16:05:57","date_gmt":"2025-08-28T13:05:57","guid":{"rendered":"https:\/\/roveyayinevi.com.tr\/index.php\/urun\/yeni-muhafazakarlik-neo-conlar\/"},"modified":"2026-04-15T03:39:24","modified_gmt":"2026-04-15T00:39:24","slug":"yeni-muhafazakarlik-neo-conlar","status":"publish","type":"product","link":"https:\/\/roveyayinevi.com.tr\/index.php\/urun\/yeni-muhafazakarlik-neo-conlar\/","title":{"rendered":"Yeni Muhafazakarl\u0131k \u2013 Neo-Conlar"},"content":{"rendered":"<p>George W. Bush\u2019un, baz\u0131 siyaset bilimciler taraf\u0131ndan \u201cdarbe\u201d olarak da nitelendirilen bir se\u00e7imle (20 Ocak 2001) ABD ba\u015fkanl\u0131\u011f\u0131na getirilmesi, ayn\u0131 zamanda yeni muhafazak\u00e2rlar\u0131n da H\u0131ristiyan k\u00f6ktencilerle ittifak halinde ilk kez ve do\u011frudan iktidara ula\u015fmalar\u0131n\u0131 sa\u011fl\u0131yordu. Ancak yeni muhafazak\u00e2rlar\u0131n Amerikan elitinin \u00fczerindeki etkinli\u011fi Bush y\u00f6netimiyle s\u0131n\u0131rl\u0131 olamayacak bir geni\u015flik ve tarihsel derinli\u011fe sahipti. K\u00f6kleri 1960\u2019l\u0131 y\u0131llara kadar gidiyordu. T\u00fcrkiye\u2019de ise Recep Tayyip Erdo\u011fan \u201cdarbe\u201d olarak nitelendirilebilecek bir se\u00e7imle Ba\u015fbakan oldu. B\u00f6ylece \u201c\u0131l\u0131ml\u0131 \u0130slam\u201d denilen bir siyasal \u0130slamc\u0131 hareket T\u00fcrkiye\u2019de ilk kez do\u011frudan iktidara ula\u015f\u0131yordu. T\u0131pk\u0131 ABD\u2019de oldu\u011fu gibi onlar\u0131n da k\u00f6kleri 1960\u2019l\u0131 y\u0131llara kadar gidiyordu&#8230; \u0130\u015fte bu ba\u011flant\u0131lar nedeniyle AKP\u2019nin ortaya att\u0131\u011f\u0131 \u201cmuhafazak\u00e2r demokrasi\u201d kavram\u0131 Avrupa muhafazak\u00e2rl\u0131\u011f\u0131ndan \u00e7ok, Amerikan yeni muhafazak\u00e2rl\u0131\u011f\u0131na daha yak\u0131n duruyor. Merdan Yanarda\u011f g\u00f6zden ge\u00e7irip geni\u015fletti\u011fi Yeni Muhafazak\u00e2rl\u0131k Neo-Conlar \u2013 D\u00fcnyada ve T\u00fcrkiye\u2019de Post-Modern Gericilik adl\u0131 \u00e7al\u0131\u015fmas\u0131nda, ABD ve T\u00fcrkiye\u2019nin i\u00e7-d\u0131\u015f politikas\u0131n\u0131n yeniden yap\u0131lanmas\u0131nda \u00f6nemli rol oynayan yeni muhafazak\u00e2rl\u0131k konusunu felsefi, siyasal, tarihsel ve \u00f6rg\u00fctsel d\u00fczeyleriyle ele al\u0131yor. <\/p>\n","protected":false},"excerpt":{"rendered":"<p>George W. Bush\u2019un, baz\u0131 siyaset bilimciler taraf\u0131ndan \u201cdarbe\u201d olarak da nitelendirilen bir se\u00e7imle (20 Ocak 2001) ABD ba\u015fkanl\u0131\u011f\u0131na getirilmesi, ayn\u0131 zamanda yeni muhafazak\u00e2rlar\u0131n da H\u0131ristiyan k\u00f6ktencilerle<span class=\"excerpt-hellip\"> [\u2026]<\/span><\/p>\n","protected":false},"featured_media":0,"template":"","meta":{"_monsterinsights_skip_tracking":false,"_monsterinsights_sitenote_active":false,"_monsterinsights_sitenote_note":"","_monsterinsights_sitenote_category":0},"product_brand":[],"product_cat":[13590,12337],"product_tag":[],"class_list":{"0":"post-773161","1":"product","2":"type-product","3":"status-publish","5":"product_cat-arastirma-inceleme-politika-siyaset","6":"product_cat-politika-siyaset","7":"pa_cilt-ciltsiz","8":"pa_tur-kitap","9":"pa_yayinevi-kirmizi-kedi-yayinevi","10":"pa_yazar-merdan-yanardag","12":"first","13":"instock","14":"sale","15":"shipping-taxable","16":"purchasable","17":"product-type-simple"},"_links":{"self":[{"href":"https:\/\/roveyayinevi.com.tr\/index.php\/wp-json\/wp\/v2\/product\/773161","targetHints":{"allow":["GET"]}}],"collection":[{"href":"https:\/\/roveyayinevi.com.tr\/index.php\/wp-json\/wp\/v2\/product"}],"about":[{"href":"https:\/\/roveyayinevi.com.tr\/index.php\/wp-json\/wp\/v2\/types\/product"}],"wp:attachment":[{"href":"https:\/\/roveyayinevi.com.tr\/index.php\/wp-json\/wp\/v2\/media?parent=773161"}],"wp:term":[{"taxonomy":"product_brand","embeddable":true,"href":"https:\/\/roveyayinevi.com.tr\/index.php\/wp-json\/wp\/v2\/product_brand?post=773161"},{"taxonomy":"product_cat","embeddable":true,"href":"https:\/\/roveyayinevi.com.tr\/index.php\/wp-json\/wp\/v2\/product_cat?post=773161"},{"taxonomy":"product_tag","embeddable":true,"href":"https:\/\/roveyayinevi.com.tr\/index.php\/wp-json\/wp\/v2\/product_tag?post=773161"}],"curies":[{"name":"wp","href":"https:\/\/api.w.org\/{rel}","templated":true}]}}