{"id":773160,"date":"2025-08-28T16:05:54","date_gmt":"2025-08-28T13:05:54","guid":{"rendered":"https:\/\/roveyayinevi.com.tr\/index.php\/urun\/barut\/"},"modified":"2026-04-15T03:39:24","modified_gmt":"2026-04-15T00:39:24","slug":"barut","status":"publish","type":"product","link":"https:\/\/roveyayinevi.com.tr\/index.php\/urun\/barut\/","title":{"rendered":"Barut"},"content":{"rendered":"<p>Barut y\u00fcklendi! Fitil ate\u015flendi&#8230; Herkes yerini als\u0131n. Mine G. K\u0131r\u0131kkanat an\u0131lar\u0131n\u0131 yaz\u0131yor. Barut \u2013 Her \u015eeyin Bedeli Var ba\u015fl\u0131kl\u0131 an\u0131lar\u0131nda K\u0131r\u0131kkanat hayat\u0131n\u0131n 1968\u2019den 81\u2019e ilk perdesinden bilinen, yanl\u0131\u015f bilinen, bilinmeyen, tahmin edilen, hi\u00e7 haberimizin bile olmad\u0131\u011f\u0131 \u201c\u00f6zel\u201dden ve cephenin tam ortas\u0131ndan, her \u015feyi t\u00fcm a\u00e7\u0131kl\u0131\u011f\u0131yla yaz\u0131ya d\u00f6k\u00fcyor. Cin lambadan \u00e7\u0131kt\u0131. \u00dcstelik bu daha ba\u015flang\u0131\u00e7&#8230; <\/p>\n","protected":false},"excerpt":{"rendered":"<p>Barut y\u00fcklendi! Fitil ate\u015flendi&#8230; Herkes yerini als\u0131n. Mine G. K\u0131r\u0131kkanat an\u0131lar\u0131n\u0131 yaz\u0131yor. Barut \u2013 Her \u015eeyin Bedeli Var ba\u015fl\u0131kl\u0131 an\u0131lar\u0131nda K\u0131r\u0131kkanat hayat\u0131n\u0131n 1968\u2019den 81\u2019e ilk perdesinden<span class=\"excerpt-hellip\"> [\u2026]<\/span><\/p>\n","protected":false},"featured_media":0,"template":"","meta":{"_monsterinsights_skip_tracking":false,"_monsterinsights_sitenote_active":false,"_monsterinsights_sitenote_note":"","_monsterinsights_sitenote_category":0},"product_brand":[],"product_cat":[13701,12291],"product_tag":[],"class_list":{"0":"post-773160","1":"product","2":"type-product","3":"status-publish","5":"product_cat-ani-mektup-gunluk","6":"product_cat-edebiyat","7":"pa_cilt-ciltsiz","8":"pa_tur-kitap","9":"pa_yayinevi-kirmizi-kedi-yayinevi","10":"pa_yazar-mine-g-kirikkanat","12":"first","13":"instock","14":"sale","15":"shipping-taxable","16":"purchasable","17":"product-type-simple"},"_links":{"self":[{"href":"https:\/\/roveyayinevi.com.tr\/index.php\/wp-json\/wp\/v2\/product\/773160","targetHints":{"allow":["GET"]}}],"collection":[{"href":"https:\/\/roveyayinevi.com.tr\/index.php\/wp-json\/wp\/v2\/product"}],"about":[{"href":"https:\/\/roveyayinevi.com.tr\/index.php\/wp-json\/wp\/v2\/types\/product"}],"wp:attachment":[{"href":"https:\/\/roveyayinevi.com.tr\/index.php\/wp-json\/wp\/v2\/media?parent=773160"}],"wp:term":[{"taxonomy":"product_brand","embeddable":true,"href":"https:\/\/roveyayinevi.com.tr\/index.php\/wp-json\/wp\/v2\/product_brand?post=773160"},{"taxonomy":"product_cat","embeddable":true,"href":"https:\/\/roveyayinevi.com.tr\/index.php\/wp-json\/wp\/v2\/product_cat?post=773160"},{"taxonomy":"product_tag","embeddable":true,"href":"https:\/\/roveyayinevi.com.tr\/index.php\/wp-json\/wp\/v2\/product_tag?post=773160"}],"curies":[{"name":"wp","href":"https:\/\/api.w.org\/{rel}","templated":true}]}}