{"id":773158,"date":"2025-08-28T16:05:50","date_gmt":"2025-08-28T13:05:50","guid":{"rendered":"https:\/\/roveyayinevi.com.tr\/index.php\/urun\/bir-eflatun-olum-behcet-aysan\/"},"modified":"2026-04-15T03:39:23","modified_gmt":"2026-04-15T00:39:23","slug":"bir-eflatun-olum-behcet-aysan","status":"publish","type":"product","link":"https:\/\/roveyayinevi.com.tr\/index.php\/urun\/bir-eflatun-olum-behcet-aysan\/","title":{"rendered":"Bir Eflatun \u00d6l\u00fcm: Beh\u00e7et Aysan"},"content":{"rendered":"<p>Bir Eflatun \u00d6l\u00fcm: Beh\u00e7et Aysan, an\u0131larda, mektuplarda, \u015fiirlerde ve di\u011fer ba\u015fka yaz\u0131larda dostlar\u0131n\u0131n kaleminden bir \u015faire a\u011f\u0131t kitab\u0131.     \u201cBabam \u00fclkesini temsil eden bir yazard\u0131, \u015fairdi. K\u0131sac\u0131k ya\u015fam\u0131na say\u0131s\u0131z \u00f6d\u00fcl s\u0131\u011fd\u0131rm\u0131\u015ft\u0131. Ayn\u0131 zamanda doktordu, n\u00f6ro-psikiyatrd\u0131. (\u2026) Y\u0131llar boyunca mezar\u0131na \u00e7i\u00e7ek b\u0131rak\u0131rken, usulca a\u011flarken \u00f6\u011fretti\u011fi sa\u011fduyuyu yitirmemeye \u00f6zen g\u00f6sterdim. (\u2026) Soruyorum size&#8230; Ben \u015fimdi \u00e7ocu\u011fuma senin deden \u015fairdi, yazard\u0131, doktordu, bu \u00fclkenin ayd\u0131nl\u0131k y\u00fcz\u00fcyd\u00fc ama yak\u0131ld\u0131 nas\u0131l diyece\u011fim? Ona hi\u00e7bir \u015fey ayaklanmaya kalkm\u0131\u015f cehalet kadar korkun\u00e7 olamaz derken ayn\u0131 zamanda insanlar\u0131n bir g\u00fcn tekrar diri diri yak\u0131lmayaca\u011f\u0131na nas\u0131l inand\u0131raca\u011f\u0131m? \u00c7\u00fcnk\u00fc e\u011fer kimlik bir vatanda\u015fl\u0131k belgesiyse, babam\u0131n yanm\u0131\u015f kimli\u011fi h\u00e2l\u00e2 \u00e7al\u0131\u015fma masas\u0131nda duruyor. E\u011fer kimlik devletin resmi belgesiyse babam\u0131n yanm\u0131\u015f kimli\u011fi her g\u00fcn bana bak\u0131yor.\u201d <\/p>\n","protected":false},"excerpt":{"rendered":"<p>Bir Eflatun \u00d6l\u00fcm: Beh\u00e7et Aysan, an\u0131larda, mektuplarda, \u015fiirlerde ve di\u011fer ba\u015fka yaz\u0131larda dostlar\u0131n\u0131n kaleminden bir \u015faire a\u011f\u0131t kitab\u0131. \u201cBabam \u00fclkesini temsil eden bir yazard\u0131, \u015fairdi. K\u0131sac\u0131k<span class=\"excerpt-hellip\"> [\u2026]<\/span><\/p>\n","protected":false},"featured_media":0,"template":"","meta":{"_monsterinsights_skip_tracking":false,"_monsterinsights_sitenote_active":false,"_monsterinsights_sitenote_note":"","_monsterinsights_sitenote_category":0},"product_brand":[],"product_cat":[13701,12291],"product_tag":[],"class_list":{"0":"post-773158","1":"product","2":"type-product","3":"status-publish","5":"product_cat-ani-mektup-gunluk","6":"product_cat-edebiyat","7":"pa_cilt-ciltsiz","8":"pa_tur-kitap","9":"pa_yayinevi-kirmizi-kedi-yayinevi","10":"pa_yazar-eren-aysan","12":"first","13":"instock","14":"sale","15":"shipping-taxable","16":"purchasable","17":"product-type-simple"},"_links":{"self":[{"href":"https:\/\/roveyayinevi.com.tr\/index.php\/wp-json\/wp\/v2\/product\/773158","targetHints":{"allow":["GET"]}}],"collection":[{"href":"https:\/\/roveyayinevi.com.tr\/index.php\/wp-json\/wp\/v2\/product"}],"about":[{"href":"https:\/\/roveyayinevi.com.tr\/index.php\/wp-json\/wp\/v2\/types\/product"}],"wp:attachment":[{"href":"https:\/\/roveyayinevi.com.tr\/index.php\/wp-json\/wp\/v2\/media?parent=773158"}],"wp:term":[{"taxonomy":"product_brand","embeddable":true,"href":"https:\/\/roveyayinevi.com.tr\/index.php\/wp-json\/wp\/v2\/product_brand?post=773158"},{"taxonomy":"product_cat","embeddable":true,"href":"https:\/\/roveyayinevi.com.tr\/index.php\/wp-json\/wp\/v2\/product_cat?post=773158"},{"taxonomy":"product_tag","embeddable":true,"href":"https:\/\/roveyayinevi.com.tr\/index.php\/wp-json\/wp\/v2\/product_tag?post=773158"}],"curies":[{"name":"wp","href":"https:\/\/api.w.org\/{rel}","templated":true}]}}