{"id":773156,"date":"2025-08-28T16:05:46","date_gmt":"2025-08-28T13:05:46","guid":{"rendered":"https:\/\/roveyayinevi.com.tr\/index.php\/urun\/almanyaya-acilan-kapilar\/"},"modified":"2026-04-15T03:39:23","modified_gmt":"2026-04-15T00:39:23","slug":"almanyaya-acilan-kapilar","status":"publish","type":"product","link":"https:\/\/roveyayinevi.com.tr\/index.php\/urun\/almanyaya-acilan-kapilar\/","title":{"rendered":"Almanya\u2019ya A\u00e7\u0131lan Kap\u0131lar"},"content":{"rendered":"<p>Almanya\u2019ya A\u00e7\u0131lan Kap\u0131lar: Nitelikli \u0130\u015fg\u00fcc\u00fc \u0130\u00e7in Stratejik Rehber\u2019i haz\u0131rlayan Milletvekili ve Hukuk\u00e7u Canan Bayram ve Gazeteci Ali Varl\u0131, Almanya\u2019da ya\u015fam ko\u015fullar\u0131n\u0131 bizzat deneyimlemi\u015f ve meslekleri gere\u011fi \u00e7ok yak\u0131ndan ba\u015fka tecr\u00fcbeleri de g\u00f6zlemlemi\u015f ki\u015filer olarak Almanya\u2019ya g\u00f6\u00e7 etmeyi d\u00fc\u015f\u00fcnenlere bu yolda \u0131\u015f\u0131k tutacak bir k\u0131lavuz kaleme ald\u0131lar. Bu \u00e7al\u0131\u015fman\u0131n amac\u0131 nitelikli i\u015fg\u00fcc\u00fc i\u00e7in Almanya\u2019da son y\u0131llarda hayata ge\u00e7irilen yap\u0131land\u0131rmalar\u0131 ve g\u00f6\u00e7 etmenin yollar\u0131n\u0131 en do\u011fru ve en yal\u0131n \u015fekliyle bu \u00fclkeye gideceklere, gitmeyi d\u00fc\u015f\u00fcnenlere veya akl\u0131ndan ge\u00e7irenlere ula\u015ft\u0131rmak. Ki\u015filerin do\u011fru bilgiyle karar almalar\u0131na yard\u0131mc\u0131 olmak&#8230; <\/p>\n","protected":false},"excerpt":{"rendered":"<p>Almanya\u2019ya A\u00e7\u0131lan Kap\u0131lar: Nitelikli \u0130\u015fg\u00fcc\u00fc \u0130\u00e7in Stratejik Rehber\u2019i haz\u0131rlayan Milletvekili ve Hukuk\u00e7u Canan Bayram ve Gazeteci Ali Varl\u0131, Almanya\u2019da ya\u015fam ko\u015fullar\u0131n\u0131 bizzat deneyimlemi\u015f ve meslekleri gere\u011fi<span class=\"excerpt-hellip\"> [\u2026]<\/span><\/p>\n","protected":false},"featured_media":0,"template":"","meta":{"_monsterinsights_skip_tracking":false,"_monsterinsights_sitenote_active":false,"_monsterinsights_sitenote_note":"","_monsterinsights_sitenote_category":0},"product_brand":[],"product_cat":[12325,12324],"product_tag":[],"class_list":{"0":"post-773156","1":"product","2":"type-product","3":"status-publish","5":"product_cat-diger-sosyoloji","6":"product_cat-sosyoloji","7":"pa_cilt-ciltsiz","8":"pa_tur-kitap","9":"pa_yayinevi-kirmizi-kedi-yayinevi","10":"pa_yazar-canan-bayram-ali-varli","12":"first","13":"instock","14":"sale","15":"shipping-taxable","16":"purchasable","17":"product-type-simple"},"_links":{"self":[{"href":"https:\/\/roveyayinevi.com.tr\/index.php\/wp-json\/wp\/v2\/product\/773156","targetHints":{"allow":["GET"]}}],"collection":[{"href":"https:\/\/roveyayinevi.com.tr\/index.php\/wp-json\/wp\/v2\/product"}],"about":[{"href":"https:\/\/roveyayinevi.com.tr\/index.php\/wp-json\/wp\/v2\/types\/product"}],"wp:attachment":[{"href":"https:\/\/roveyayinevi.com.tr\/index.php\/wp-json\/wp\/v2\/media?parent=773156"}],"wp:term":[{"taxonomy":"product_brand","embeddable":true,"href":"https:\/\/roveyayinevi.com.tr\/index.php\/wp-json\/wp\/v2\/product_brand?post=773156"},{"taxonomy":"product_cat","embeddable":true,"href":"https:\/\/roveyayinevi.com.tr\/index.php\/wp-json\/wp\/v2\/product_cat?post=773156"},{"taxonomy":"product_tag","embeddable":true,"href":"https:\/\/roveyayinevi.com.tr\/index.php\/wp-json\/wp\/v2\/product_tag?post=773156"}],"curies":[{"name":"wp","href":"https:\/\/api.w.org\/{rel}","templated":true}]}}