{"id":773152,"date":"2025-08-28T16:05:40","date_gmt":"2025-08-28T13:05:40","guid":{"rendered":"https:\/\/roveyayinevi.com.tr\/index.php\/urun\/sanatta-yaraticilik\/"},"modified":"2026-01-29T04:13:19","modified_gmt":"2026-01-29T01:13:19","slug":"sanatta-yaraticilik","status":"publish","type":"product","link":"https:\/\/roveyayinevi.com.tr\/index.php\/urun\/sanatta-yaraticilik\/","title":{"rendered":"Sanatta Yarat\u0131c\u0131l\u0131k"},"content":{"rendered":"<p>Yarat\u0131c\u0131l\u0131\u011f\u0131n kayna\u011f\u0131 nedir? Sanat\u00e7\u0131 nas\u0131l d\u00fc\u015f\u00fcn\u00fcr? Yapay zek\u00e2n\u0131n yarat\u0131c\u0131l\u0131\u011fa etkisi ve yarat\u0131c\u0131l\u0131\u011f\u0131n ba\u015far\u0131ya ula\u015fmadaki rol\u00fc gibi geni\u015f bir bilgi ve deneyim yelpazesini kapsayan bu kitap; yarat\u0131c\u0131 ki\u015filik \u00f6zelliklerinden yarat\u0131c\u0131l\u0131\u011f\u0131 geli\u015ftirme tekniklerine, sanat\u00e7\u0131larla psikanalistlerin bak\u0131\u015f a\u00e7\u0131lar\u0131n\u0131 bir araya getirerek sanatta yarat\u0131c\u0131l\u0131\u011f\u0131 farkl\u0131 y\u00f6nleriyle ele al\u0131yor. Ertu\u011frul Ate\u015f, Hatice Merve G\u00fc\u00e7, Emel G\u00fcray, Mehmet Kavuk\u00e7u, \u0130rfan \u00d6n\u00fcrmen ve Tu\u011fba Renk\u00e7i Ta\u015ftan gibi sanat\u00e7\u0131lar\u0131n \u00fcretim s\u00fcre\u00e7lerindeki perde arkas\u0131na dair a\u00e7\u0131klamalar\u0131, yazar\u0131n kendi at\u00f6lye s\u0131rlar\u0131yla bulu\u015fuyor. Sanat\u00e7\u0131 ve akademisyen Ebru Dede, geli\u015ftirdi\u011fi \u201cSe\u00e7 ve Oyna\u201d tekni\u011fini detayl\u0131 bi\u00e7imde aktar\u0131yor. Kitap, ayr\u0131ca psikanalistlerin bulgulad\u0131klar\u0131 yarat\u0131c\u0131l\u0131\u011f\u0131 geli\u015ftirme y\u00f6ntemlerini test etmek \u00fczere a\u00e7\u0131k \u00e7a\u011fr\u0131l\u0131 workshop etkinli\u011fine g\u00f6n\u00fcll\u00fc kat\u0131lan sanat\u00e7\u0131lar\u0131n, hem bireysel aktiviteleri hem de grup \u00e7al\u0131\u015fmas\u0131 sonras\u0131 deneyimlerinin sonu\u00e7lar\u0131n\u0131 da i\u00e7eriyor. Kendinizi sanat\u00e7\u0131 y\u00f6n\u00fcn\u00fczle yeniden tan\u0131maya ve sanat \u00fcretiminizde yarat\u0131c\u0131l\u0131\u011f\u0131n\u0131z\u0131 besleyecek farkl\u0131 yollar\u0131 ke\u015ffetmeye haz\u0131rsan\u0131z, bu kitap sizi sanat\u0131n derinliklerine do\u011fru ilham verici bir yolculu\u011fa \u00e7a\u011f\u0131r\u0131yor&#8230; <\/p>\n","protected":false},"excerpt":{"rendered":"<p>Yarat\u0131c\u0131l\u0131\u011f\u0131n kayna\u011f\u0131 nedir? Sanat\u00e7\u0131 nas\u0131l d\u00fc\u015f\u00fcn\u00fcr? Yapay zek\u00e2n\u0131n yarat\u0131c\u0131l\u0131\u011fa etkisi ve yarat\u0131c\u0131l\u0131\u011f\u0131n ba\u015far\u0131ya ula\u015fmadaki rol\u00fc gibi geni\u015f bir bilgi ve deneyim yelpazesini kapsayan bu kitap; yarat\u0131c\u0131<span class=\"excerpt-hellip\"> [\u2026]<\/span><\/p>\n","protected":false},"featured_media":0,"template":"","meta":{"_monsterinsights_skip_tracking":false,"_monsterinsights_sitenote_active":false,"_monsterinsights_sitenote_note":"","_monsterinsights_sitenote_category":0},"product_brand":[],"product_cat":[13548,12408],"product_tag":[],"class_list":{"0":"post-773152","1":"product","2":"type-product","3":"status-publish","5":"product_cat-kuram","6":"product_cat-sanat","7":"pa_cilt-ciltsiz","8":"pa_tur-kitap","9":"pa_yayinevi-utopya-yayinevi","10":"pa_yazar-ebru-dede","12":"first","13":"instock","14":"sale","15":"shipping-taxable","16":"purchasable","17":"product-type-simple"},"_links":{"self":[{"href":"https:\/\/roveyayinevi.com.tr\/index.php\/wp-json\/wp\/v2\/product\/773152","targetHints":{"allow":["GET"]}}],"collection":[{"href":"https:\/\/roveyayinevi.com.tr\/index.php\/wp-json\/wp\/v2\/product"}],"about":[{"href":"https:\/\/roveyayinevi.com.tr\/index.php\/wp-json\/wp\/v2\/types\/product"}],"wp:attachment":[{"href":"https:\/\/roveyayinevi.com.tr\/index.php\/wp-json\/wp\/v2\/media?parent=773152"}],"wp:term":[{"taxonomy":"product_brand","embeddable":true,"href":"https:\/\/roveyayinevi.com.tr\/index.php\/wp-json\/wp\/v2\/product_brand?post=773152"},{"taxonomy":"product_cat","embeddable":true,"href":"https:\/\/roveyayinevi.com.tr\/index.php\/wp-json\/wp\/v2\/product_cat?post=773152"},{"taxonomy":"product_tag","embeddable":true,"href":"https:\/\/roveyayinevi.com.tr\/index.php\/wp-json\/wp\/v2\/product_tag?post=773152"}],"curies":[{"name":"wp","href":"https:\/\/api.w.org\/{rel}","templated":true}]}}