{"id":773150,"date":"2025-08-28T16:05:37","date_gmt":"2025-08-28T13:05:37","guid":{"rendered":"https:\/\/roveyayinevi.com.tr\/index.php\/urun\/sen-yeter-ki-iste\/"},"modified":"2026-04-15T03:39:23","modified_gmt":"2026-04-15T00:39:23","slug":"sen-yeter-ki-iste","status":"publish","type":"product","link":"https:\/\/roveyayinevi.com.tr\/index.php\/urun\/sen-yeter-ki-iste\/","title":{"rendered":"Sen Yeter ki \u0130ste"},"content":{"rendered":"<p>Bir \u015feyin olmas\u0131na izin veren ya da bunu engelleyen her zaman yaln\u0131zca hayal g\u00fcc\u00fcm\u00fczd\u00fcr. Sen Yeter ki \u0130ste y\u00fcz binlerce, hatta milyonlarca insan\u0131n hayat\u0131n\u0131 iyi y\u00f6nde de\u011fi\u015ftirdi ve yirmi ikiden fazla \u00fclkede yay\u0131mlanarak muazzam bir ba\u015far\u0131 yakalad\u0131. Do\u011fru \u015fekilde istemenin 7 kural\u0131n\u0131 al\u0131\u015ft\u0131rmalar\u0131yla uygulayanlar, hayat\u0131n anlam\u0131n\u0131 buldu, imk\u00e2ns\u0131z olan\u0131 m\u00fcmk\u00fcn k\u0131labildi. Peki ya siz? Rezonans Kanunu\u2019nun yazar\u0131yla bu e\u015fsiz yolculu\u011fa \u00e7\u0131kmaya haz\u0131r m\u0131s\u0131n\u0131z? Ne istedi\u011finize ger\u00e7ekten dikkat edin \u00e7\u00fcnk\u00fc ger\u00e7ekle\u015fecek.<\/p>\n","protected":false},"excerpt":{"rendered":"<p>Bir \u015feyin olmas\u0131na izin veren ya da bunu engelleyen her zaman yaln\u0131zca hayal g\u00fcc\u00fcm\u00fczd\u00fcr. Sen Yeter ki \u0130ste y\u00fcz binlerce, hatta milyonlarca insan\u0131n hayat\u0131n\u0131 iyi y\u00f6nde<span class=\"excerpt-hellip\"> [\u2026]<\/span><\/p>\n","protected":false},"featured_media":0,"template":"","meta":{"_monsterinsights_skip_tracking":false,"_monsterinsights_sitenote_active":false,"_monsterinsights_sitenote_note":"","_monsterinsights_sitenote_category":0},"product_brand":[],"product_cat":[13835],"product_tag":[],"class_list":{"0":"post-773150","1":"product","2":"type-product","3":"status-publish","5":"product_cat-cok-satanlar","6":"pa_cilt-ciltsiz","7":"pa_tur-kitap","8":"pa_yayinevi-koridor-yayincilik","9":"pa_yazar-pierre-franckh","11":"first","12":"instock","13":"sale","14":"shipping-taxable","15":"purchasable","16":"product-type-simple"},"_links":{"self":[{"href":"https:\/\/roveyayinevi.com.tr\/index.php\/wp-json\/wp\/v2\/product\/773150","targetHints":{"allow":["GET"]}}],"collection":[{"href":"https:\/\/roveyayinevi.com.tr\/index.php\/wp-json\/wp\/v2\/product"}],"about":[{"href":"https:\/\/roveyayinevi.com.tr\/index.php\/wp-json\/wp\/v2\/types\/product"}],"wp:attachment":[{"href":"https:\/\/roveyayinevi.com.tr\/index.php\/wp-json\/wp\/v2\/media?parent=773150"}],"wp:term":[{"taxonomy":"product_brand","embeddable":true,"href":"https:\/\/roveyayinevi.com.tr\/index.php\/wp-json\/wp\/v2\/product_brand?post=773150"},{"taxonomy":"product_cat","embeddable":true,"href":"https:\/\/roveyayinevi.com.tr\/index.php\/wp-json\/wp\/v2\/product_cat?post=773150"},{"taxonomy":"product_tag","embeddable":true,"href":"https:\/\/roveyayinevi.com.tr\/index.php\/wp-json\/wp\/v2\/product_tag?post=773150"}],"curies":[{"name":"wp","href":"https:\/\/api.w.org\/{rel}","templated":true}]}}