{"id":773149,"date":"2025-08-28T16:05:35","date_gmt":"2025-08-28T13:05:35","guid":{"rendered":"https:\/\/roveyayinevi.com.tr\/index.php\/urun\/lanetli-prenses-kulubu-2\/"},"modified":"2026-04-15T03:39:23","modified_gmt":"2026-04-15T00:39:23","slug":"lanetli-prenses-kulubu-2","status":"publish","type":"product","link":"https:\/\/roveyayinevi.com.tr\/index.php\/urun\/lanetli-prenses-kulubu-2\/","title":{"rendered":"Lanetli Prenses Kul\u00fcb\u00fc 2"},"content":{"rendered":"<p>EN \u0130Y\u0130 M\u0130ZAH WEBCOMIC KATEGOR\u0130S\u0130NDE   RINGO \u00d6D\u00dcL\u00dc ADAYLIGI     GWENDOLYN\u2019LE TANI\u015eIN \u2014 Prenseslerin her zaman her \u015feye sahip olamayacaklar\u0131n\u0131n canl\u0131 kan\u0131t\u0131 o.  Gwendolyn bir kalede ya\u015f\u0131yor ve babas\u0131 da bir kral ancak kendisi ne bir masal prensesine benziyor ne de yeterince \u00e7ekici&#8230; Fakat bir gece yanl\u0131\u015fl\u0131kla Lanetli Prenses Kul\u00fcb\u00fc&#8217;n\u00fcn \u00e7\u0131lg\u0131n d\u00fcnyas\u0131na ad\u0131m atmas\u0131yla hayat\u0131 asla eskisi gibi olmayacak&#8230;   Kul\u00fcbe kat\u0131lan Gwen, \u00f6zg\u00fcvensizli\u011fin sadece k\u0131zlara \u00f6zg\u00fc olmad\u0131\u011f\u0131n\u0131 \u00f6\u011frenir. \u201cSiz birde Kara Prensleri g\u00f6r\u00fcn.&#8221; T\u00fcm bunlar\u0131n d\u0131\u015f\u0131nda, Prens Frederick, Gwen&#8217;e lay\u0131k olup olmad\u0131\u011f\u0131n\u0131 sorgulamaya ba\u015flar&#8230; Siz de lanetli prensesler kadar g\u00fczel olmay\u0131 \u00f6\u011frenebilirsiniz!   Bu cilt b\u00fcy\u00fcleyici WEBTOON \u00e7izgi roman\u0131     Lanetli Prenses Kul\u00fcb\u00fc&#8217;n\u00fcn 35-61. b\u00f6l\u00fcmlerini i\u00e7ermektedir. <\/p>\n","protected":false},"excerpt":{"rendered":"<p>EN \u0130Y\u0130 M\u0130ZAH WEBCOMIC KATEGOR\u0130S\u0130NDE RINGO \u00d6D\u00dcL\u00dc ADAYLIGI GWENDOLYN\u2019LE TANI\u015eIN \u2014 Prenseslerin her zaman her \u015feye sahip olamayacaklar\u0131n\u0131n canl\u0131 kan\u0131t\u0131 o. Gwendolyn bir kalede ya\u015f\u0131yor ve<span class=\"excerpt-hellip\"> [\u2026]<\/span><\/p>\n","protected":false},"featured_media":0,"template":"","meta":{"_monsterinsights_skip_tracking":false,"_monsterinsights_sitenote_active":false,"_monsterinsights_sitenote_note":"","_monsterinsights_sitenote_category":0},"product_brand":[],"product_cat":[12416,12291],"product_tag":[],"class_list":{"0":"post-773149","1":"product","2":"type-product","3":"status-publish","5":"product_cat-cizgi-roman","6":"product_cat-edebiyat","7":"pa_cilt-ciltsiz","8":"pa_tur-kitap","9":"pa_yayinevi-athica-yayinlari","10":"pa_yazar-lambcat","12":"first","13":"instock","14":"sale","15":"shipping-taxable","16":"purchasable","17":"product-type-simple"},"_links":{"self":[{"href":"https:\/\/roveyayinevi.com.tr\/index.php\/wp-json\/wp\/v2\/product\/773149","targetHints":{"allow":["GET"]}}],"collection":[{"href":"https:\/\/roveyayinevi.com.tr\/index.php\/wp-json\/wp\/v2\/product"}],"about":[{"href":"https:\/\/roveyayinevi.com.tr\/index.php\/wp-json\/wp\/v2\/types\/product"}],"wp:attachment":[{"href":"https:\/\/roveyayinevi.com.tr\/index.php\/wp-json\/wp\/v2\/media?parent=773149"}],"wp:term":[{"taxonomy":"product_brand","embeddable":true,"href":"https:\/\/roveyayinevi.com.tr\/index.php\/wp-json\/wp\/v2\/product_brand?post=773149"},{"taxonomy":"product_cat","embeddable":true,"href":"https:\/\/roveyayinevi.com.tr\/index.php\/wp-json\/wp\/v2\/product_cat?post=773149"},{"taxonomy":"product_tag","embeddable":true,"href":"https:\/\/roveyayinevi.com.tr\/index.php\/wp-json\/wp\/v2\/product_tag?post=773149"}],"curies":[{"name":"wp","href":"https:\/\/api.w.org\/{rel}","templated":true}]}}