{"id":773148,"date":"2025-08-28T16:05:32","date_gmt":"2025-08-28T13:05:32","guid":{"rendered":"https:\/\/roveyayinevi.com.tr\/index.php\/urun\/lookism-2\/"},"modified":"2026-04-15T03:39:23","modified_gmt":"2026-04-15T00:39:23","slug":"lookism-2","status":"publish","type":"product","link":"https:\/\/roveyayinevi.com.tr\/index.php\/urun\/lookism-2\/","title":{"rendered":"Lookism 2"},"content":{"rendered":"<p>BU \u015eEK\u0130LDE YA\u015eANMAZ!   GER\u00c7EK BEN\u201d\u0130N DE\u011e\u0130\u015eMES\u0130 GEREK\u0130YOR!   HAYATINI SIFIRLAMAK ISTEYEN BA\u015eKARAKTER HYUNG SEOK, HERKESIN ARZULADI\u011eI BIR Y\u00dcZ VE BEDENE SAHIP OLUR.   ANCAK YEN\u0130 BEDEN\u0130YLE KAR\u015eILA\u015eAN   HYUNG SEOK\u2019U \u00c7E\u015e\u0130TL\u0130 YANLI\u015e ANLAMALAR   VE PROBLEMLER BEKLEMEKTED\u0130R.   HYUNG SEOK\u2019UN \u015eOK ED\u0130C\u0130 OKUL HAYATI   \u0130K\u0130NC\u0130 C\u0130LTLE S\u0130ZLERLE! <\/p>\n","protected":false},"excerpt":{"rendered":"<p>BU \u015eEK\u0130LDE YA\u015eANMAZ! GER\u00c7EK BEN\u201d\u0130N DE\u011e\u0130\u015eMES\u0130 GEREK\u0130YOR! HAYATINI SIFIRLAMAK ISTEYEN BA\u015eKARAKTER HYUNG SEOK, HERKESIN ARZULADI\u011eI BIR Y\u00dcZ VE BEDENE SAHIP OLUR. ANCAK YEN\u0130 BEDEN\u0130YLE KAR\u015eILA\u015eAN HYUNG<span class=\"excerpt-hellip\"> [\u2026]<\/span><\/p>\n","protected":false},"featured_media":0,"template":"","meta":{"_monsterinsights_skip_tracking":false,"_monsterinsights_sitenote_active":false,"_monsterinsights_sitenote_note":"","_monsterinsights_sitenote_category":0},"product_brand":[],"product_cat":[12416,12291],"product_tag":[],"class_list":{"0":"post-773148","1":"product","2":"type-product","3":"status-publish","5":"product_cat-cizgi-roman","6":"product_cat-edebiyat","7":"pa_cilt-ciltsiz","8":"pa_tur-kitap","9":"pa_yayinevi-athica-yayinlari","10":"pa_yazar-pak-tae-jun","12":"first","13":"instock","14":"sale","15":"shipping-taxable","16":"purchasable","17":"product-type-simple"},"_links":{"self":[{"href":"https:\/\/roveyayinevi.com.tr\/index.php\/wp-json\/wp\/v2\/product\/773148","targetHints":{"allow":["GET"]}}],"collection":[{"href":"https:\/\/roveyayinevi.com.tr\/index.php\/wp-json\/wp\/v2\/product"}],"about":[{"href":"https:\/\/roveyayinevi.com.tr\/index.php\/wp-json\/wp\/v2\/types\/product"}],"wp:attachment":[{"href":"https:\/\/roveyayinevi.com.tr\/index.php\/wp-json\/wp\/v2\/media?parent=773148"}],"wp:term":[{"taxonomy":"product_brand","embeddable":true,"href":"https:\/\/roveyayinevi.com.tr\/index.php\/wp-json\/wp\/v2\/product_brand?post=773148"},{"taxonomy":"product_cat","embeddable":true,"href":"https:\/\/roveyayinevi.com.tr\/index.php\/wp-json\/wp\/v2\/product_cat?post=773148"},{"taxonomy":"product_tag","embeddable":true,"href":"https:\/\/roveyayinevi.com.tr\/index.php\/wp-json\/wp\/v2\/product_tag?post=773148"}],"curies":[{"name":"wp","href":"https:\/\/api.w.org\/{rel}","templated":true}]}}