{"id":773145,"date":"2025-08-28T16:05:25","date_gmt":"2025-08-28T13:05:25","guid":{"rendered":"https:\/\/roveyayinevi.com.tr\/index.php\/urun\/gol-kenarindaki-hos-ev\/"},"modified":"2026-04-15T03:39:23","modified_gmt":"2026-04-15T00:39:23","slug":"gol-kenarindaki-hos-ev","status":"publish","type":"product","link":"https:\/\/roveyayinevi.com.tr\/index.php\/urun\/gol-kenarindaki-hos-ev\/","title":{"rendered":"G\u00f6l Kenar\u0131ndaki Ho\u015f Ev"},"content":{"rendered":"<p>SENCE D\u00dcNYANIN SONU NASIL GELECEK?   Eve davet edilen herkes Walter\u2019\u0131 tan\u0131yordu, hi\u00e7 de\u011filse daha \u00f6nce g\u00f6r\u00fc\u015fm\u00fc\u015flerdi. Baz\u0131lar\u0131 onu \u00e7ocukken tan\u0131d\u0131, baz\u0131lar\u0131 ise birka\u00e7 ay \u00f6nce. Ve Walter hep biraz\u2026 Tuhaft\u0131. Ama zor bir y\u0131ldan sonra Walter onlar\u0131 orman\u0131n i\u00e7inde g\u00f6l manzaral\u0131 o muhte\u015fem eve davet edince kimse hay\u0131r diyemedi. Walter\u2019\u0131n k\u00fc\u00e7\u00fck garip oyunlar\u0131na ve takt\u0131\u011f\u0131 lakaplara dayanman\u0131n kar\u015f\u0131l\u0131\u011f\u0131nda \u00e7ok g\u00fczel, g\u00f6steri\u015fli, g\u00f6zlerden uzak bir yerde hayatlar\u0131n\u0131n tatili! Neden olmas\u0131n? Zaten hepsi sosyal hayattan uzak kald\u0131klar\u0131 zor zamanlar ge\u00e7irirken tekrar bir araya gelmek\u2026 Ho\u015f olmaz m\u0131? G\u00f6l Kenar\u0131ndaki Ho\u015f Ev\u2019de 21. y\u00fczy\u0131l\u0131n bo\u011fucu endi\u015feleri deh\u015fet veren bir surete b\u00fcr\u00fcn\u00fcyor ve bu suret bir zamanlar en g\u00fcvendi\u011finiz ki\u015fiye ait olabilir. Eisner \u00f6d\u00fcll\u00fc usta yazar James Tynion IV (Batman, Something is Killing the Children, The Department of Truth) ve senelerdir beraber \u00e7al\u0131\u015ft\u0131\u011f\u0131 \u00e7izer orta\u011f\u0131 \u00c1lvaro Mart\u00ednez Bueno (Detective Comics, Justice League Dark) bu \u00e7izgi romanda \u015fa\u015f\u0131rt\u0131c\u0131 kurgular\u0131 ve muhte\u015fem \u00e7izimleriyle korku t\u00fcr\u00fcne yeni bir soluk kazand\u0131r\u0131yor. Kolayl\u0131kla kendinize ve \u00e7evrenizdekilere benzetebilece\u011finiz bir grup gen\u00e7, k\u0131r\u0131lma noktas\u0131na \u00e7ekilip kendi s\u0131n\u0131rlar\u0131yla ve beklemedikleri ger\u00e7eklerle y\u00fczle\u015fiyorlar\u2026 2021\u2019in en \u00e7ok satan serilerinden birinin ilk cildiyle bu s\u00fcr\u00fckleyici hik\u00e2yeye ortak olun. Bu eser G\u00f6l Kenar\u0131ndaki Ho\u015f Ev serisinin 1-6. say\u0131lar\u0131n\u0131 bir araya getiriyor. <\/p>\n","protected":false},"excerpt":{"rendered":"<p>SENCE D\u00dcNYANIN SONU NASIL GELECEK? Eve davet edilen herkes Walter\u2019\u0131 tan\u0131yordu, hi\u00e7 de\u011filse daha \u00f6nce g\u00f6r\u00fc\u015fm\u00fc\u015flerdi. Baz\u0131lar\u0131 onu \u00e7ocukken tan\u0131d\u0131, baz\u0131lar\u0131 ise birka\u00e7 ay \u00f6nce. Ve<span class=\"excerpt-hellip\"> [\u2026]<\/span><\/p>\n","protected":false},"featured_media":0,"template":"","meta":{"_monsterinsights_skip_tracking":false,"_monsterinsights_sitenote_active":false,"_monsterinsights_sitenote_note":"","_monsterinsights_sitenote_category":0},"product_brand":[],"product_cat":[12416,12291],"product_tag":[],"class_list":{"0":"post-773145","1":"product","2":"type-product","3":"status-publish","5":"product_cat-cizgi-roman","6":"product_cat-edebiyat","7":"pa_cilt-ciltsiz","8":"pa_tur-kitap","9":"pa_yayinevi-kara-karga-yayinlari","10":"pa_yazar-james-taynion","12":"first","13":"instock","14":"sale","15":"shipping-taxable","16":"purchasable","17":"product-type-simple"},"_links":{"self":[{"href":"https:\/\/roveyayinevi.com.tr\/index.php\/wp-json\/wp\/v2\/product\/773145","targetHints":{"allow":["GET"]}}],"collection":[{"href":"https:\/\/roveyayinevi.com.tr\/index.php\/wp-json\/wp\/v2\/product"}],"about":[{"href":"https:\/\/roveyayinevi.com.tr\/index.php\/wp-json\/wp\/v2\/types\/product"}],"wp:attachment":[{"href":"https:\/\/roveyayinevi.com.tr\/index.php\/wp-json\/wp\/v2\/media?parent=773145"}],"wp:term":[{"taxonomy":"product_brand","embeddable":true,"href":"https:\/\/roveyayinevi.com.tr\/index.php\/wp-json\/wp\/v2\/product_brand?post=773145"},{"taxonomy":"product_cat","embeddable":true,"href":"https:\/\/roveyayinevi.com.tr\/index.php\/wp-json\/wp\/v2\/product_cat?post=773145"},{"taxonomy":"product_tag","embeddable":true,"href":"https:\/\/roveyayinevi.com.tr\/index.php\/wp-json\/wp\/v2\/product_tag?post=773145"}],"curies":[{"name":"wp","href":"https:\/\/api.w.org\/{rel}","templated":true}]}}