{"id":773144,"date":"2025-08-28T16:05:24","date_gmt":"2025-08-28T13:05:24","guid":{"rendered":"https:\/\/roveyayinevi.com.tr\/index.php\/urun\/tegmenler\/"},"modified":"2026-04-15T03:39:23","modified_gmt":"2026-04-15T00:39:23","slug":"tegmenler","status":"publish","type":"product","link":"https:\/\/roveyayinevi.com.tr\/index.php\/urun\/tegmenler\/","title":{"rendered":"Te\u011fmenler"},"content":{"rendered":"<p>K\u0131rm\u0131z\u0131 Kitap\u2019a giren \u2018cemaat\u2019 karar\u0131 nas\u0131l uygulanmad\u0131? Ebru Ero\u011flu savunma yaparken salonda neler ya\u015fand\u0131? Erhan Afyoncu\u2019nun Emniyet\u2019ten ald\u0131\u011f\u0131 bilgi neydi? Te\u011fmenlerin ihrac\u0131na kar\u015f\u0131 \u00e7\u0131kan komutanlar\u0131n ba\u015f\u0131na neler geldi? Y\u00fcksek Disiplin Kurulu\u2019nda yap\u0131lan ilk oylamada ihra\u00e7lara \u2018Hay\u0131r\u2019 m\u0131 \u00e7\u0131kt\u0131? And\u0131 yazan Te\u011fmen ihra\u00e7 edilen te\u011fmenler i\u00e7in ne s\u00f6yledi? Tuzla\u2019da 405 nolu ko\u011fu\u015fta o gece neler ya\u015fand\u0131? Harbiye\u2019deki cemaat yap\u0131lanmas\u0131 nas\u0131l tespit edildi? Alt devresini Nurcu tarikata \u00e7a\u011f\u0131ran Te\u011fmen kim \u00e7\u0131kt\u0131? \u0130mamo\u011flu ile tutuklanan \u2018Te\u011fmen\u2019 TSK\u2019dan neden ihra\u00e7 edildi? Darbeden \u00f6nce Generale \u2018gizli yap\u0131 var\u2019 diyen Harbiyelinin ba\u015f\u0131na neler geldi? Kuleli\u2019den y\u0131llar \u00f6nce ihra\u00e7 edilenler 15 Temmuz\u2019da neredeydi? TSK\u2019n\u0131n haz\u0131rlad\u0131\u011f\u0131 raporda FET\u00d6\u2019n\u00fcn sistemi \u00f6r\u00fcmcek a\u011f\u0131 gibi sard\u0131\u011f\u0131 nas\u0131l anlat\u0131ld\u0131? T\u00fcrkiye\u2019nin g\u00fcndeminden d\u00fc\u015fmeyen TSK\u2019da ya\u015fanan olaylar\u0131 soru\u015fturma dosyalar\u0131 ve tan\u0131k anlat\u0131mlar\u0131yla ilk kez okuyacaks\u0131n\u0131z&#8230; Ersin Ero\u011flu, Te\u011fmenler &#8211; Yeni TSK\u2019n\u0131n \u015eifreleri  ile bilinmeyenlere \u0131\u015f\u0131k tutuyor&#8230; <\/p>\n","protected":false},"excerpt":{"rendered":"<p>K\u0131rm\u0131z\u0131 Kitap\u2019a giren \u2018cemaat\u2019 karar\u0131 nas\u0131l uygulanmad\u0131? Ebru Ero\u011flu savunma yaparken salonda neler ya\u015fand\u0131? Erhan Afyoncu\u2019nun Emniyet\u2019ten ald\u0131\u011f\u0131 bilgi neydi? Te\u011fmenlerin ihrac\u0131na kar\u015f\u0131 \u00e7\u0131kan komutanlar\u0131n ba\u015f\u0131na<span class=\"excerpt-hellip\"> [\u2026]<\/span><\/p>\n","protected":false},"featured_media":0,"template":"","meta":{"_monsterinsights_skip_tracking":false,"_monsterinsights_sitenote_active":false,"_monsterinsights_sitenote_note":"","_monsterinsights_sitenote_category":0},"product_brand":[],"product_cat":[13590,12337],"product_tag":[],"class_list":{"0":"post-773144","1":"product","2":"type-product","3":"status-publish","5":"product_cat-arastirma-inceleme-politika-siyaset","6":"product_cat-politika-siyaset","7":"pa_cilt-ciltsiz","8":"pa_tur-kitap","9":"pa_yayinevi-kirmizi-kedi-yayinevi","10":"pa_yazar-ersin-eroglu","12":"first","13":"instock","14":"sale","15":"shipping-taxable","16":"purchasable","17":"product-type-simple"},"_links":{"self":[{"href":"https:\/\/roveyayinevi.com.tr\/index.php\/wp-json\/wp\/v2\/product\/773144","targetHints":{"allow":["GET"]}}],"collection":[{"href":"https:\/\/roveyayinevi.com.tr\/index.php\/wp-json\/wp\/v2\/product"}],"about":[{"href":"https:\/\/roveyayinevi.com.tr\/index.php\/wp-json\/wp\/v2\/types\/product"}],"wp:attachment":[{"href":"https:\/\/roveyayinevi.com.tr\/index.php\/wp-json\/wp\/v2\/media?parent=773144"}],"wp:term":[{"taxonomy":"product_brand","embeddable":true,"href":"https:\/\/roveyayinevi.com.tr\/index.php\/wp-json\/wp\/v2\/product_brand?post=773144"},{"taxonomy":"product_cat","embeddable":true,"href":"https:\/\/roveyayinevi.com.tr\/index.php\/wp-json\/wp\/v2\/product_cat?post=773144"},{"taxonomy":"product_tag","embeddable":true,"href":"https:\/\/roveyayinevi.com.tr\/index.php\/wp-json\/wp\/v2\/product_tag?post=773144"}],"curies":[{"name":"wp","href":"https:\/\/api.w.org\/{rel}","templated":true}]}}