{"id":773143,"date":"2025-08-28T16:05:22","date_gmt":"2025-08-28T13:05:22","guid":{"rendered":"https:\/\/roveyayinevi.com.tr\/index.php\/urun\/korumanin-algoritmasi\/"},"modified":"2026-04-15T03:39:23","modified_gmt":"2026-04-15T00:39:23","slug":"korumanin-algoritmasi","status":"publish","type":"product","link":"https:\/\/roveyayinevi.com.tr\/index.php\/urun\/korumanin-algoritmasi\/","title":{"rendered":"Koruman\u0131n Algoritmas\u0131"},"content":{"rendered":"<p>Elinizdeki bu kitap daha \u00f6nce koruma ve g\u00fcvenlik alan\u0131nda yaz\u0131lan ya da derlenen kitaplar format\u0131nda haz\u0131rlanmam\u0131\u015ft\u0131r. Elinize ald\u0131\u011f\u0131n\u0131zda ve kitab\u0131n sayfalar\u0131n\u0131 \u015f\u00f6yle h\u0131zl\u0131ca g\u00f6zden ge\u00e7irdi\u011finizde veya i\u00e7erisinden rastgele bir sayfa a\u00e7\u0131p okudu\u011funuzda sizlere s\u00fcr\u00fckleyici bir hik\u00e2yenin verdi\u011fi hazz\u0131 vererek kal\u0131c\u0131 bir fark\u0131ndal\u0131k olu\u015fturmak ve yapt\u0131\u011f\u0131n\u0131z ya da yapaca\u011f\u0131n\u0131z koruma i\u015finde profesyonel bak\u0131\u015f a\u00e7\u0131s\u0131 kazand\u0131rmak i\u00e7in haz\u0131rlanm\u0131\u015ft\u0131r. <\/p>\n","protected":false},"excerpt":{"rendered":"<p>Elinizdeki bu kitap daha \u00f6nce koruma ve g\u00fcvenlik alan\u0131nda yaz\u0131lan ya da derlenen kitaplar format\u0131nda haz\u0131rlanmam\u0131\u015ft\u0131r. Elinize ald\u0131\u011f\u0131n\u0131zda ve kitab\u0131n sayfalar\u0131n\u0131 \u015f\u00f6yle h\u0131zl\u0131ca g\u00f6zden ge\u00e7irdi\u011finizde veya<span class=\"excerpt-hellip\"> [\u2026]<\/span><\/p>\n","protected":false},"featured_media":0,"template":"","meta":{"_monsterinsights_skip_tracking":false,"_monsterinsights_sitenote_active":false,"_monsterinsights_sitenote_note":"","_monsterinsights_sitenote_category":0},"product_brand":[],"product_cat":[13772,12364],"product_tag":[],"class_list":{"0":"post-773143","1":"product","2":"type-product","3":"status-publish","5":"product_cat-basvuru-kitaplari","6":"product_cat-genel-konular","7":"pa_cilt-ciltsiz","8":"pa_tur-kitap","9":"pa_yayinevi-soncag-akademik-kitaplar","10":"pa_yazar-burak-hayrettin-dogansoy","12":"first","13":"instock","14":"sale","15":"shipping-taxable","16":"purchasable","17":"product-type-simple"},"_links":{"self":[{"href":"https:\/\/roveyayinevi.com.tr\/index.php\/wp-json\/wp\/v2\/product\/773143","targetHints":{"allow":["GET"]}}],"collection":[{"href":"https:\/\/roveyayinevi.com.tr\/index.php\/wp-json\/wp\/v2\/product"}],"about":[{"href":"https:\/\/roveyayinevi.com.tr\/index.php\/wp-json\/wp\/v2\/types\/product"}],"wp:attachment":[{"href":"https:\/\/roveyayinevi.com.tr\/index.php\/wp-json\/wp\/v2\/media?parent=773143"}],"wp:term":[{"taxonomy":"product_brand","embeddable":true,"href":"https:\/\/roveyayinevi.com.tr\/index.php\/wp-json\/wp\/v2\/product_brand?post=773143"},{"taxonomy":"product_cat","embeddable":true,"href":"https:\/\/roveyayinevi.com.tr\/index.php\/wp-json\/wp\/v2\/product_cat?post=773143"},{"taxonomy":"product_tag","embeddable":true,"href":"https:\/\/roveyayinevi.com.tr\/index.php\/wp-json\/wp\/v2\/product_tag?post=773143"}],"curies":[{"name":"wp","href":"https:\/\/api.w.org\/{rel}","templated":true}]}}