{"id":773142,"date":"2025-08-28T16:05:21","date_gmt":"2025-08-28T13:05:21","guid":{"rendered":"https:\/\/roveyayinevi.com.tr\/index.php\/urun\/yasama-uyanmak\/"},"modified":"2026-04-15T03:39:23","modified_gmt":"2026-04-15T00:39:23","slug":"yasama-uyanmak","status":"publish","type":"product","link":"https:\/\/roveyayinevi.com.tr\/index.php\/urun\/yasama-uyanmak\/","title":{"rendered":"Ya\u015fama Uyanmak"},"content":{"rendered":"<p>Ya\u015fama Uyanmak &#8211;  Sovyetler Birli\u011fi\u2019nde K\u00f6r-Sa\u011f\u0131r \u00c7ocuklar\u0131n E\u011fitimi \u00dczerine, ciddi bir toplumsal sorunu, t\u00fcm psikolojik, e\u011fitimsel ve felsefi sonu\u00e7lar\u0131yla tart\u0131\u015fan bir \u00e7al\u0131\u015fma. Aleksandr Me\u015f\u00e7eryakov bu kitapta, k\u00f6r-sa\u011f\u0131r \u00e7ocuklar\u0131n yeti\u015ftirilmesi ve e\u011fitimiyle u\u011fra\u015fan Sovyet psikologlar ve e\u011fitimciler taraf\u0131ndan uzun y\u0131llar boyunca y\u00fcr\u00fct\u00fclen ara\u015ft\u0131rmalar\u0131n ve deneylerin sonu\u00e7lar\u0131n\u0131 sunuyor. G\u00f6rme-i\u015fitme yoklu\u011fu ve ikincisinin sonucu olan dilsizlik, bir \u00e7ocu\u011fun (\u00f6zel e\u011fitim almad\u0131k\u00e7a) \u00e7evresindeki insanlarla ileti\u015fim kurma \u015fans\u0131n\u0131 kaybetmesi demek. Me\u015f\u00e7eryakov, s\u00f6z konusu \u00e7ocuklar\u0131n zihinsel kapasitelerinin nas\u0131l geli\u015ftirildi\u011fini tart\u0131\u015f\u0131rken insan zihninin \u015fekilleni\u015fine dair teorik sorunlara yeni bir bak\u0131\u015f getiriyor. Dolay\u0131s\u0131yla bu ara\u015ft\u0131rma, k\u00f6r-sa\u011f\u0131r \u00e7ocuklar\u0131n geli\u015fimine \u00f6zg\u00fc belli \u00f6zelliklerin yan\u0131 s\u0131ra normal geli\u015fme \u00f6r\u00fcnt\u00fclerinin saptanmas\u0131na da odaklan\u0131yor. \u00c7ocu\u011fun g\u00fcnl\u00fck uygulama davran\u0131\u015flar\u0131 konusunda e\u011fitimi s\u0131ras\u0131ndaki ilk zihinsel geli\u015fmesinin \u00e7e\u015fitli y\u00f6nlerini inceliyor. Ya\u015fama Uyanmak &#8211;  Sovyetler Birli\u011fi\u2019nde K\u00f6r-Sa\u011f\u0131r \u00c7ocuklar\u0131n E\u011fitimi \u00dczerine, engelli \u00e7ocuklar\u0131n e\u011fitimiyle ilgilenen uzmanlar\u0131n oldu\u011fu kadar \u00e7ok daha geni\u015f bir okuyucu kitlesinin ilgisini \u00e7ekebilecek bir kitap. <\/p>\n","protected":false},"excerpt":{"rendered":"<p>Ya\u015fama Uyanmak &#8211; Sovyetler Birli\u011fi\u2019nde K\u00f6r-Sa\u011f\u0131r \u00c7ocuklar\u0131n E\u011fitimi \u00dczerine, ciddi bir toplumsal sorunu, t\u00fcm psikolojik, e\u011fitimsel ve felsefi sonu\u00e7lar\u0131yla tart\u0131\u015fan bir \u00e7al\u0131\u015fma. Aleksandr Me\u015f\u00e7eryakov bu kitapta,<span class=\"excerpt-hellip\"> [\u2026]<\/span><\/p>\n","protected":false},"featured_media":0,"template":"","meta":{"_monsterinsights_skip_tracking":false,"_monsterinsights_sitenote_active":false,"_monsterinsights_sitenote_note":"","_monsterinsights_sitenote_category":0},"product_brand":[],"product_cat":[13590,12337],"product_tag":[],"class_list":{"0":"post-773142","1":"product","2":"type-product","3":"status-publish","5":"product_cat-arastirma-inceleme-politika-siyaset","6":"product_cat-politika-siyaset","7":"pa_cilt-ciltsiz","8":"pa_tur-kitap","9":"pa_yayinevi-yordam-kitap","10":"pa_yazar-aleksandr-mesceryakov","12":"first","13":"instock","14":"sale","15":"shipping-taxable","16":"purchasable","17":"product-type-simple"},"_links":{"self":[{"href":"https:\/\/roveyayinevi.com.tr\/index.php\/wp-json\/wp\/v2\/product\/773142","targetHints":{"allow":["GET"]}}],"collection":[{"href":"https:\/\/roveyayinevi.com.tr\/index.php\/wp-json\/wp\/v2\/product"}],"about":[{"href":"https:\/\/roveyayinevi.com.tr\/index.php\/wp-json\/wp\/v2\/types\/product"}],"wp:attachment":[{"href":"https:\/\/roveyayinevi.com.tr\/index.php\/wp-json\/wp\/v2\/media?parent=773142"}],"wp:term":[{"taxonomy":"product_brand","embeddable":true,"href":"https:\/\/roveyayinevi.com.tr\/index.php\/wp-json\/wp\/v2\/product_brand?post=773142"},{"taxonomy":"product_cat","embeddable":true,"href":"https:\/\/roveyayinevi.com.tr\/index.php\/wp-json\/wp\/v2\/product_cat?post=773142"},{"taxonomy":"product_tag","embeddable":true,"href":"https:\/\/roveyayinevi.com.tr\/index.php\/wp-json\/wp\/v2\/product_tag?post=773142"}],"curies":[{"name":"wp","href":"https:\/\/api.w.org\/{rel}","templated":true}]}}