{"id":773141,"date":"2025-08-28T16:05:20","date_gmt":"2025-08-28T13:05:20","guid":{"rendered":"https:\/\/roveyayinevi.com.tr\/index.php\/urun\/ekonomi-politik-ve-marksist-elestirisi\/"},"modified":"2026-04-15T03:39:23","modified_gmt":"2026-04-15T00:39:23","slug":"ekonomi-politik-ve-marksist-elestirisi","status":"publish","type":"product","link":"https:\/\/roveyayinevi.com.tr\/index.php\/urun\/ekonomi-politik-ve-marksist-elestirisi\/","title":{"rendered":"Ekonomi Politik ve Marksist Ele\u015ftirisi"},"content":{"rendered":"<p>Ekonomi Politik ve Marksist Ele\u015ftirisi, Sungur Savran\u2019\u0131n doktora tezinin kitapla\u015ft\u0131r\u0131lm\u0131\u015f halidir. Bu kitap \u00fc\u00e7 ayr\u0131 ama\u00e7la okunabilir. \u00d6nce, Karl Marx\u2019\u0131n kapitalist \u00fcretim tarz\u0131 analizinin \u00f6zenli bir sergilemesi olarak. Bunun i\u00e7in kitab\u0131n Marx\u2019a ili\u015fkin iki ana b\u00f6l\u00fcm\u00fcn\u00fc okumak yeterli olacakt\u0131r. Bu kitap Marx\u2019\u0131n Kapital\u2019ine yetkin bir giri\u015ftir. \u0130kincisi, Adam Smith ve David Ricardo\u2019da doru\u011funa ula\u015fan klasik ekonomi politik okulu kar\u015f\u0131s\u0131nda Marx\u2019\u0131n konumunu anlamak i\u00e7in. Marx\u2019\u0131n bu iki d\u00fc\u015f\u00fcn\u00fcrden devrald\u0131\u011f\u0131 ba\u015flang\u0131\u00e7 noktalar\u0131n\u0131 \u00e7ok \u00f6telere ta\u015f\u0131d\u0131\u011f\u0131n\u0131 ve bu sayede kapitalizmin kendisini de ele\u015ftirdi\u011fini g\u00f6rmek i\u00e7in. Bu okuma, Marx\u2019a ili\u015fkin iki ana b\u00f6l\u00fcm\u00fcn yan\u0131 s\u0131ra Smith ve Ricardo b\u00f6l\u00fcmlerini de kapsayacakt\u0131r. \u00dc\u00e7\u00fcnc\u00fcs\u00fc, 20. y\u00fczy\u0131lda Marx\u2019\u0131n kapitalizm analizine y\u00f6neltilmi\u015f olan en b\u00fcy\u00fck teorik taarruzdan do\u011fan tart\u0131\u015fmay\u0131 \u00f6\u011frenmek i\u00e7in. Bu tart\u0131\u015fma, 1970\u2019li ve 1980\u2019li y\u0131llarda b\u00fct\u00fcn Marksist iktisat\u00e7\u0131lar\u0131n g\u00fcndeminin ba\u015f k\u00f6\u015fesine yerle\u015fmi\u015fti. Tart\u0131\u015fman\u0131n k\u00f6keninde epeyce ilgin\u00e7 bir \u015fahsiyet vard\u0131: 1926\u2019dan 1937\u2019de \u00f6lene kadar Mussolini fa\u015fizminin zindan\u0131nda kalan b\u00fcy\u00fck \u0130talyan devrimcisi Antonio Gramsci\u2019nin en yak\u0131n ki\u015fisel arkada\u015f\u0131, onun hapishanedeki b\u00fct\u00fcn ihtiya\u00e7lar\u0131n\u0131 kar\u015f\u0131lamak i\u00e7in \u00e7\u0131rp\u0131nan, kendisi de kom\u00fcnist olan Piero Sraffa. Onun Mallar\u0131n Mallarla \u00dcretimi ba\u015fl\u0131\u011f\u0131yla T\u00fcrk\u00e7eye \u00e7evrilmi\u015f ve Yordam Kitap taraf\u0131ndan yay\u0131nlanm\u0131\u015f olan ba\u015feseri 1960\u2019l\u0131 ve 1970\u2019li y\u0131llar\u0131n bu tart\u0131\u015fmas\u0131na kaynak oluyordu. Sraffa tart\u0131\u015fmaya en ufak bir m\u00fcdahalede bulunmayacakt\u0131. Ama \u00f6\u011frencileri Marksist de\u011fer ve art\u0131k de\u011fer teorisine y\u00f6nelik reddiyeyi b\u00fct\u00fcn\u00fcyle onun yap\u0131t\u0131na dayand\u0131r\u0131yordu. Sungur Savran\u2019\u0131n doktora tezi bir b\u00fct\u00fcn olarak bu b\u00fcy\u00fck teorik muharebeyi anlat\u0131yor. <\/p>\n","protected":false},"excerpt":{"rendered":"<p>Ekonomi Politik ve Marksist Ele\u015ftirisi, Sungur Savran\u2019\u0131n doktora tezinin kitapla\u015ft\u0131r\u0131lm\u0131\u015f halidir. Bu kitap \u00fc\u00e7 ayr\u0131 ama\u00e7la okunabilir. \u00d6nce, Karl Marx\u2019\u0131n kapitalist \u00fcretim tarz\u0131 analizinin \u00f6zenli bir<span class=\"excerpt-hellip\"> [\u2026]<\/span><\/p>\n","protected":false},"featured_media":0,"template":"","meta":{"_monsterinsights_skip_tracking":false,"_monsterinsights_sitenote_active":false,"_monsterinsights_sitenote_note":"","_monsterinsights_sitenote_category":0},"product_brand":[],"product_cat":[13590,12337],"product_tag":[],"class_list":{"0":"post-773141","1":"product","2":"type-product","3":"status-publish","5":"product_cat-arastirma-inceleme-politika-siyaset","6":"product_cat-politika-siyaset","7":"pa_cilt-ciltsiz","8":"pa_tur-kitap","9":"pa_yayinevi-yordam-kitap","10":"pa_yazar-sungur-savran","12":"first","13":"instock","14":"sale","15":"shipping-taxable","16":"purchasable","17":"product-type-simple"},"_links":{"self":[{"href":"https:\/\/roveyayinevi.com.tr\/index.php\/wp-json\/wp\/v2\/product\/773141","targetHints":{"allow":["GET"]}}],"collection":[{"href":"https:\/\/roveyayinevi.com.tr\/index.php\/wp-json\/wp\/v2\/product"}],"about":[{"href":"https:\/\/roveyayinevi.com.tr\/index.php\/wp-json\/wp\/v2\/types\/product"}],"wp:attachment":[{"href":"https:\/\/roveyayinevi.com.tr\/index.php\/wp-json\/wp\/v2\/media?parent=773141"}],"wp:term":[{"taxonomy":"product_brand","embeddable":true,"href":"https:\/\/roveyayinevi.com.tr\/index.php\/wp-json\/wp\/v2\/product_brand?post=773141"},{"taxonomy":"product_cat","embeddable":true,"href":"https:\/\/roveyayinevi.com.tr\/index.php\/wp-json\/wp\/v2\/product_cat?post=773141"},{"taxonomy":"product_tag","embeddable":true,"href":"https:\/\/roveyayinevi.com.tr\/index.php\/wp-json\/wp\/v2\/product_tag?post=773141"}],"curies":[{"name":"wp","href":"https:\/\/api.w.org\/{rel}","templated":true}]}}