{"id":773140,"date":"2025-08-28T16:05:17","date_gmt":"2025-08-28T13:05:17","guid":{"rendered":"https:\/\/roveyayinevi.com.tr\/index.php\/urun\/kirmizi-paltolular\/"},"modified":"2026-04-15T03:39:23","modified_gmt":"2026-04-15T00:39:23","slug":"kirmizi-paltolular","status":"publish","type":"product","link":"https:\/\/roveyayinevi.com.tr\/index.php\/urun\/kirmizi-paltolular\/","title":{"rendered":"K\u0131rm\u0131z\u0131 Paltolular"},"content":{"rendered":"<p>Hayat, her g\u00fcn yeni bir ba\u015flang\u0131\u00e7.Ekran bir s\u00fcre hareketsiz kald\u0131. Alberto muhtemelen d\u00fc\u015f\u00fcn\u00fcyordu. Paolina ve Mattia&#8217;n\u0131nsa i\u00e7i kayn\u0131yordu. Evet, \u015fimdi d\u00fc\u015f\u00fcn\u00fcnce&#8230; Annemle arabayla eve d\u00f6nerken kar\u015f\u0131dan kar\u015f\u0131ya ge\u00e7en bir kad\u0131n g\u00f6rd\u00fcm. Hatta neredeyse kendini araban\u0131n alt\u0131na att\u0131, onu az kals\u0131n eziyorduk. K\u0131rm\u0131z\u0131 bir palto giyiyordu ve bana da tuhaf bir \u015fekilde bakt\u0131&#8230; Niye sordun, tan\u0131yor musun? Paolina ve Mattia birbirlerine bakakald\u0131lar. Art\u0131k bu bir tesad\u00fcf olamazd\u0131. Albi, okuldan sonra hemen benim evde bulu\u015fal\u0131m. Konu\u015fmam\u0131z laz\u0131m. M\u00fcmk\u00fcn olur olmaz gel. \u0130yi ama neden? demeyi denedi Alberto. Sen gel sadece, burdan konu\u015fmak i\u00e7in fazla sa\u00e7ma bir \u015fey.Onlar\u0131 d\u00fc\u015f\u00fcnen aileleri, sevdikleri ve pe\u015finde ko\u015ftuklar\u0131 tutkular\u0131 vard\u0131. Birbirine benzemez liseli d\u00f6rt gencin \u015fans\u0131, k\u0131rm\u0131z\u0131 paltolu kad\u0131nlar\u0131 g\u00f6rmeye ba\u015flad\u0131klar\u0131nda aniden a\u00e7\u0131ld\u0131. Y\u00fcksek notlar, ke\u015ffedilen yetenekler, ilan\u0131a\u015fklar, atlat\u0131lan \u00f6l\u00fcmc\u00fcl bir kaza\u2026 Bunlar\u0131n hepsi, ge\u00e7mi\u015fin s\u0131rlar\u0131n\u0131 ta\u015f\u0131yan esrarengiz kad\u0131nlar\u0131n i\u015fi olabilir miydi? Niyetleri neydi?\u0130nsan\u0131n i\u00e7d\u00fcnyas\u0131na, \u00e7ok katmanl\u0131 distopik romanlarla ayna tutan \u0130talyan yazar Luigi Ballerini,K\u0131rm\u0131z\u0131 Paltolular\u2019da haf\u0131za ve kimlik \u00fczerine d\u00fc\u015f\u00fcnd\u00fcr\u00fcyor. Aile ve gen\u00e7lik \u00e7at\u0131\u015fmalar\u0131n\u0131, aidiyet duygusu aray\u0131\u015f\u0131n\u0131 sorgularken bizi d\u00fcnyaya getiren biri i\u00e7in neleri, kimleri geride b\u0131rakabiliriz sorusunu tart\u0131\u015fmaya a\u00e7\u0131yor.<\/p>\n","protected":false},"excerpt":{"rendered":"<p>Hayat, her g\u00fcn yeni bir ba\u015flang\u0131\u00e7.Ekran bir s\u00fcre hareketsiz kald\u0131. Alberto muhtemelen d\u00fc\u015f\u00fcn\u00fcyordu. Paolina ve Mattia&#8217;n\u0131nsa i\u00e7i kayn\u0131yordu. Evet, \u015fimdi d\u00fc\u015f\u00fcn\u00fcnce&#8230; Annemle arabayla eve d\u00f6nerken kar\u015f\u0131dan<span class=\"excerpt-hellip\"> [\u2026]<\/span><\/p>\n","protected":false},"featured_media":0,"template":"","meta":{"_monsterinsights_skip_tracking":false,"_monsterinsights_sitenote_active":false,"_monsterinsights_sitenote_note":"","_monsterinsights_sitenote_category":0},"product_brand":[],"product_cat":[12291,12711],"product_tag":[],"class_list":{"0":"post-773140","1":"product","2":"type-product","3":"status-publish","5":"product_cat-edebiyat","6":"product_cat-roman-oyku","7":"pa_cilt-ciltsiz","8":"pa_tur-kitap","9":"pa_yayinevi-on8-kitap","10":"pa_yazar-luigi-ballerini","12":"first","13":"instock","14":"sale","15":"shipping-taxable","16":"purchasable","17":"product-type-simple"},"_links":{"self":[{"href":"https:\/\/roveyayinevi.com.tr\/index.php\/wp-json\/wp\/v2\/product\/773140","targetHints":{"allow":["GET"]}}],"collection":[{"href":"https:\/\/roveyayinevi.com.tr\/index.php\/wp-json\/wp\/v2\/product"}],"about":[{"href":"https:\/\/roveyayinevi.com.tr\/index.php\/wp-json\/wp\/v2\/types\/product"}],"wp:attachment":[{"href":"https:\/\/roveyayinevi.com.tr\/index.php\/wp-json\/wp\/v2\/media?parent=773140"}],"wp:term":[{"taxonomy":"product_brand","embeddable":true,"href":"https:\/\/roveyayinevi.com.tr\/index.php\/wp-json\/wp\/v2\/product_brand?post=773140"},{"taxonomy":"product_cat","embeddable":true,"href":"https:\/\/roveyayinevi.com.tr\/index.php\/wp-json\/wp\/v2\/product_cat?post=773140"},{"taxonomy":"product_tag","embeddable":true,"href":"https:\/\/roveyayinevi.com.tr\/index.php\/wp-json\/wp\/v2\/product_tag?post=773140"}],"curies":[{"name":"wp","href":"https:\/\/api.w.org\/{rel}","templated":true}]}}