{"id":773139,"date":"2025-08-28T16:05:15","date_gmt":"2025-08-28T13:05:15","guid":{"rendered":"https:\/\/roveyayinevi.com.tr\/index.php\/urun\/risk-toplumu-baska-bir-modernlige-dogru\/"},"modified":"2026-04-15T03:39:23","modified_gmt":"2026-04-15T00:39:23","slug":"risk-toplumu-baska-bir-modernlige-dogru","status":"publish","type":"product","link":"https:\/\/roveyayinevi.com.tr\/index.php\/urun\/risk-toplumu-baska-bir-modernlige-dogru\/","title":{"rendered":"Risk Toplumu: Ba\u015fka Bir Modernli\u011fe Do\u011fru"},"content":{"rendered":"<p>\u201cUygarl\u0131\u011f\u0131n do\u011furdu\u011fu tehditler, \u0130lk \u00c7a\u011f\u2019daki tanr\u0131 ve \u015feytanlarla kar\u015f\u0131la\u015ft\u0131r\u0131labilecek, g\u00f6ru\u0308nen du\u0308nyan\u0131n arkas\u0131nda sakl\u0131 olan ve yeryu\u0308zu\u0308nde insan ya\u015fam\u0131n\u0131 tehdit eden yeni bir tu\u0308r \u2018g\u00f6lge krall\u0131\u011f\u0131\u2019 meydana getiriyorlar. Gu\u0308nu\u0308mu\u0308zde insanlar art\u0131k e\u015fyalarda bulundu\u011funa inan\u0131lan \u2018ruhlar\u2019 ile konu\u015fmuyor, bilakis \u2018radyasyona\u2019 maruz kal\u0131yor, \u2018toksinli i\u00e7erikleri\u2019 yutuyor ve \u2018nu\u0308kleer soyk\u0131r\u0131m\u2019 endi\u015felerinden ru\u0308yalar\u0131nda bile kurtulam\u0131yorlar.\u201d   Ulrich Beck\u2019in ba\u015fyap\u0131t\u0131 olan Risk Toplumu, yirminci y\u00fczy\u0131l\u0131n sonlar\u0131nda Avrupa\u2019dan \u00e7\u0131km\u0131\u015f en etkili toplumsal analiz eserlerinden biri h\u00e2line geldi ve ilk yay\u0131mlan\u0131\u015f\u0131n\u0131n ard\u0131ndan ge\u00e7en yakla\u015f\u0131k otuz y\u0131ll\u0131k s\u00fcrede b\u00fcy\u00fck sat\u0131\u015f rakamlar\u0131na ula\u015ft\u0131. Hem disiplinler aras\u0131nda hem de kamuoyunda yaratt\u0131\u011f\u0131 etki a\u00e7\u0131s\u0131ndan, Habermas\u2019\u0131n Kamusall\u0131\u011f\u0131n Yap\u0131sal D\u00f6n\u00fc\u015f\u00fcm\u00fc\u2019yle kar\u015f\u0131la\u015ft\u0131r\u0131labilecek olan Risk Toplumu sosyoloji ve sosyal teori alan\u0131nda bir klasi\u011fe d\u00f6n\u00fc\u015fm\u00fc\u015ft\u00fcr. Bat\u0131l\u0131 sanayi toplumunun yer yer \u201cAyd\u0131nlanma-sonras\u0131\u201d, \u201cFordizm-sonras\u0131\u201d ya da \u201cpostmodern\u201d diye tan\u0131mlanan tayin edici bir ge\u00e7i\u015f d\u00f6neminde oldu\u011fu geni\u015f kabul g\u00f6ren bir g\u00f6r\u00fc\u015ft\u00fcr. Beck onun yerine d\u00f6n\u00fc\u015fl\u00fcl\u00fc\u011f\u00fcn\/refleksifli\u011fin h\u00e2kim oldu\u011fu farkl\u0131 bir modernlikle kar\u015f\u0131 kar\u015f\u0131ya oldu\u011fumuzu \u00f6ne s\u00fcr\u00fcyor ve bu \u00e7er\u00e7evede toplumun k\u00fcresel \u00e7aptaki de\u011fi\u015fiminin do\u011frultusuna dair tutarl\u0131 bir tablo ortaya koyuyor. Beck\u2019in analizinin temelinde \u201crisk toplumu\u201d nosyonu yat\u0131yor. Yazara g\u00f6re, bilimsel ve teknik bilgiye dayal\u0131 b\u00fct\u00fcnselle\u015ftirici, k\u00fcreselle\u015ftirici ekonomi, toplumsal \u00f6rg\u00fctlenme ve toplumsal \u00e7at\u0131\u015fman\u0131n giderek merkezine kayarken, toplumun \u00fcretim ve b\u00f6l\u00fc\u015f\u00fcmle ili\u015fkisinin do\u011fas\u0131ndaki de\u011fi\u015fimler \u00e7evresel fakt\u00f6rlerden etkileniyor. Beck, bu \u00e7er\u00e7evede mevcut toplumsal geli\u015fimin di\u011fer ana unsurlar\u0131n\u0131 da ele al\u0131yor: bilginin siyasal iktisad\u0131n\u0131n merkezili\u011fi; yeni \u00e7al\u0131\u015fma ortam\u0131nda s\u0131n\u0131f ve cinsiyetin rollerinde meydana gelen de\u011fi\u015fim; ayr\u0131ca risk toplumunda siyasetin konumu. <\/p>\n","protected":false},"excerpt":{"rendered":"<p>\u201cUygarl\u0131\u011f\u0131n do\u011furdu\u011fu tehditler, \u0130lk \u00c7a\u011f\u2019daki tanr\u0131 ve \u015feytanlarla kar\u015f\u0131la\u015ft\u0131r\u0131labilecek, g\u00f6ru\u0308nen du\u0308nyan\u0131n arkas\u0131nda sakl\u0131 olan ve yeryu\u0308zu\u0308nde insan ya\u015fam\u0131n\u0131 tehdit eden yeni bir tu\u0308r \u2018g\u00f6lge krall\u0131\u011f\u0131\u2019 meydana<span class=\"excerpt-hellip\"> [\u2026]<\/span><\/p>\n","protected":false},"featured_media":0,"template":"","meta":{"_monsterinsights_skip_tracking":false,"_monsterinsights_sitenote_active":false,"_monsterinsights_sitenote_note":"","_monsterinsights_sitenote_category":0},"product_brand":[],"product_cat":[16038,12388],"product_tag":[],"class_list":{"0":"post-773139","1":"product","2":"type-product","3":"status-publish","5":"product_cat-arastirma-inceleme-referans-felsefe","6":"product_cat-felsefe","7":"pa_cilt-ciltsiz","8":"pa_tur-kitap","9":"pa_yayinevi-minotor-kitap","10":"pa_yazar-ulrich-beck","12":"first","13":"instock","14":"sale","15":"shipping-taxable","16":"purchasable","17":"product-type-simple"},"_links":{"self":[{"href":"https:\/\/roveyayinevi.com.tr\/index.php\/wp-json\/wp\/v2\/product\/773139","targetHints":{"allow":["GET"]}}],"collection":[{"href":"https:\/\/roveyayinevi.com.tr\/index.php\/wp-json\/wp\/v2\/product"}],"about":[{"href":"https:\/\/roveyayinevi.com.tr\/index.php\/wp-json\/wp\/v2\/types\/product"}],"wp:attachment":[{"href":"https:\/\/roveyayinevi.com.tr\/index.php\/wp-json\/wp\/v2\/media?parent=773139"}],"wp:term":[{"taxonomy":"product_brand","embeddable":true,"href":"https:\/\/roveyayinevi.com.tr\/index.php\/wp-json\/wp\/v2\/product_brand?post=773139"},{"taxonomy":"product_cat","embeddable":true,"href":"https:\/\/roveyayinevi.com.tr\/index.php\/wp-json\/wp\/v2\/product_cat?post=773139"},{"taxonomy":"product_tag","embeddable":true,"href":"https:\/\/roveyayinevi.com.tr\/index.php\/wp-json\/wp\/v2\/product_tag?post=773139"}],"curies":[{"name":"wp","href":"https:\/\/api.w.org\/{rel}","templated":true}]}}