{"id":773138,"date":"2025-08-28T16:05:12","date_gmt":"2025-08-28T13:05:12","guid":{"rendered":"https:\/\/roveyayinevi.com.tr\/index.php\/urun\/evde-harika-zaman-gecirme-rehberi-aktivite-kitabi\/"},"modified":"2026-04-15T03:39:23","modified_gmt":"2026-04-15T00:39:23","slug":"evde-harika-zaman-gecirme-rehberi-aktivite-kitabi","status":"publish","type":"product","link":"https:\/\/roveyayinevi.com.tr\/index.php\/urun\/evde-harika-zaman-gecirme-rehberi-aktivite-kitabi\/","title":{"rendered":"Evde Harika Zaman Ge\u00e7irme Rehberi\/ Aktivite Kitab\u0131"},"content":{"rendered":"<p>\u0130\u015fte uzun zamand\u0131r bekledi\u011fin, CAN SIKINTISINA SON VEREN o harika kitap!   Hi\u00e7 evde t\u0131k\u0131l\u0131p kald\u0131\u011f\u0131n ve yapacak bir \u015fey bulamad\u0131\u011f\u0131n bir g\u00fcn oldu mu? Elbette oldu! Hepimizin olmu\u015ftur. Ama bu kitapla art\u0131k can s\u0131k\u0131nt\u0131s\u0131na elveda diyebilirsin. \u0130\u00e7inde seni bekleyen 100\u2019den fazla harika fikir var: yapabilece\u011fin ilgin\u00e7 \u015feyler, yarat\u0131c\u0131l\u0131\u011f\u0131n\u0131 konu\u015fturaca\u011f\u0131n e\u011flenceli etkinlikler ve harekete ge\u00e7meni sa\u011flayacak aktiviteler\u2026 \u0130ster evde tek ba\u015f\u0131na ol, istersen ailenle ya da arkada\u015flar\u0131nla birlikte \u2013hatta onlardan kilometrelerce uzakta bile olsan\u2013 bu kitapta mutlaka sana g\u00f6re bir \u015feyler var. <\/p>\n","protected":false},"excerpt":{"rendered":"<p>\u0130\u015fte uzun zamand\u0131r bekledi\u011fin, CAN SIKINTISINA SON VEREN o harika kitap! Hi\u00e7 evde t\u0131k\u0131l\u0131p kald\u0131\u011f\u0131n ve yapacak bir \u015fey bulamad\u0131\u011f\u0131n bir g\u00fcn oldu mu? Elbette oldu!<span class=\"excerpt-hellip\"> [\u2026]<\/span><\/p>\n","protected":false},"featured_media":0,"template":"","meta":{"_monsterinsights_skip_tracking":false,"_monsterinsights_sitenote_active":false,"_monsterinsights_sitenote_note":"","_monsterinsights_sitenote_category":0},"product_brand":[],"product_cat":[12274,15842],"product_tag":[],"class_list":{"0":"post-773138","1":"product","2":"type-product","3":"status-publish","5":"product_cat-cocuk-ve-genclik-kitaplari","6":"product_cat-egitici-kitaplar","7":"pa_cilt-ciltsiz","8":"pa_tur-kitap","9":"pa_yayinevi-ithaki-yayinlari","10":"pa_yazar-mike-lowery","12":"first","13":"instock","14":"sale","15":"shipping-taxable","16":"purchasable","17":"product-type-simple"},"_links":{"self":[{"href":"https:\/\/roveyayinevi.com.tr\/index.php\/wp-json\/wp\/v2\/product\/773138","targetHints":{"allow":["GET"]}}],"collection":[{"href":"https:\/\/roveyayinevi.com.tr\/index.php\/wp-json\/wp\/v2\/product"}],"about":[{"href":"https:\/\/roveyayinevi.com.tr\/index.php\/wp-json\/wp\/v2\/types\/product"}],"wp:attachment":[{"href":"https:\/\/roveyayinevi.com.tr\/index.php\/wp-json\/wp\/v2\/media?parent=773138"}],"wp:term":[{"taxonomy":"product_brand","embeddable":true,"href":"https:\/\/roveyayinevi.com.tr\/index.php\/wp-json\/wp\/v2\/product_brand?post=773138"},{"taxonomy":"product_cat","embeddable":true,"href":"https:\/\/roveyayinevi.com.tr\/index.php\/wp-json\/wp\/v2\/product_cat?post=773138"},{"taxonomy":"product_tag","embeddable":true,"href":"https:\/\/roveyayinevi.com.tr\/index.php\/wp-json\/wp\/v2\/product_tag?post=773138"}],"curies":[{"name":"wp","href":"https:\/\/api.w.org\/{rel}","templated":true}]}}