{"id":773136,"date":"2025-08-28T16:05:07","date_gmt":"2025-08-28T13:05:07","guid":{"rendered":"https:\/\/roveyayinevi.com.tr\/index.php\/urun\/misafir-4\/"},"modified":"2026-04-15T03:39:23","modified_gmt":"2026-04-15T00:39:23","slug":"misafir-4","status":"publish","type":"product","link":"https:\/\/roveyayinevi.com.tr\/index.php\/urun\/misafir-4\/","title":{"rendered":"Misafir"},"content":{"rendered":"<p>\u00c7ok k\u00f6tu\u0308 bir \u015fey olmad\u0131, dedi kendi kendine, u\u0308stesinden gelinemeyecek bir \u015fey de\u011fil \u2013 bu sadece k\u0131sa bir ru\u0308yayd\u0131, kuma\u015fta her zaman meydana gelebilecek hafif bir s\u00f6ku\u0308ktu\u0308 ve \u015fimdi a\u00e7\u0131klanm\u0131\u015f ve hesab\u0131 verilmi\u015fti.   Alex kendine gu\u0308venen, \u00e7ekici bir gen\u00e7 kad\u0131n; zengin sevgilisiyle aralar\u0131 bozulunca, \u00e2deta evden kovulur; pe\u015fine du\u0308\u015fmesinden endi\u015felendi\u011fi eski erkek arkada\u015f\u0131, destek bulamad\u0131\u011f\u0131 dostlar\u0131 ve bozulan telefonu \u00e7aresizli\u011fini daha da art\u0131r\u0131r. Yeni bir yol bulmaktansa k\u0131r\u0131lan\u0131 onarmay\u0131 se\u00e7er: Sevgilisinin bir hafta sonra verece\u011fi partide su\u0308rpriz yaparak ili\u015fkilerini du\u0308zeltmeye karar verir, b\u00f6ylece kendisine sa\u011flanan konforlu hayata da geri d\u00f6nebilecektir. Tek gereken o yaz sonunda bir haftay\u0131 Long Island B\u00f6lgesi\u2019nde ge\u00e7irmektir: Evsiz ve paras\u0131z, tu\u0308m belirsizliklere ra\u011fmen umudunu kaybetmeden.   Du\u0308\u015fu\u0308k yo\u011funluklu olsa da kendine has, su\u0308rekli bir gerilim sunan Emma Cline, 2024\u2019te PEN\/Faulkner \u00d6du\u0308lu\u0308\u2019ne aday olan kitab\u0131yla bu kez, Muhte\u015fem Gatsby\u2019ler aras\u0131nda ge\u00e7en olaylardan ziyade karakterlerinin ruh h\u00e2llerine odaklan\u0131yor; \u00f6zellikle kad\u0131n bedenine y\u00f6nelen bak\u0131\u015flar ve s\u0131n\u0131fsal farklar roman\u0131n zeminini olu\u015fturuyor.   M\u0130SAF\u0130R, GEN\u00c7 B\u0130R KADININ, G\u00dc\u00c7 \u0130LE K\u0130MSES\u0130ZL\u0130K ARASINDA, A\u0130D\u0130YETS\u0130ZL\u0130\u011e\u0130N TED\u0130RG\u0130NL\u0130\u011e\u0130YLE YAPTI\u011eI YOLCULU\u011eUNUN H\u0130K\u00c2YES\u0130. \u201cMisafir\u2019de zekice g\u00f6zlemlenen patoloji, herkesin hayalindeki bir ideale u\u0308rpertici oranda benzemeseydi bu kadar sinir bozucu hissettirmezdi.\u201d \u2013Geoff Dyer   \u201c[Alex\u2019in] \u00e7aresizlik ve talihsizliklerle dolu yolculu\u011fu Z Ku\u015fa\u011f\u0131\u2019n\u0131n Barry London\u2019\u0131 gibi hissettiriyor.\u201d \u2013BuzzFeed   \u201c&#8230;yu\u0308zeyin alt\u0131nda s\u0131n\u0131f mu\u0308cadelesinin kaynad\u0131\u011f\u0131 kayg\u0131 dolu bir du\u0308nyaya su\u0308ru\u0308klu\u0308yor&#8230;\u201d \u2013TIME <\/p>\n","protected":false},"excerpt":{"rendered":"<p>\u00c7ok k\u00f6tu\u0308 bir \u015fey olmad\u0131, dedi kendi kendine, u\u0308stesinden gelinemeyecek bir \u015fey de\u011fil \u2013 bu sadece k\u0131sa bir ru\u0308yayd\u0131, kuma\u015fta her zaman meydana gelebilecek hafif bir<span class=\"excerpt-hellip\"> [\u2026]<\/span><\/p>\n","protected":false},"featured_media":0,"template":"","meta":{"_monsterinsights_skip_tracking":false,"_monsterinsights_sitenote_active":false,"_monsterinsights_sitenote_note":"","_monsterinsights_sitenote_category":0},"product_brand":[],"product_cat":[12291,12711],"product_tag":[],"class_list":{"0":"post-773136","1":"product","2":"type-product","3":"status-publish","5":"product_cat-edebiyat","6":"product_cat-roman-oyku","7":"pa_cilt-ciltsiz","8":"pa_tur-kitap","9":"pa_yayinevi-ithaki-yayinlari","10":"pa_yazar-emma-cline","12":"first","13":"instock","14":"sale","15":"shipping-taxable","16":"purchasable","17":"product-type-simple"},"_links":{"self":[{"href":"https:\/\/roveyayinevi.com.tr\/index.php\/wp-json\/wp\/v2\/product\/773136","targetHints":{"allow":["GET"]}}],"collection":[{"href":"https:\/\/roveyayinevi.com.tr\/index.php\/wp-json\/wp\/v2\/product"}],"about":[{"href":"https:\/\/roveyayinevi.com.tr\/index.php\/wp-json\/wp\/v2\/types\/product"}],"wp:attachment":[{"href":"https:\/\/roveyayinevi.com.tr\/index.php\/wp-json\/wp\/v2\/media?parent=773136"}],"wp:term":[{"taxonomy":"product_brand","embeddable":true,"href":"https:\/\/roveyayinevi.com.tr\/index.php\/wp-json\/wp\/v2\/product_brand?post=773136"},{"taxonomy":"product_cat","embeddable":true,"href":"https:\/\/roveyayinevi.com.tr\/index.php\/wp-json\/wp\/v2\/product_cat?post=773136"},{"taxonomy":"product_tag","embeddable":true,"href":"https:\/\/roveyayinevi.com.tr\/index.php\/wp-json\/wp\/v2\/product_tag?post=773136"}],"curies":[{"name":"wp","href":"https:\/\/api.w.org\/{rel}","templated":true}]}}