{"id":773135,"date":"2025-08-28T16:05:05","date_gmt":"2025-08-28T13:05:05","guid":{"rendered":"https:\/\/roveyayinevi.com.tr\/index.php\/urun\/mob-psycho-100-3-cilt\/"},"modified":"2026-04-15T03:39:23","modified_gmt":"2026-04-15T00:39:23","slug":"mob-psycho-100-3-cilt","status":"publish","type":"product","link":"https:\/\/roveyayinevi.com.tr\/index.php\/urun\/mob-psycho-100-3-cilt\/","title":{"rendered":"Mob Psycho 100 \u2013 3. Cilt"},"content":{"rendered":"<p>MOB, KUROZU ORTAOKULU\u2019NUN G\u0130ZL\u0130 L\u0130DER\u0130 TERU\u2019YLA KAR\u015eILA\u015eMASINDA \u201c\u015e\u0130DDET \u0130\u00c7ERMEYEN\u201d TUTUMUNA SADIK KALIP G\u00dc\u00c7LER\u0130N\u0130 KULLANMADI\u011eI \u0130\u00c7\u0130N BAYILIR. TAM HER \u015eEY B\u0130TM\u0130\u015e G\u0130B\u0130YKEN, MOB\u2019UN B\u0130L\u0130NC\u0130N\u0130N \u00d6TES\u0130NDEN \u201cB\u0130R \u015eEY\u201d UYANIR\u2026?!! \u00d6TE YANDAN AB\u0130S\u0130NE HAYRANLIK DUYAN ERKEK KARDE\u015e\u0130 R\u0130TSU\u2019NUN ETRAFINDA \u0130SE YEPYEN\u0130 B\u0130R H\u0130K\u00c2YE BA\u015eLAR!!! <\/p>\n","protected":false},"excerpt":{"rendered":"<p>MOB, KUROZU ORTAOKULU\u2019NUN G\u0130ZL\u0130 L\u0130DER\u0130 TERU\u2019YLA KAR\u015eILA\u015eMASINDA \u201c\u015e\u0130DDET \u0130\u00c7ERMEYEN\u201d TUTUMUNA SADIK KALIP G\u00dc\u00c7LER\u0130N\u0130 KULLANMADI\u011eI \u0130\u00c7\u0130N BAYILIR. TAM HER \u015eEY B\u0130TM\u0130\u015e G\u0130B\u0130YKEN, MOB\u2019UN B\u0130L\u0130NC\u0130N\u0130N \u00d6TES\u0130NDEN \u201cB\u0130R \u015eEY\u201d<span class=\"excerpt-hellip\"> [\u2026]<\/span><\/p>\n","protected":false},"featured_media":0,"template":"","meta":{"_monsterinsights_skip_tracking":false,"_monsterinsights_sitenote_active":false,"_monsterinsights_sitenote_note":"","_monsterinsights_sitenote_category":0},"product_brand":[],"product_cat":[12416,12291],"product_tag":[],"class_list":{"0":"post-773135","1":"product","2":"type-product","3":"status-publish","5":"product_cat-cizgi-roman","6":"product_cat-edebiyat","7":"pa_cilt-ciltsiz","8":"pa_tur-kitap","9":"pa_yayinevi-ithaki-yayinlari","10":"pa_yazar-one","12":"first","13":"instock","14":"sale","15":"shipping-taxable","16":"purchasable","17":"product-type-simple"},"_links":{"self":[{"href":"https:\/\/roveyayinevi.com.tr\/index.php\/wp-json\/wp\/v2\/product\/773135","targetHints":{"allow":["GET"]}}],"collection":[{"href":"https:\/\/roveyayinevi.com.tr\/index.php\/wp-json\/wp\/v2\/product"}],"about":[{"href":"https:\/\/roveyayinevi.com.tr\/index.php\/wp-json\/wp\/v2\/types\/product"}],"wp:attachment":[{"href":"https:\/\/roveyayinevi.com.tr\/index.php\/wp-json\/wp\/v2\/media?parent=773135"}],"wp:term":[{"taxonomy":"product_brand","embeddable":true,"href":"https:\/\/roveyayinevi.com.tr\/index.php\/wp-json\/wp\/v2\/product_brand?post=773135"},{"taxonomy":"product_cat","embeddable":true,"href":"https:\/\/roveyayinevi.com.tr\/index.php\/wp-json\/wp\/v2\/product_cat?post=773135"},{"taxonomy":"product_tag","embeddable":true,"href":"https:\/\/roveyayinevi.com.tr\/index.php\/wp-json\/wp\/v2\/product_tag?post=773135"}],"curies":[{"name":"wp","href":"https:\/\/api.w.org\/{rel}","templated":true}]}}