{"id":773133,"date":"2025-08-28T16:05:01","date_gmt":"2025-08-28T13:05:01","guid":{"rendered":"https:\/\/roveyayinevi.com.tr\/index.php\/urun\/yeni-kent-sosyolojisinin-yukselisi-ve-cokusu\/"},"modified":"2026-04-15T03:39:23","modified_gmt":"2026-04-15T00:39:23","slug":"yeni-kent-sosyolojisinin-yukselisi-ve-cokusu","status":"publish","type":"product","link":"https:\/\/roveyayinevi.com.tr\/index.php\/urun\/yeni-kent-sosyolojisinin-yukselisi-ve-cokusu\/","title":{"rendered":"Yeni Kent Sosyolojisinin Y\u00fckseli\u015fi ve \u00c7\u00f6k\u00fc\u015f\u00fc"},"content":{"rendered":"<p>Sinan Tankut G\u00fclhan&#8217;\u0131n bu kitab\u0131, 1968&#8217;in devrimci ruhundan do\u011fan Yeni Kent Sosyolojisi&#8217;nin y\u00fckseli\u015fini ve ka\u00e7\u0131n\u0131lmaz \u00e7\u00f6k\u00fc\u015f\u00fcn\u00fc inceliyor. Marx ve Lefebvre&#8217;den Harvey ve Castells&#8217;e uzanan entelekt\u00fcel yolculuk, kentin ideolojik, ekonomi-politik ve krizle m\u00e2l\u00fbl boyutlar\u0131n\u0131 yeniden tan\u0131ml\u0131yor. Kitap, kapitalizmin kriz dinamiklerinin \u015fehirlerin mek\u00e2nsal dokusunu nas\u0131l \u015fekillendirdi\u011fini a\u00e7\u0131klayarak, g\u00fcn\u00fcm\u00fcz kentlerinin s\u00fcrd\u00fcr\u00fclemez yap\u0131s\u0131n\u0131 ve olas\u0131 \u00e7\u0131k\u0131\u015f yollar\u0131n\u0131 tart\u0131\u015f\u0131yor.Kuramsal ve toplumsal bir m\u00fcdahaleyi g\u00fcndeme getiren bu eserde, Yeni Kent Sosyolojisi\u2019nden do\u011fan Harvey\u2019nin kriz kuramsalla\u015ft\u0131rmas\u0131 T\u00fcrkiye ba\u011flam\u0131nda de\u011ferlendiriliyor. Harvey&#8217;nin kriz teorisinin \u00fclkenin kentsel geli\u015fim s\u00fcre\u00e7lerinde devlet ve sermaye ili\u015fkilerini nas\u0131l \u015fekillendirdi\u011fi ve bu ili\u015fkilerin kriz d\u00f6ng\u00fclerini nas\u0131l yeniden \u00fcretti\u011fi analiz ediliyor. G\u00fclhan, kurama dayal\u0131 hayal g\u00fcc\u00fcn\u00fc g\u00fcn\u00fcm\u00fcz\u00fcn ve \u00e7a\u011fda\u015f tarihin sorunlar\u0131yla bulu\u015ftururken, okuyucuyu kentteki haklar\u0131m\u0131za sahip \u00e7\u0131kt\u0131\u011f\u0131m\u0131z bir gelece\u011fi ke\u015ffetmeye davet ediyor. Ele\u015ftirel kent sosyolojisinin tarihini ve kriz dinamiklerini ayd\u0131nlatan bu \u00e7al\u0131\u015fma, sadece akademik bir katk\u0131 de\u011fil, ayn\u0131 zamanda sosyal bilimlerin s\u0131n\u0131rlar\u0131n\u0131 zorlayan bir deneme niteli\u011finde. <\/p>\n","protected":false},"excerpt":{"rendered":"<p>Sinan Tankut G\u00fclhan&#8217;\u0131n bu kitab\u0131, 1968&#8217;in devrimci ruhundan do\u011fan Yeni Kent Sosyolojisi&#8217;nin y\u00fckseli\u015fini ve ka\u00e7\u0131n\u0131lmaz \u00e7\u00f6k\u00fc\u015f\u00fcn\u00fc inceliyor. Marx ve Lefebvre&#8217;den Harvey ve Castells&#8217;e uzanan entelekt\u00fcel yolculuk,<span class=\"excerpt-hellip\"> [\u2026]<\/span><\/p>\n","protected":false},"featured_media":0,"template":"","meta":{"_monsterinsights_skip_tracking":false,"_monsterinsights_sitenote_active":false,"_monsterinsights_sitenote_note":"","_monsterinsights_sitenote_category":0},"product_brand":[],"product_cat":[12324],"product_tag":[],"class_list":{"0":"post-773133","1":"product","2":"type-product","3":"status-publish","5":"product_cat-sosyoloji","6":"pa_cilt-ciltsiz","7":"pa_tur-kitap","8":"pa_yayinevi-nika-yayinevi","9":"pa_yazar-sinan-tankut-gulhan","11":"first","12":"instock","13":"sale","14":"shipping-taxable","15":"purchasable","16":"product-type-simple"},"_links":{"self":[{"href":"https:\/\/roveyayinevi.com.tr\/index.php\/wp-json\/wp\/v2\/product\/773133","targetHints":{"allow":["GET"]}}],"collection":[{"href":"https:\/\/roveyayinevi.com.tr\/index.php\/wp-json\/wp\/v2\/product"}],"about":[{"href":"https:\/\/roveyayinevi.com.tr\/index.php\/wp-json\/wp\/v2\/types\/product"}],"wp:attachment":[{"href":"https:\/\/roveyayinevi.com.tr\/index.php\/wp-json\/wp\/v2\/media?parent=773133"}],"wp:term":[{"taxonomy":"product_brand","embeddable":true,"href":"https:\/\/roveyayinevi.com.tr\/index.php\/wp-json\/wp\/v2\/product_brand?post=773133"},{"taxonomy":"product_cat","embeddable":true,"href":"https:\/\/roveyayinevi.com.tr\/index.php\/wp-json\/wp\/v2\/product_cat?post=773133"},{"taxonomy":"product_tag","embeddable":true,"href":"https:\/\/roveyayinevi.com.tr\/index.php\/wp-json\/wp\/v2\/product_tag?post=773133"}],"curies":[{"name":"wp","href":"https:\/\/api.w.org\/{rel}","templated":true}]}}