{"id":773131,"date":"2025-08-28T16:04:57","date_gmt":"2025-08-28T13:04:57","guid":{"rendered":"https:\/\/roveyayinevi.com.tr\/index.php\/urun\/kahve-kitabi-ciltli\/"},"modified":"2025-10-20T11:24:29","modified_gmt":"2025-10-20T08:24:29","slug":"kahve-kitabi-ciltli","status":"publish","type":"product","link":"https:\/\/roveyayinevi.com.tr\/index.php\/urun\/kahve-kitabi-ciltli\/","title":{"rendered":"Kahve Kitab\u0131 (Ciltli)"},"content":{"rendered":"<p>Kahve Kitab\u0131 ve i\u00e7indeki 70 leziz tarifle kahve bilginizi derinle\u015ftirin; farkl\u0131 \u00e7ekirdekler, y\u00f6ntemler ve aromalarla denemeler yap\u0131n ve evinizin baristas\u0131 olun.   40 \u00fclke \u00fczerinden kahvenin k\u00f6kenini ve \u00fcretimini ke\u015ffedin; d\u00fcnyan\u0131n d\u00f6rt bir yan\u0131nda yeti\u015fen m\u00fcthi\u015f kahve \u00e7ekirdeklerini tan\u0131y\u0131n.   Tad\u0131m \u00e7ark\u0131n\u0131 kullanarak her bir \u00e7ekirde\u011fin aroma n\u00fcanslar\u0131n\u0131 g\u00f6r\u00fcn ve hangi notalar\u0131n birbirini tamamlad\u0131\u011f\u0131n\u0131 anlay\u0131n.   Farkl\u0131 kavurma, \u00f6\u011f\u00fctme, presleme ve demleme tekniklerinde ustala\u015f\u0131n ve hangi ekipmanlara ihtiyac\u0131n\u0131z oldu\u011funu \u00f6\u011frenin.   Sonra dilerseniz hayvansal dilerseniz bitkisel s\u00fctleri kullanarak americano gibi klasik kahvelerden tutun incirli bademli latte ya da f\u0131nd\u0131kl\u0131 frapp\u00e9 gibi c\u00fcretk\u00e2r tat kombinasyonlar\u0131na uzanan 70 re\u00e7etelik bir yelpazede kahvenizi haz\u0131rlay\u0131n. <\/p>\n","protected":false},"excerpt":{"rendered":"<p>Kahve Kitab\u0131 ve i\u00e7indeki 70 leziz tarifle kahve bilginizi derinle\u015ftirin; farkl\u0131 \u00e7ekirdekler, y\u00f6ntemler ve aromalarla denemeler yap\u0131n ve evinizin baristas\u0131 olun. 40 \u00fclke \u00fczerinden kahvenin k\u00f6kenini<span class=\"excerpt-hellip\"> [\u2026]<\/span><\/p>\n","protected":false},"featured_media":0,"template":"","meta":{"_monsterinsights_skip_tracking":false,"_monsterinsights_sitenote_active":false,"_monsterinsights_sitenote_note":"","_monsterinsights_sitenote_category":0},"product_brand":[],"product_cat":[12364],"product_tag":[],"class_list":{"0":"post-773131","1":"product","2":"type-product","3":"status-publish","5":"product_cat-genel-konular","6":"pa_cilt-ciltli","7":"pa_tur-kitap","8":"pa_yayinevi-alfa-yayinlari","9":"pa_yazar-anette-moldvaer","11":"first","12":"instock","13":"sale","14":"shipping-taxable","15":"purchasable","16":"product-type-simple"},"_links":{"self":[{"href":"https:\/\/roveyayinevi.com.tr\/index.php\/wp-json\/wp\/v2\/product\/773131","targetHints":{"allow":["GET"]}}],"collection":[{"href":"https:\/\/roveyayinevi.com.tr\/index.php\/wp-json\/wp\/v2\/product"}],"about":[{"href":"https:\/\/roveyayinevi.com.tr\/index.php\/wp-json\/wp\/v2\/types\/product"}],"wp:attachment":[{"href":"https:\/\/roveyayinevi.com.tr\/index.php\/wp-json\/wp\/v2\/media?parent=773131"}],"wp:term":[{"taxonomy":"product_brand","embeddable":true,"href":"https:\/\/roveyayinevi.com.tr\/index.php\/wp-json\/wp\/v2\/product_brand?post=773131"},{"taxonomy":"product_cat","embeddable":true,"href":"https:\/\/roveyayinevi.com.tr\/index.php\/wp-json\/wp\/v2\/product_cat?post=773131"},{"taxonomy":"product_tag","embeddable":true,"href":"https:\/\/roveyayinevi.com.tr\/index.php\/wp-json\/wp\/v2\/product_tag?post=773131"}],"curies":[{"name":"wp","href":"https:\/\/api.w.org\/{rel}","templated":true}]}}