{"id":773130,"date":"2025-08-28T16:04:55","date_gmt":"2025-08-28T13:04:55","guid":{"rendered":"https:\/\/roveyayinevi.com.tr\/index.php\/urun\/liseli-parali-askerin-macerasi-1\/"},"modified":"2026-04-13T03:35:27","modified_gmt":"2026-04-13T00:35:27","slug":"liseli-parali-askerin-macerasi-1","status":"publish","type":"product","link":"https:\/\/roveyayinevi.com.tr\/index.php\/urun\/liseli-parali-askerin-macerasi-1\/","title":{"rendered":"Liseli Paral\u0131 Askerin Maceras\u0131 &#8211; 1"},"content":{"rendered":"<p>U\u00e7ak kazas\u0131ndan sa\u011f kurtulan tek ki\u015fi olan 8 ya\u015f\u0131ndaki \u0130jin, kendini sava\u015f i\u00e7inde olan bir \u00fclkede bulur ve orada gizlice paral\u0131 asker olmak i\u00e7in e\u011fitilir.   Y\u0131llar sonra memleketine geri d\u00f6ner.   \u0130jin, normal bir hayata al\u0131\u015fmaya \u00e7al\u0131\u015f\u0131rken k\u0131z karde\u015fi Da Yeon\u2019un okulda zorbal\u0131\u011fa maruz kalmas\u0131, \u0130jin\u2019in i\u00e7inde bast\u0131rd\u0131\u011f\u0131 sava\u015f\u00e7\u0131y\u0131 ve adalet aray\u0131\u015f\u0131n\u0131 yeniden uyand\u0131r\u0131r. <\/p>\n","protected":false},"excerpt":{"rendered":"<p>U\u00e7ak kazas\u0131ndan sa\u011f kurtulan tek ki\u015fi olan 8 ya\u015f\u0131ndaki \u0130jin, kendini sava\u015f i\u00e7inde olan bir \u00fclkede bulur ve orada gizlice paral\u0131 asker olmak i\u00e7in e\u011fitilir. Y\u0131llar<span class=\"excerpt-hellip\"> [\u2026]<\/span><\/p>\n","protected":false},"featured_media":0,"template":"","meta":{"_monsterinsights_skip_tracking":false,"_monsterinsights_sitenote_active":false,"_monsterinsights_sitenote_note":"","_monsterinsights_sitenote_category":0},"product_brand":[],"product_cat":[12416,12291],"product_tag":[],"class_list":{"0":"post-773130","1":"product","2":"type-product","3":"status-publish","5":"product_cat-cizgi-roman","6":"product_cat-edebiyat","7":"pa_cilt-ciltsiz","8":"pa_tur-kitap","9":"pa_yayinevi-athica-yayinlari","10":"pa_yazar-yc","12":"first","13":"instock","14":"sale","15":"shipping-taxable","16":"purchasable","17":"product-type-simple"},"_links":{"self":[{"href":"https:\/\/roveyayinevi.com.tr\/index.php\/wp-json\/wp\/v2\/product\/773130","targetHints":{"allow":["GET"]}}],"collection":[{"href":"https:\/\/roveyayinevi.com.tr\/index.php\/wp-json\/wp\/v2\/product"}],"about":[{"href":"https:\/\/roveyayinevi.com.tr\/index.php\/wp-json\/wp\/v2\/types\/product"}],"wp:attachment":[{"href":"https:\/\/roveyayinevi.com.tr\/index.php\/wp-json\/wp\/v2\/media?parent=773130"}],"wp:term":[{"taxonomy":"product_brand","embeddable":true,"href":"https:\/\/roveyayinevi.com.tr\/index.php\/wp-json\/wp\/v2\/product_brand?post=773130"},{"taxonomy":"product_cat","embeddable":true,"href":"https:\/\/roveyayinevi.com.tr\/index.php\/wp-json\/wp\/v2\/product_cat?post=773130"},{"taxonomy":"product_tag","embeddable":true,"href":"https:\/\/roveyayinevi.com.tr\/index.php\/wp-json\/wp\/v2\/product_tag?post=773130"}],"curies":[{"name":"wp","href":"https:\/\/api.w.org\/{rel}","templated":true}]}}