{"id":773127,"date":"2025-08-28T16:04:48","date_gmt":"2025-08-28T13:04:48","guid":{"rendered":"https:\/\/roveyayinevi.com.tr\/index.php\/urun\/eleceed-1\/"},"modified":"2026-04-15T03:39:23","modified_gmt":"2026-04-15T00:39:23","slug":"eleceed-1","status":"publish","type":"product","link":"https:\/\/roveyayinevi.com.tr\/index.php\/urun\/eleceed-1\/","title":{"rendered":"Eleceed &#8211; 1"},"content":{"rendered":"<p>KED\u0130LER\u0130N D\u00dcNYAYI KURTARACA\u011eINI K\u0130M B\u0130LEB\u0130L\u0130RD\u0130?     Jiwoo, kedi gibi \u00e7evik refleksleriyle gizlice d\u00fcnyay\u0131 daha iyi bir yer haline getirmeye \u00e7al\u0131\u015fan iyi y\u00fcrekli bir gen\u00e7tir. Kayden ise g\u00fc\u00e7l\u00fc bir yetenek kullan\u0131c\u0131s\u0131yken ya\u015fl\u0131, tombul ve t\u00fcyl\u00fc bir kedinin bedenine hapsolmu\u015f bir ka\u00e7akt\u0131r. Jiwoo\u2019nun do\u011fu\u015ftan gelen s\u00fcper g\u00fcc\u00fcyle Kayden\u2019\u0131n zek\u00e2s\u0131 birle\u015fince bu s\u0131ra d\u0131\u015f\u0131 ikili k\u00f6t\u00fcl\u00fc\u011f\u00fcn h\u00fck\u00fcm s\u00fcrd\u00fc\u011f\u00fc karanl\u0131k g\u00fc\u00e7lere kar\u015f\u0131 sava\u015fmaya karar verir. Tabii birbirlerine katlanabilirlerse&#8230; <\/p>\n","protected":false},"excerpt":{"rendered":"<p>KED\u0130LER\u0130N D\u00dcNYAYI KURTARACA\u011eINI K\u0130M B\u0130LEB\u0130L\u0130RD\u0130? Jiwoo, kedi gibi \u00e7evik refleksleriyle gizlice d\u00fcnyay\u0131 daha iyi bir yer haline getirmeye \u00e7al\u0131\u015fan iyi y\u00fcrekli bir gen\u00e7tir. Kayden ise g\u00fc\u00e7l\u00fc<span class=\"excerpt-hellip\"> [\u2026]<\/span><\/p>\n","protected":false},"featured_media":0,"template":"","meta":{"_monsterinsights_skip_tracking":false,"_monsterinsights_sitenote_active":false,"_monsterinsights_sitenote_note":"","_monsterinsights_sitenote_category":0},"product_brand":[],"product_cat":[12416,12291],"product_tag":[],"class_list":{"0":"post-773127","1":"product","2":"type-product","3":"status-publish","5":"product_cat-cizgi-roman","6":"product_cat-edebiyat","7":"pa_cilt-ciltsiz","8":"pa_tur-kitap","9":"pa_yayinevi-athica-yayinlari","10":"pa_yazar-jeho-son","12":"first","13":"instock","14":"sale","15":"shipping-taxable","16":"purchasable","17":"product-type-simple"},"_links":{"self":[{"href":"https:\/\/roveyayinevi.com.tr\/index.php\/wp-json\/wp\/v2\/product\/773127","targetHints":{"allow":["GET"]}}],"collection":[{"href":"https:\/\/roveyayinevi.com.tr\/index.php\/wp-json\/wp\/v2\/product"}],"about":[{"href":"https:\/\/roveyayinevi.com.tr\/index.php\/wp-json\/wp\/v2\/types\/product"}],"wp:attachment":[{"href":"https:\/\/roveyayinevi.com.tr\/index.php\/wp-json\/wp\/v2\/media?parent=773127"}],"wp:term":[{"taxonomy":"product_brand","embeddable":true,"href":"https:\/\/roveyayinevi.com.tr\/index.php\/wp-json\/wp\/v2\/product_brand?post=773127"},{"taxonomy":"product_cat","embeddable":true,"href":"https:\/\/roveyayinevi.com.tr\/index.php\/wp-json\/wp\/v2\/product_cat?post=773127"},{"taxonomy":"product_tag","embeddable":true,"href":"https:\/\/roveyayinevi.com.tr\/index.php\/wp-json\/wp\/v2\/product_tag?post=773127"}],"curies":[{"name":"wp","href":"https:\/\/api.w.org\/{rel}","templated":true}]}}