{"id":773126,"date":"2025-08-28T16:04:46","date_gmt":"2025-08-28T13:04:46","guid":{"rendered":"https:\/\/roveyayinevi.com.tr\/index.php\/urun\/gosteris\/"},"modified":"2026-04-15T03:39:23","modified_gmt":"2026-04-15T00:39:23","slug":"gosteris","status":"publish","type":"product","link":"https:\/\/roveyayinevi.com.tr\/index.php\/urun\/gosteris\/","title":{"rendered":"G\u00f6steri\u015f"},"content":{"rendered":"<p>SAHTE N\u0130\u015eANLIM OLMAYA VAR MISIN?   Daha \u00f6nce hi\u00e7 s\u0131rf birilerini haks\u0131z \u00e7\u0131karmak i\u00e7in sa\u00e7ma sapan bir \u015feye kalk\u0131\u015ft\u0131\u011f\u0131n oldu mu? Merhaba. \u0130\u015fte ben tam da bunu yapaca\u011f\u0131m. \u00c7\u00fcnk\u00fc g\u00f6r\u00fc\u015ft\u00fc\u011f\u00fcm adam bana \u201cevlenilecek kad\u0131n olmad\u0131\u011f\u0131m\u0131\u201d ve \u201cbeklentilerimi d\u00fc\u015f\u00fcrmem gerekti\u011fini\u201d s\u00f6yledi.   Yeni ni\u015fan\u0131mla tan\u0131\u015ft\u0131\u011f\u0131nda y\u00fcz\u00fcn\u00fcn alaca\u011f\u0131 g\u00f6rmek i\u00e7in sab\u0131rs\u0131zlan\u0131yorum. Ama k\u00fc\u00e7\u00fck bir sorun var. B\u0131rak ni\u015fanl\u0131y\u0131, erkek arkada\u015f\u0131m bile yok. Tahmin edersin ki bu noktada devreye sen giriyorsun.   Yak\u0131\u015f\u0131kl\u0131 m\u0131s\u0131n? Ba\u015far\u0131l\u0131 m\u0131s\u0131n? Deli divane \u00e2\u015f\u0131k bir adam\u0131n yapaca\u011f\u0131 her \u015feyi yapmaya haz\u0131r m\u0131s\u0131n?   Bir gece. Bir etkinlik.   Hadi herkese muhte\u015fem bir g\u00f6steri sunal\u0131m. <\/p>\n","protected":false},"excerpt":{"rendered":"<p>SAHTE N\u0130\u015eANLIM OLMAYA VAR MISIN? Daha \u00f6nce hi\u00e7 s\u0131rf birilerini haks\u0131z \u00e7\u0131karmak i\u00e7in sa\u00e7ma sapan bir \u015feye kalk\u0131\u015ft\u0131\u011f\u0131n oldu mu? Merhaba. \u0130\u015fte ben tam da bunu<span class=\"excerpt-hellip\"> [\u2026]<\/span><\/p>\n","protected":false},"featured_media":0,"template":"","meta":{"_monsterinsights_skip_tracking":false,"_monsterinsights_sitenote_active":false,"_monsterinsights_sitenote_note":"","_monsterinsights_sitenote_category":0},"product_brand":[],"product_cat":[12291,12711],"product_tag":[],"class_list":{"0":"post-773126","1":"product","2":"type-product","3":"status-publish","5":"product_cat-edebiyat","6":"product_cat-roman-oyku","7":"pa_cilt-ciltsiz","8":"pa_tur-kitap","9":"pa_yayinevi-nox-yayinlari","10":"pa_yazar-adriana-locke","12":"first","13":"instock","14":"sale","15":"shipping-taxable","16":"purchasable","17":"product-type-simple"},"_links":{"self":[{"href":"https:\/\/roveyayinevi.com.tr\/index.php\/wp-json\/wp\/v2\/product\/773126","targetHints":{"allow":["GET"]}}],"collection":[{"href":"https:\/\/roveyayinevi.com.tr\/index.php\/wp-json\/wp\/v2\/product"}],"about":[{"href":"https:\/\/roveyayinevi.com.tr\/index.php\/wp-json\/wp\/v2\/types\/product"}],"wp:attachment":[{"href":"https:\/\/roveyayinevi.com.tr\/index.php\/wp-json\/wp\/v2\/media?parent=773126"}],"wp:term":[{"taxonomy":"product_brand","embeddable":true,"href":"https:\/\/roveyayinevi.com.tr\/index.php\/wp-json\/wp\/v2\/product_brand?post=773126"},{"taxonomy":"product_cat","embeddable":true,"href":"https:\/\/roveyayinevi.com.tr\/index.php\/wp-json\/wp\/v2\/product_cat?post=773126"},{"taxonomy":"product_tag","embeddable":true,"href":"https:\/\/roveyayinevi.com.tr\/index.php\/wp-json\/wp\/v2\/product_tag?post=773126"}],"curies":[{"name":"wp","href":"https:\/\/api.w.org\/{rel}","templated":true}]}}