{"id":773124,"date":"2025-08-28T16:04:41","date_gmt":"2025-08-28T13:04:41","guid":{"rendered":"https:\/\/roveyayinevi.com.tr\/index.php\/urun\/kizil-kisrak\/"},"modified":"2026-04-15T03:39:23","modified_gmt":"2026-04-15T00:39:23","slug":"kizil-kisrak","status":"publish","type":"product","link":"https:\/\/roveyayinevi.com.tr\/index.php\/urun\/kizil-kisrak\/","title":{"rendered":"K\u0131z\u0131l K\u0131srak"},"content":{"rendered":"<p>Yerdeniz B\u00fcy\u00fcc\u00fcs\u00fc, M\u00fclks\u00fczler, Karanl\u0131\u011f\u0131n Sol Eli gibi fantezi ve bilimkurgu kitaplar\u0131yla edebiyat\u0131n s\u0131n\u0131rlar\u0131n\u0131 yeniden tan\u0131mlayan Ursula K. Le Guin\u2019den her ya\u015ftan okura hitap eden \u00fc\u00e7 k\u0131sa \u00f6yk\u00fc \u015fimdi T\u00fck\u00e7ede\u2026 Le Guin\u2019in b\u00fcy\u00fcleyici hayal g\u00fcc\u00fc ve masals\u0131 anlat\u0131m\u0131, sanat\u00e7\u0131 Ali \u00c7etinkaya\u2019n\u0131n \u00f6zg\u00fcn \u00e7izimleriyle hayat buluyor. K\u0131z\u0131l bir k\u0131sra\u011f\u0131n s\u0131rt\u0131nda, bilge bir balinan\u0131n karn\u0131nda ve s\u0131radan bir \u00f6r\u00fcmce\u011fin s\u0131ra d\u0131\u015f\u0131 desenlerinde fantastik d\u00fcnyalara felsefi sorularla dolu bir yolculuk okurlar\u0131n\u0131 bekliyor. K\u0131z\u0131l K\u0131srak\u2019\u0131n S\u0131rt\u0131nda Bir Gezinti Uzun zaman \u00f6nce, d\u00fcnya h\u00e2l\u00e2 yabanken, kuzeyin \u00fccra, karla kapl\u0131 bir orman\u0131nda babas\u0131yla avlanan k\u00fc\u00e7\u00fck bir \u00e7ocuk, troller taraf\u0131ndan ka\u00e7\u0131r\u0131l\u0131r. Cesur bir k\u0131z, k\u00fc\u00e7\u00fck karde\u015fini kurtarmak i\u00e7in Y\u00fcksekteki Ev\u2019e do\u011fru yola \u00e7\u0131kar. Bu macerada kar\u015f\u0131la\u015ft\u0131\u011f\u0131 her tehlikede cesaretin ve sevginin g\u00fcc\u00fcn\u00fc yeniden ke\u015ffeder. Balina S\u00fcleyman\u2019\u0131n Dokuz Y\u00fcz Otuz Birinci D\u00fcnya Turu Bir boa y\u0131lan\u0131 ve bir z\u00fcrafa, terk edilmi\u015f bir kay\u0131\u011f\u0131n \u00fcst\u00fcnde ufka ula\u015fmaya karar verir. U\u00e7suz bucaks\u0131z okyanusta kar\u015f\u0131la\u015ft\u0131klar\u0131 ya\u015fl\u0131 ve bilge balina, onlar\u0131 bilginin ve dostlu\u011fun \u00f6nemini hat\u0131rlatacak bir yolculu\u011fa \u00e7\u0131kar\u0131r. Leese Webster Leese Webster, di\u011fer \u00f6r\u00fcmcekler gibi s\u0131radan a\u011flar \u00f6rmek istemez; o, inan\u0131lmaz g\u00fczellikte, benzersiz desenler yaratmak ister. Saraydaki resimleri ve oymalar\u0131 taklit eden s\u0131ra d\u0131\u015f\u0131 a\u011flar\u0131yla Leese, yarat\u0131c\u0131l\u0131\u011f\u0131n ve farkl\u0131 olman\u0131n de\u011ferini g\u00f6sterir. <\/p>\n","protected":false},"excerpt":{"rendered":"<p>Yerdeniz B\u00fcy\u00fcc\u00fcs\u00fc, M\u00fclks\u00fczler, Karanl\u0131\u011f\u0131n Sol Eli gibi fantezi ve bilimkurgu kitaplar\u0131yla edebiyat\u0131n s\u0131n\u0131rlar\u0131n\u0131 yeniden tan\u0131mlayan Ursula K. Le Guin\u2019den her ya\u015ftan okura hitap eden \u00fc\u00e7 k\u0131sa<span class=\"excerpt-hellip\"> [\u2026]<\/span><\/p>\n","protected":false},"featured_media":0,"template":"","meta":{"_monsterinsights_skip_tracking":false,"_monsterinsights_sitenote_active":false,"_monsterinsights_sitenote_note":"","_monsterinsights_sitenote_category":0},"product_brand":[],"product_cat":[12291,12711],"product_tag":[],"class_list":{"0":"post-773124","1":"product","2":"type-product","3":"status-publish","5":"product_cat-edebiyat","6":"product_cat-roman-oyku","7":"pa_cilt-ciltsiz","8":"pa_tur-kitap","9":"pa_yayinevi-x-libris","10":"pa_yazar-ursula-k-le-guin","12":"first","13":"instock","14":"sale","15":"shipping-taxable","16":"purchasable","17":"product-type-simple"},"_links":{"self":[{"href":"https:\/\/roveyayinevi.com.tr\/index.php\/wp-json\/wp\/v2\/product\/773124","targetHints":{"allow":["GET"]}}],"collection":[{"href":"https:\/\/roveyayinevi.com.tr\/index.php\/wp-json\/wp\/v2\/product"}],"about":[{"href":"https:\/\/roveyayinevi.com.tr\/index.php\/wp-json\/wp\/v2\/types\/product"}],"wp:attachment":[{"href":"https:\/\/roveyayinevi.com.tr\/index.php\/wp-json\/wp\/v2\/media?parent=773124"}],"wp:term":[{"taxonomy":"product_brand","embeddable":true,"href":"https:\/\/roveyayinevi.com.tr\/index.php\/wp-json\/wp\/v2\/product_brand?post=773124"},{"taxonomy":"product_cat","embeddable":true,"href":"https:\/\/roveyayinevi.com.tr\/index.php\/wp-json\/wp\/v2\/product_cat?post=773124"},{"taxonomy":"product_tag","embeddable":true,"href":"https:\/\/roveyayinevi.com.tr\/index.php\/wp-json\/wp\/v2\/product_tag?post=773124"}],"curies":[{"name":"wp","href":"https:\/\/api.w.org\/{rel}","templated":true}]}}