{"id":773123,"date":"2025-08-28T16:04:38","date_gmt":"2025-08-28T13:04:38","guid":{"rendered":"https:\/\/roveyayinevi.com.tr\/index.php\/urun\/haberci-2-gazap-ve-yikim\/"},"modified":"2026-04-15T03:39:23","modified_gmt":"2026-04-15T00:39:23","slug":"haberci-2-gazap-ve-yikim","status":"publish","type":"product","link":"https:\/\/roveyayinevi.com.tr\/index.php\/urun\/haberci-2-gazap-ve-yikim\/","title":{"rendered":"Haberci 2: Gazap ve Y\u0131k\u0131m"},"content":{"rendered":"<p>Milyonlarca okurun g\u00f6zdesi Jennifer L. Armentrout\u2019un haberci serisi nefes kesici hik\u00e2yesiyle sizi b\u00fcy\u00fcleyecek!   Tehlikeli s\u0131rlar ve yasak arzular \u015foke edici sonu\u00e7lara yol a\u00e7acak&#8230;   Yar\u0131 insan, yar\u0131 melek olan Trinity ve onun Koruyucusu Zayne; yakla\u015fan k\u0131yameti durdurmak i\u00e7in iblislerle i\u015fbirli\u011fi kurmak zorundalar. G\u00fcn ge\u00e7tik\u00e7e b\u00fcy\u00fcyen a\u015fk\u0131n ipliklerinden ka\u00e7\u0131nmak i\u00e7in her \u015feyi g\u00f6ze al\u0131yorlar.  Haberci giderek yakla\u015f\u0131yor&#8230; ama bu \u015fey ne ya da kim?   Karanl\u0131k g\u00fc\u00e7ler toplan\u0131yor, e\u011fer zamanla yar\u0131\u015f\u0131 kazanamazlarsa insanl\u0131k yok olma tehlikesiyle kar\u015f\u0131 kar\u015f\u0131ya kalacak.   Gece vakti gerilim dolu Washington, DC sokaklar\u0131nda birlikte devriye gezmeleri, Gardiyanlar\u0131 ve iblisleri rasgele \u00f6ld\u00fcren Haberci\u2019nin izini s\u00fcrmeleri gerekiyor. Birlikte olmalar\u0131 yasak, bu y\u00fczden duygulara kar\u015f\u0131 koymak onlar\u0131n yeni \u00f6nceli\u011fi. Yard\u0131m i\u00e7in al\u0131\u015f\u0131lmad\u0131k ki\u015filere  \u2013iblis prens Roth ve onun yanda\u015flar\u0131na\u2013 ba\u015fvurmak zorundalar.   Fakat art arda gelen \u00f6l\u00fcmler ve Zayne\u2019in de\u011fer verdi\u011fi birini tehlikeye atan, b\u00f6lgedeki okulla ba\u011flant\u0131l\u0131 karanl\u0131k bir plan ortaya \u00e7\u0131kmak \u00fczere. Trinity bir \u015fey taraf\u0131ndan y\u00f6nlendirildi\u011fini, s\u00fcr\u00fcklendi\u011fini ve bir oyunun par\u00e7as\u0131 h\u00e2line getirildi\u011fini zamanla fark ediyor. \u0130\u00e7indeki \u00f6fke giderek b\u00fcy\u00fcyor, duygular\u0131 kontrolden \u00e7\u0131k\u0131yor&#8230;   Asilkan\u2019\u0131n gazab\u0131, d\u00fcnyadaki her \u015feyin sonunu getirebilecek kadar g\u00fc\u00e7l\u00fc.             Onunla y\u00fczle\u015febilecek misin? <\/p>\n","protected":false},"excerpt":{"rendered":"<p>Milyonlarca okurun g\u00f6zdesi Jennifer L. Armentrout\u2019un haberci serisi nefes kesici hik\u00e2yesiyle sizi b\u00fcy\u00fcleyecek! Tehlikeli s\u0131rlar ve yasak arzular \u015foke edici sonu\u00e7lara yol a\u00e7acak&#8230; Yar\u0131 insan, yar\u0131<span class=\"excerpt-hellip\"> [\u2026]<\/span><\/p>\n","protected":false},"featured_media":0,"template":"","meta":{"_monsterinsights_skip_tracking":false,"_monsterinsights_sitenote_active":false,"_monsterinsights_sitenote_note":"","_monsterinsights_sitenote_category":0},"product_brand":[],"product_cat":[12291,14777],"product_tag":[],"class_list":{"0":"post-773123","1":"product","2":"type-product","3":"status-publish","5":"product_cat-edebiyat","6":"product_cat-fantastik","7":"pa_cilt-ciltsiz","8":"pa_tur-kitap","9":"pa_yayinevi-dex-yayinevi","10":"pa_yazar-jennifer-l-armentrout","12":"first","13":"instock","14":"sale","15":"shipping-taxable","16":"purchasable","17":"product-type-simple"},"_links":{"self":[{"href":"https:\/\/roveyayinevi.com.tr\/index.php\/wp-json\/wp\/v2\/product\/773123","targetHints":{"allow":["GET"]}}],"collection":[{"href":"https:\/\/roveyayinevi.com.tr\/index.php\/wp-json\/wp\/v2\/product"}],"about":[{"href":"https:\/\/roveyayinevi.com.tr\/index.php\/wp-json\/wp\/v2\/types\/product"}],"wp:attachment":[{"href":"https:\/\/roveyayinevi.com.tr\/index.php\/wp-json\/wp\/v2\/media?parent=773123"}],"wp:term":[{"taxonomy":"product_brand","embeddable":true,"href":"https:\/\/roveyayinevi.com.tr\/index.php\/wp-json\/wp\/v2\/product_brand?post=773123"},{"taxonomy":"product_cat","embeddable":true,"href":"https:\/\/roveyayinevi.com.tr\/index.php\/wp-json\/wp\/v2\/product_cat?post=773123"},{"taxonomy":"product_tag","embeddable":true,"href":"https:\/\/roveyayinevi.com.tr\/index.php\/wp-json\/wp\/v2\/product_tag?post=773123"}],"curies":[{"name":"wp","href":"https:\/\/api.w.org\/{rel}","templated":true}]}}