{"id":773121,"date":"2025-08-28T16:04:34","date_gmt":"2025-08-28T13:04:34","guid":{"rendered":"https:\/\/roveyayinevi.com.tr\/index.php\/urun\/ask-ve-huzur\/"},"modified":"2026-04-15T03:39:22","modified_gmt":"2026-04-15T00:39:22","slug":"ask-ve-huzur","status":"publish","type":"product","link":"https:\/\/roveyayinevi.com.tr\/index.php\/urun\/ask-ve-huzur\/","title":{"rendered":"A\u015fk ve Huzur"},"content":{"rendered":"<p>\u0130nsan ruhu tekli\u011fi sevmez, ba\u015fka ruhlara ili\u015fmek ister. E\u015fini arar ve bulana kadar rahat etmez. E\u011fer bir \u00f6tekiyle doyum sa\u011flad\u0131\u011f\u0131m\u0131z, kendimizi g\u00fcvende hissetti\u011fimiz, g\u00f6nl\u00fcm\u00fcz\u00fcn yaylar\u0131n\u0131n benzer frekanslarda titre\u015fti\u011fi, tam anlam\u0131yla ili\u015fti\u011fimiz bir ortakl\u0131k kurabilirsek kendimizi daha iyi hissederiz. \u0130\u015fin i\u00e7ine a\u015fk da girince keyfe doyum olmaz. E\u015fini bulmu\u015f bir ruhun pencerelerinden ne\u015feli, huzurlu, ritmik bir melodi ta\u015far.   Peki ya o melodi yava\u015f yava\u015f kesilmeye, ritmini kaybetmeye ba\u015flarsa?   Prof. Dr. Asl\u0131han D\u00f6nmez, A\u015fk ve Huzur\u2019da, modern a\u015fk ili\u015fkilerinin en s\u0131k rastlanan \u00e7\u0131kmazlar\u0131n\u0131 t\u00fcm y\u00f6nleriyle ele al\u0131yor. Ba\u015flayamayanlardan bir t\u00fcrl\u00fc bitemeyenlere, manip\u00fclatif olandan ihanete, dijitalle\u015fmenin getirdi\u011fi yabanc\u0131la\u015fmadan sa\u011fl\u0131kl\u0131 ba\u011flar kurman\u0131n yollar\u0131na kadar uzanan bu kitap, duygusal ili\u015fkilerin karma\u015f\u0131k, \u00e7o\u011fu zaman da g\u00f6r\u00fcnmeyen dinamiklerine odaklan\u0131yor.   A\u015fk ve Huzur, sadece ili\u015fkisi yara alanlar i\u00e7in de\u011fil, ba\u011flar\u0131n\u0131 tazelemek ve duygusal yak\u0131nl\u0131\u011f\u0131 yeniden kurmak isteyen herkes i\u00e7in\u2026 <\/p>\n","protected":false},"excerpt":{"rendered":"<p>\u0130nsan ruhu tekli\u011fi sevmez, ba\u015fka ruhlara ili\u015fmek ister. E\u015fini arar ve bulana kadar rahat etmez. E\u011fer bir \u00f6tekiyle doyum sa\u011flad\u0131\u011f\u0131m\u0131z, kendimizi g\u00fcvende hissetti\u011fimiz, g\u00f6nl\u00fcm\u00fcz\u00fcn yaylar\u0131n\u0131n benzer<span class=\"excerpt-hellip\"> [\u2026]<\/span><\/p>\n","protected":false},"featured_media":0,"template":"","meta":{"_monsterinsights_skip_tracking":false,"_monsterinsights_sitenote_active":false,"_monsterinsights_sitenote_note":"","_monsterinsights_sitenote_category":0},"product_brand":[],"product_cat":[12357],"product_tag":[],"class_list":{"0":"post-773121","1":"product","2":"type-product","3":"status-publish","5":"product_cat-psikoloji","6":"pa_cilt-ciltsiz","7":"pa_tur-kitap","8":"pa_yayinevi-dogan-novus","9":"pa_yazar-aslihan-donmez","11":"first","12":"instock","13":"sale","14":"shipping-taxable","15":"purchasable","16":"product-type-simple"},"_links":{"self":[{"href":"https:\/\/roveyayinevi.com.tr\/index.php\/wp-json\/wp\/v2\/product\/773121","targetHints":{"allow":["GET"]}}],"collection":[{"href":"https:\/\/roveyayinevi.com.tr\/index.php\/wp-json\/wp\/v2\/product"}],"about":[{"href":"https:\/\/roveyayinevi.com.tr\/index.php\/wp-json\/wp\/v2\/types\/product"}],"wp:attachment":[{"href":"https:\/\/roveyayinevi.com.tr\/index.php\/wp-json\/wp\/v2\/media?parent=773121"}],"wp:term":[{"taxonomy":"product_brand","embeddable":true,"href":"https:\/\/roveyayinevi.com.tr\/index.php\/wp-json\/wp\/v2\/product_brand?post=773121"},{"taxonomy":"product_cat","embeddable":true,"href":"https:\/\/roveyayinevi.com.tr\/index.php\/wp-json\/wp\/v2\/product_cat?post=773121"},{"taxonomy":"product_tag","embeddable":true,"href":"https:\/\/roveyayinevi.com.tr\/index.php\/wp-json\/wp\/v2\/product_tag?post=773121"}],"curies":[{"name":"wp","href":"https:\/\/api.w.org\/{rel}","templated":true}]}}