{"id":773120,"date":"2025-08-28T16:04:31","date_gmt":"2025-08-28T13:04:31","guid":{"rendered":"https:\/\/roveyayinevi.com.tr\/index.php\/urun\/nesrin-topkapi\/"},"modified":"2026-04-15T03:39:22","modified_gmt":"2026-04-15T00:39:22","slug":"nesrin-topkapi","status":"publish","type":"product","link":"https:\/\/roveyayinevi.com.tr\/index.php\/urun\/nesrin-topkapi\/","title":{"rendered":"Nesrin Topkap\u0131"},"content":{"rendered":"<p>\u201cG\u00fcn oldu, g\u00fcne\u015f oldu dans hayat\u0131ma. Tutundu\u011fum dal, sevdi\u011fim y\u00e2rim oldu yaln\u0131zl\u0131\u011f\u0131ma. Ancak parlam\u0131yordu payla\u015fmadan, \u0131s\u0131tm\u0131yordu beni sizsiz g\u00fcne\u015f.\u201d   Beyo\u011flu\u2019nda S\u00fcsl\u00fc Saks\u0131 Sokak\u2019ta ba\u015flayan hayat. Pencereden izlenen sokakta bir c\u00fcmb\u00fc\u015f var adeta. 1950\u2019ler Beyo\u011flu\u2019su\u2026 Tiyatrocu anne baban\u0131n pe\u015fi s\u0131ra kulislerde ge\u00e7en \u00e7ocukluk. Daha be\u015f ya\u015f\u0131nda par\u0131lt\u0131l\u0131 dans elbiselerine meftun Nesrin\u2026 K\u0131p\u0131r k\u0131p\u0131r i\u00e7i, hep sahnede olmak istiyor. Dans\u0131n ve m\u00fczi\u011fin i\u00e7inde, her bir notay\u0131 y\u00fcre\u011finin ta derininde, her bir ritmi bedeninin her k\u0131vr\u0131m\u0131nda hissediyor. Cep delik cepken delik, umutsuz bir g\u00fcnde s\u0131k\u0131y\u00f6netimin susturdu\u011fu evleri \u015fenlendirmeye \u00e7al\u0131\u015fan devlet televizyonuyla gelen yeni hayat\u2026   Zeki M\u00fcren\u2019den G\u00f6n\u00fcl Yazar\u2019a, Tanju Okan\u2019dan Nil Burak\u2019a; tan\u0131d\u0131\u011f\u0131m\u0131z, bildi\u011fimiz, sevdi\u011fimiz, \u00f6zledi\u011fimiz isimler&#8230; Bir roman gibi, kimi zaman bir Ye\u015fil\u00e7am filmi tad\u0131nda hik\u00e2yeler.   Nesrin Topkap\u0131 an\u0131lar\u0131n\u0131 de\u011fil, T\u00fcrkiye\u2019nin m\u00fczikal tarihini anlat\u0131yor adeta. Hem de y\u00fcrekleri durduracak bir ritimle: D\u00fcm te ka d\u00fcm tek! <\/p>\n","protected":false},"excerpt":{"rendered":"<p>\u201cG\u00fcn oldu, g\u00fcne\u015f oldu dans hayat\u0131ma. Tutundu\u011fum dal, sevdi\u011fim y\u00e2rim oldu yaln\u0131zl\u0131\u011f\u0131ma. Ancak parlam\u0131yordu payla\u015fmadan, \u0131s\u0131tm\u0131yordu beni sizsiz g\u00fcne\u015f.\u201d Beyo\u011flu\u2019nda S\u00fcsl\u00fc Saks\u0131 Sokak\u2019ta ba\u015flayan hayat. Pencereden<span class=\"excerpt-hellip\"> [\u2026]<\/span><\/p>\n","protected":false},"featured_media":0,"template":"","meta":{"_monsterinsights_skip_tracking":false,"_monsterinsights_sitenote_active":false,"_monsterinsights_sitenote_note":"","_monsterinsights_sitenote_category":0},"product_brand":[],"product_cat":[14009,12291],"product_tag":[],"class_list":{"0":"post-773120","1":"product","2":"type-product","3":"status-publish","5":"product_cat-biyografi-otobiyografi-edebiyat","6":"product_cat-edebiyat","7":"pa_cilt-ciltsiz","8":"pa_tur-kitap","9":"pa_yayinevi-dogan-kitap","10":"pa_yazar-nesrin-topkapi","12":"first","13":"instock","14":"sale","15":"shipping-taxable","16":"purchasable","17":"product-type-simple"},"_links":{"self":[{"href":"https:\/\/roveyayinevi.com.tr\/index.php\/wp-json\/wp\/v2\/product\/773120","targetHints":{"allow":["GET"]}}],"collection":[{"href":"https:\/\/roveyayinevi.com.tr\/index.php\/wp-json\/wp\/v2\/product"}],"about":[{"href":"https:\/\/roveyayinevi.com.tr\/index.php\/wp-json\/wp\/v2\/types\/product"}],"wp:attachment":[{"href":"https:\/\/roveyayinevi.com.tr\/index.php\/wp-json\/wp\/v2\/media?parent=773120"}],"wp:term":[{"taxonomy":"product_brand","embeddable":true,"href":"https:\/\/roveyayinevi.com.tr\/index.php\/wp-json\/wp\/v2\/product_brand?post=773120"},{"taxonomy":"product_cat","embeddable":true,"href":"https:\/\/roveyayinevi.com.tr\/index.php\/wp-json\/wp\/v2\/product_cat?post=773120"},{"taxonomy":"product_tag","embeddable":true,"href":"https:\/\/roveyayinevi.com.tr\/index.php\/wp-json\/wp\/v2\/product_tag?post=773120"}],"curies":[{"name":"wp","href":"https:\/\/api.w.org\/{rel}","templated":true}]}}