{"id":773119,"date":"2025-08-28T16:04:29","date_gmt":"2025-08-28T13:04:29","guid":{"rendered":"https:\/\/roveyayinevi.com.tr\/index.php\/urun\/el-yapimi-ruhlar\/"},"modified":"2026-04-15T03:39:22","modified_gmt":"2026-04-15T00:39:22","slug":"el-yapimi-ruhlar","status":"publish","type":"product","link":"https:\/\/roveyayinevi.com.tr\/index.php\/urun\/el-yapimi-ruhlar\/","title":{"rendered":"El Yap\u0131m\u0131 Ruhlar"},"content":{"rendered":"<p>\u201c\u0130lk katil Kabil karde\u015fini bir ta\u015fla \u00f6ld\u00fcrm\u00fc\u015ft\u00fc. Muhtemelen son katil de son cinayetini bir ta\u015fla i\u015fleyecek. \u0130nsanl\u0131\u011f\u0131n hazin hik\u00e2yesi bu iki ta\u015f\u0131n aras\u0131ndakilerden ibaret.\u201d   \u201cB\u00fcy\u00fck Fahi\u015fe\u201d denen yoz bir \u015fehirde hi\u00e7likten gelen bir adam, insanlar\u0131n kaderine h\u00fckmetme arzusuyla ad\u0131m ad\u0131m y\u00fckselir. Adanm\u0131\u015f toplulu\u011fu da \u201cSon Emrin\u201d kubbesinin alt\u0131nda sorgusuz sualsiz onu takip eder.   Elinde tuttu\u011fun bu kitap muhtemelen zihninde baz\u0131 soru i\u015faretleri uyand\u0131racak. \u0130nsan neyin pe\u015finden gitmeli? Bir yanda a\u015fk\u0131n, dostlar\u0131n ve emek verdi\u011fin her \u015fey; di\u011fer yanda inand\u0131\u011f\u0131n do\u011frular\u0131n olsa hangisini se\u00e7erdin? Ger\u00e7ekle ill\u00fczyon aras\u0131nda kaybedeceklerine ra\u011fmen kendin kalmay\u0131 ba\u015farabilir miydin?   Hik\u00e2yedeki \u201ck\u00f6t\u00fc adam\u201d insan\u0131n \u00fcst\u00fcnl\u00fck aray\u0131\u015f\u0131n\u0131n sembolizmi, \u201ciyi adamsa\u201d \u00f6zg\u00fcnl\u00fck. Birini ihtiraslar\u0131 bi\u00e7imlendirirken di\u011ferini de ac\u0131lar\u0131 olgunla\u015ft\u0131r\u0131yor. K\u00f6t\u00fc adam\u0131n yaratt\u0131\u011f\u0131 bu iyi adam\u0131n hik\u00e2yesi sana aidiyetleri ve a\u015fk\u0131yla inand\u0131\u011f\u0131 do\u011frular aras\u0131nda kalm\u0131\u015f bir adam\u0131n araf\u0131n\u0131 anlat\u0131yor. Kadim \u00e7eli\u015fkilerle dolu insan ruhunun merkezine yapt\u0131\u011f\u0131 yolculu\u011fa seni de davet ediyor.   Evet bu hik\u00e2yede bir a\u015fk da var. \u00d6nce insan\u0131 saran, sonra da sarsan h\u00fcz\u00fcnl\u00fc bir a\u015fk\u2026   \u201cBizde George Orwell\u2019in 1984 roman\u0131 t\u00fcr\u00fcnden totalitarizm ele\u015ftirisi yapan bir edebiyat geli\u015fmedi. G\u00fcrkan Sekmen olgular\u0131 yans\u0131tan bu roman\u0131nda hayranl\u0131kla ba\u015flay\u0131p g\u00f6n\u00fcll\u00fc esirli\u011fe d\u00f6n\u00fc\u015fen \u00f6rg\u00fct hayat\u0131n\u0131 anlat\u0131yor\u2026 S\u0131radan gen\u00e7 insan, art\u0131k y\u00fcce ideallerin neferidir. \u0130\u015fte El Yap\u0131m\u0131 Ruhlar  bu psikolojik mekanizmalarla \u00fcretiliyor.\u201d \u2014 Taha Akyol <\/p>\n","protected":false},"excerpt":{"rendered":"<p>\u201c\u0130lk katil Kabil karde\u015fini bir ta\u015fla \u00f6ld\u00fcrm\u00fc\u015ft\u00fc. Muhtemelen son katil de son cinayetini bir ta\u015fla i\u015fleyecek. \u0130nsanl\u0131\u011f\u0131n hazin hik\u00e2yesi bu iki ta\u015f\u0131n aras\u0131ndakilerden ibaret.\u201d \u201cB\u00fcy\u00fck Fahi\u015fe\u201d<span class=\"excerpt-hellip\"> [\u2026]<\/span><\/p>\n","protected":false},"featured_media":0,"template":"","meta":{"_monsterinsights_skip_tracking":false,"_monsterinsights_sitenote_active":false,"_monsterinsights_sitenote_note":"","_monsterinsights_sitenote_category":0},"product_brand":[],"product_cat":[12291,12711],"product_tag":[],"class_list":{"0":"post-773119","1":"product","2":"type-product","3":"status-publish","5":"product_cat-edebiyat","6":"product_cat-roman-oyku","7":"pa_cilt-ciltsiz","8":"pa_tur-kitap","9":"pa_yayinevi-dogan-kitap","10":"pa_yazar-gurkan-sekmen","12":"first","13":"instock","14":"sale","15":"shipping-taxable","16":"purchasable","17":"product-type-simple"},"_links":{"self":[{"href":"https:\/\/roveyayinevi.com.tr\/index.php\/wp-json\/wp\/v2\/product\/773119","targetHints":{"allow":["GET"]}}],"collection":[{"href":"https:\/\/roveyayinevi.com.tr\/index.php\/wp-json\/wp\/v2\/product"}],"about":[{"href":"https:\/\/roveyayinevi.com.tr\/index.php\/wp-json\/wp\/v2\/types\/product"}],"wp:attachment":[{"href":"https:\/\/roveyayinevi.com.tr\/index.php\/wp-json\/wp\/v2\/media?parent=773119"}],"wp:term":[{"taxonomy":"product_brand","embeddable":true,"href":"https:\/\/roveyayinevi.com.tr\/index.php\/wp-json\/wp\/v2\/product_brand?post=773119"},{"taxonomy":"product_cat","embeddable":true,"href":"https:\/\/roveyayinevi.com.tr\/index.php\/wp-json\/wp\/v2\/product_cat?post=773119"},{"taxonomy":"product_tag","embeddable":true,"href":"https:\/\/roveyayinevi.com.tr\/index.php\/wp-json\/wp\/v2\/product_tag?post=773119"}],"curies":[{"name":"wp","href":"https:\/\/api.w.org\/{rel}","templated":true}]}}