{"id":773118,"date":"2025-08-28T16:04:27","date_gmt":"2025-08-28T13:04:27","guid":{"rendered":"https:\/\/roveyayinevi.com.tr\/index.php\/urun\/turkan-ve-hayat-ciltli\/"},"modified":"2026-04-15T03:39:22","modified_gmt":"2026-04-15T00:39:22","slug":"turkan-ve-hayat-ciltli","status":"publish","type":"product","link":"https:\/\/roveyayinevi.com.tr\/index.php\/urun\/turkan-ve-hayat-ciltli\/","title":{"rendered":"T\u00fcrkan ve Hayat (Ciltli)"},"content":{"rendered":"<p>Y\u00fcz ak\u0131m\u0131z, varl\u0131\u011f\u0131 ve sanat\u0131yla, y\u00fcreklerimize dokunan ortak noktam\u0131z&#8230;  \u2014 Z\u00fclf\u00fc Livaneli   M\u00fctevaz\u0131, hassas, \u00e7ekingen, zarif, ba\u015far\u0131l\u0131, g\u00fc\u00e7l\u00fc, sab\u0131rl\u0131 bir ki\u015fili\u011fe sahip, y\u00fcre\u011fi sevgi ve \u015fefkat dolu g\u00fczel insan, m\u00fckemmel anne&#8230;  \u2014 Cihan \u00dcnal   Seni neredeyse 60 y\u0131ld\u0131r tan\u0131yorum ve ayn\u0131 zarafeti, g\u00fczelli\u011fi, iyi insan olabilmeyi, insanlara sevgi ve sayg\u0131y\u0131 g\u00f6stermeni hayranl\u0131kla izliyorum&#8230; \u2014 Ediz Hun   \u0130ki dost sohbeti olarak akan kitap s\u0131ras\u0131nda bilmedi\u011finiz bir T\u00fcrkan \u015eoray g\u00f6recek, d\u00fc\u015f\u00fcncelerine ve duru\u015funa hayran kalacak, bir kad\u0131n\u0131n tek ba\u015f\u0131na kurdu\u011fu g\u00fc\u00e7l\u00fc varolu\u015ftan ki\u015fisel ar\u015fivinize \u00e7ok k\u0131ymetli bilgiler ekleyeceksiniz. Kamera dendi\u011fi anda bu defa \u015eoray\u2019\u0131n hem kendisinin hem kelimelerinin devle\u015fti\u011fi, daha \u00f6nce hi\u00e7 izlemedi\u011finiz bir film, bu kitap.   \u2014 Filiz Ayg\u00fcnd\u00fcz <\/p>\n","protected":false},"excerpt":{"rendered":"<p>Y\u00fcz ak\u0131m\u0131z, varl\u0131\u011f\u0131 ve sanat\u0131yla, y\u00fcreklerimize dokunan ortak noktam\u0131z&#8230; \u2014 Z\u00fclf\u00fc Livaneli M\u00fctevaz\u0131, hassas, \u00e7ekingen, zarif, ba\u015far\u0131l\u0131, g\u00fc\u00e7l\u00fc, sab\u0131rl\u0131 bir ki\u015fili\u011fe sahip, y\u00fcre\u011fi sevgi ve \u015fefkat<span class=\"excerpt-hellip\"> [\u2026]<\/span><\/p>\n","protected":false},"featured_media":0,"template":"","meta":{"_monsterinsights_skip_tracking":false,"_monsterinsights_sitenote_active":false,"_monsterinsights_sitenote_note":"","_monsterinsights_sitenote_category":0},"product_brand":[],"product_cat":[12291,30969],"product_tag":[],"class_list":{"0":"post-773118","1":"product","2":"type-product","3":"status-publish","5":"product_cat-edebiyat","6":"product_cat-soylesi-edebiyat","7":"pa_cilt-ciltli","8":"pa_tur-kitap","9":"pa_yayinevi-dogan-kitap","10":"pa_yazar-bircan-usalli-silan","12":"first","13":"instock","14":"sale","15":"shipping-taxable","16":"purchasable","17":"product-type-simple"},"_links":{"self":[{"href":"https:\/\/roveyayinevi.com.tr\/index.php\/wp-json\/wp\/v2\/product\/773118","targetHints":{"allow":["GET"]}}],"collection":[{"href":"https:\/\/roveyayinevi.com.tr\/index.php\/wp-json\/wp\/v2\/product"}],"about":[{"href":"https:\/\/roveyayinevi.com.tr\/index.php\/wp-json\/wp\/v2\/types\/product"}],"wp:attachment":[{"href":"https:\/\/roveyayinevi.com.tr\/index.php\/wp-json\/wp\/v2\/media?parent=773118"}],"wp:term":[{"taxonomy":"product_brand","embeddable":true,"href":"https:\/\/roveyayinevi.com.tr\/index.php\/wp-json\/wp\/v2\/product_brand?post=773118"},{"taxonomy":"product_cat","embeddable":true,"href":"https:\/\/roveyayinevi.com.tr\/index.php\/wp-json\/wp\/v2\/product_cat?post=773118"},{"taxonomy":"product_tag","embeddable":true,"href":"https:\/\/roveyayinevi.com.tr\/index.php\/wp-json\/wp\/v2\/product_tag?post=773118"}],"curies":[{"name":"wp","href":"https:\/\/api.w.org\/{rel}","templated":true}]}}