{"id":773116,"date":"2025-08-28T16:04:23","date_gmt":"2025-08-28T13:04:23","guid":{"rendered":"https:\/\/roveyayinevi.com.tr\/index.php\/urun\/bulutuyla-dolasan-kadin\/"},"modified":"2026-04-15T03:39:22","modified_gmt":"2026-04-15T00:39:22","slug":"bulutuyla-dolasan-kadin","status":"publish","type":"product","link":"https:\/\/roveyayinevi.com.tr\/index.php\/urun\/bulutuyla-dolasan-kadin\/","title":{"rendered":"Bulutuyla Dola\u015fan Kad\u0131n"},"content":{"rendered":"<p>Bulutuyla Dola\u015fan Kad\u0131n, Muazzez \u00c7\u00f6rtelek\u2019in yeni \u00f6yk\u00fclerini bir araya getiriyor. Yazar, bir \u00f6nceki kitab\u0131 Belki de R\u00fcya De\u011fildi\u2019yle \u00f6yk\u00fc okurlar\u0131na merhaba demi\u015fti. \u00c7\u00f6rtelek, derinlikli altyap\u0131s\u0131 ve g\u00fc\u00e7l\u00fc g\u00f6ndermeleriyle insan\u0131n, soka\u011f\u0131n, ev i\u00e7lerinin, yolculuklar\u0131n ve kar\u015f\u0131la\u015fmalar\u0131n izini s\u00fcr\u00fcyor. \u0130nsan\u0131 anlat\u0131rken hepimizi anlat\u0131yor. Her anlat\u0131s\u0131 ba\u015fka bir ya\u015fam tan\u0131kl\u0131\u011f\u0131na i\u015faret ediyor. Metinleri okurken, her g\u00fcn yolumuzun kesi\u015fti\u011fi, ans\u0131z\u0131n yan\u0131m\u0131zdan ge\u00e7en, g\u00f6r\u00fcp de \u00f6nemsemedi\u011fimiz s\u0131radan insanlar\u0131n \u015fa\u015f\u0131rt\u0131c\u0131 halleriyle kar\u015f\u0131la\u015facaks\u0131n\u0131z. Hayat belki de koca bir labirent ve zaman denen bu oyunda birbirimizin hik\u00e2yeleriyle avunup yol bulmaya \u00e7al\u0131\u015f\u0131yoruz. Muazzez \u00c7\u00f6rtelek, \u00f6yk\u00fcleriyle bize adeta bir harita \u00e7iziyor. Bulutuyla Dola\u015fan Kad\u0131n, edebiyat okuru i\u00e7in yer yer \u015fifrelerle ve ruhumuza iyi gelecek definelerle dolu ba\u015far\u0131l\u0131 \u00f6yk\u00fcler toplam\u0131. <\/p>\n","protected":false},"excerpt":{"rendered":"<p>Bulutuyla Dola\u015fan Kad\u0131n, Muazzez \u00c7\u00f6rtelek\u2019in yeni \u00f6yk\u00fclerini bir araya getiriyor. Yazar, bir \u00f6nceki kitab\u0131 Belki de R\u00fcya De\u011fildi\u2019yle \u00f6yk\u00fc okurlar\u0131na merhaba demi\u015fti. \u00c7\u00f6rtelek, derinlikli altyap\u0131s\u0131 ve<span class=\"excerpt-hellip\"> [\u2026]<\/span><\/p>\n","protected":false},"featured_media":0,"template":"","meta":{"_monsterinsights_skip_tracking":false,"_monsterinsights_sitenote_active":false,"_monsterinsights_sitenote_note":"","_monsterinsights_sitenote_category":0},"product_brand":[],"product_cat":[12291,18202],"product_tag":[],"class_list":{"0":"post-773116","1":"product","2":"type-product","3":"status-publish","5":"product_cat-edebiyat","6":"product_cat-hikaye","7":"pa_cilt-ciltsiz","8":"pa_tur-kitap","9":"pa_yayinevi-yitik-ulke-yayinlari","10":"pa_yazar-muazzez-cortelek","12":"first","13":"instock","14":"sale","15":"shipping-taxable","16":"purchasable","17":"product-type-simple"},"_links":{"self":[{"href":"https:\/\/roveyayinevi.com.tr\/index.php\/wp-json\/wp\/v2\/product\/773116","targetHints":{"allow":["GET"]}}],"collection":[{"href":"https:\/\/roveyayinevi.com.tr\/index.php\/wp-json\/wp\/v2\/product"}],"about":[{"href":"https:\/\/roveyayinevi.com.tr\/index.php\/wp-json\/wp\/v2\/types\/product"}],"wp:attachment":[{"href":"https:\/\/roveyayinevi.com.tr\/index.php\/wp-json\/wp\/v2\/media?parent=773116"}],"wp:term":[{"taxonomy":"product_brand","embeddable":true,"href":"https:\/\/roveyayinevi.com.tr\/index.php\/wp-json\/wp\/v2\/product_brand?post=773116"},{"taxonomy":"product_cat","embeddable":true,"href":"https:\/\/roveyayinevi.com.tr\/index.php\/wp-json\/wp\/v2\/product_cat?post=773116"},{"taxonomy":"product_tag","embeddable":true,"href":"https:\/\/roveyayinevi.com.tr\/index.php\/wp-json\/wp\/v2\/product_tag?post=773116"}],"curies":[{"name":"wp","href":"https:\/\/api.w.org\/{rel}","templated":true}]}}