{"id":773115,"date":"2025-08-28T16:04:21","date_gmt":"2025-08-28T13:04:21","guid":{"rendered":"https:\/\/roveyayinevi.com.tr\/index.php\/urun\/kistan-sonra\/"},"modified":"2026-04-15T03:39:22","modified_gmt":"2026-04-15T00:39:22","slug":"kistan-sonra","status":"publish","type":"product","link":"https:\/\/roveyayinevi.com.tr\/index.php\/urun\/kistan-sonra\/","title":{"rendered":"K\u0131\u015ftan Sonra"},"content":{"rendered":"<p>En uzun k\u0131\u015flar\u0131n ard\u0131ndan gelen baharlar, yaln\u0131zca avunmaya yarayan k\u0131sa mutluluk anlar\u0131ndan m\u0131 ibarettir?  New York\u2019ta d\u00fczen, kontrol ve mesafe tak\u0131nt\u0131s\u0131yla \u00f6r\u00fcl\u00fc bir ya\u015fam s\u00fcren K\u00fcba as\u0131ll\u0131 edit\u00f6r Claudio\u2019nun en b\u00fcy\u00fck korkusu duygular\u0131n yol a\u00e7aca\u011f\u0131 karma\u015fad\u0131r. Paris\u2019e okumak i\u00e7in gelen, bir mezarl\u0131\u011f\u0131n yan\u0131ndaki k\u00fc\u00e7\u00fck dairesinde kitaplarla ve hayal k\u0131r\u0131kl\u0131klar\u0131yla dolu bir hayat s\u00fcren Cecilia ise i\u00e7e kapan\u0131k ve k\u0131r\u0131lgand\u0131r. Belli belirsiz \u00f6r\u00fclen ili\u015fkiler a\u011f\u0131nda, bu iki yabanc\u0131n\u0131n yollar\u0131 kesi\u015fir. Ya\u015fanan deneyim ikisi i\u00e7in de sars\u0131c\u0131d\u0131r. Fakat Nettel bu kar\u015f\u0131la\u015fmadan romantik bir kurtulu\u015f dev\u015firmenin kolayc\u0131l\u0131\u011f\u0131na ka\u00e7maz. Claudio ve Cecilia, bu iki kar\u015f\u0131t kutup, her birinin di\u011ferinde kendisiyle y\u00fczle\u015fti\u011fi birer ayna vazifesi g\u00f6r\u00fcr. B\u00f6ylece hik\u00e2ye, topra\u011fa verilemeyen ge\u00e7mi\u015fin hayaletleriyle dolu so\u011fuk bir trajediye d\u00f6n\u00fc\u015f\u00fcr.  Yoldan \u00c7\u0131kanlar ve Benzersiz K\u0131z\u0131m gibi kitaplar\u0131yla d\u00fcnya \u00e7ap\u0131nda ba\u015far\u0131 yakalayan Guadalupe Nettel, K\u0131\u015ftan Sonra\u2019da modern insan\u0131n yaln\u0131zl\u0131kla, aidiyetle, \u00f6l\u00fcmle ve sevgiyle ili\u015fkisini incelikli bir dille kaleme al\u0131rken, mutlulu\u011fun ne kadar k\u0131r\u0131lgan oldu\u011funu so\u011fukkanl\u0131l\u0131kla g\u00f6steriyor. <\/p>\n","protected":false},"excerpt":{"rendered":"<p>En uzun k\u0131\u015flar\u0131n ard\u0131ndan gelen baharlar, yaln\u0131zca avunmaya yarayan k\u0131sa mutluluk anlar\u0131ndan m\u0131 ibarettir? New York\u2019ta d\u00fczen, kontrol ve mesafe tak\u0131nt\u0131s\u0131yla \u00f6r\u00fcl\u00fc bir ya\u015fam s\u00fcren K\u00fcba<span class=\"excerpt-hellip\"> [\u2026]<\/span><\/p>\n","protected":false},"featured_media":0,"template":"","meta":{"_monsterinsights_skip_tracking":false,"_monsterinsights_sitenote_active":false,"_monsterinsights_sitenote_note":"","_monsterinsights_sitenote_category":0},"product_brand":[],"product_cat":[12291,12711],"product_tag":[],"class_list":{"0":"post-773115","1":"product","2":"type-product","3":"status-publish","5":"product_cat-edebiyat","6":"product_cat-roman-oyku","7":"pa_cilt-ciltsiz","8":"pa_tur-kitap","9":"pa_yayinevi-livera-yayinevi","10":"pa_yazar-guadalupe-nettel","12":"first","13":"instock","14":"sale","15":"shipping-taxable","16":"purchasable","17":"product-type-simple"},"_links":{"self":[{"href":"https:\/\/roveyayinevi.com.tr\/index.php\/wp-json\/wp\/v2\/product\/773115","targetHints":{"allow":["GET"]}}],"collection":[{"href":"https:\/\/roveyayinevi.com.tr\/index.php\/wp-json\/wp\/v2\/product"}],"about":[{"href":"https:\/\/roveyayinevi.com.tr\/index.php\/wp-json\/wp\/v2\/types\/product"}],"wp:attachment":[{"href":"https:\/\/roveyayinevi.com.tr\/index.php\/wp-json\/wp\/v2\/media?parent=773115"}],"wp:term":[{"taxonomy":"product_brand","embeddable":true,"href":"https:\/\/roveyayinevi.com.tr\/index.php\/wp-json\/wp\/v2\/product_brand?post=773115"},{"taxonomy":"product_cat","embeddable":true,"href":"https:\/\/roveyayinevi.com.tr\/index.php\/wp-json\/wp\/v2\/product_cat?post=773115"},{"taxonomy":"product_tag","embeddable":true,"href":"https:\/\/roveyayinevi.com.tr\/index.php\/wp-json\/wp\/v2\/product_tag?post=773115"}],"curies":[{"name":"wp","href":"https:\/\/api.w.org\/{rel}","templated":true}]}}