{"id":773114,"date":"2025-08-28T16:04:18","date_gmt":"2025-08-28T13:04:18","guid":{"rendered":"https:\/\/roveyayinevi.com.tr\/index.php\/urun\/mayda\/"},"modified":"2026-04-15T03:39:22","modified_gmt":"2026-04-15T00:39:22","slug":"mayda","status":"publish","type":"product","link":"https:\/\/roveyayinevi.com.tr\/index.php\/urun\/mayda\/","title":{"rendered":"Mayda"},"content":{"rendered":"<p>Aras Yay\u0131nc\u0131l\u0131k\u2019\u0131n \u201c\u0130stanbullu Ermeni Kad\u0131n Yazarlar\u201d ba\u015fl\u0131kl\u0131 yeni edebiyat serisinin ilk kitab\u0131 Mayda, yaln\u0131zca bir roman de\u011fil, hem edebi hem de toplumsal bir ba\u015fkald\u0131r\u0131n\u0131n simgesi.   S\u0131rpuhi D\u00fcsap\u2019\u0131n kaleme ald\u0131\u011f\u0131 ve 1883\u2019te \u0130stanbul\u2019da, Zartaryan Matbaas\u0131\u2019nda yay\u0131mlanan Mayda, Bat\u0131 Ermenicesi edebiyat\u0131nda bir ilki ger\u00e7ekle\u015ftiriyor. D\u00fcsap bu roman\u0131yla yaln\u0131zca Bat\u0131 Ermenicesinin ilk kad\u0131n romanc\u0131s\u0131 olmakla kalm\u0131yor, ayn\u0131 zamanda kad\u0131n kimli\u011fini ve kad\u0131na bi\u00e7ilen toplumsal rolleri edebiyat yoluyla sorgulayan \u00f6nc\u00fc bir ses olarak kar\u015f\u0131m\u0131za \u00e7\u0131k\u0131yor.   \u0130stanbullu Ermeni kad\u0131n edebiyat\u0131n\u0131n zenginli\u011fini g\u00fcn\u00fcm\u00fcze ta\u015f\u0131mak, kad\u0131nlar\u0131n g\u00f6rmeden gelinen varl\u0131\u011f\u0131n\u0131, susturulan sesini ve unutturulan s\u00f6z\u00fcn\u00fc hat\u0131rlama ve hat\u0131rlatma amac\u0131 ta\u015f\u0131yor. <\/p>\n","protected":false},"excerpt":{"rendered":"<p>Aras Yay\u0131nc\u0131l\u0131k\u2019\u0131n \u201c\u0130stanbullu Ermeni Kad\u0131n Yazarlar\u201d ba\u015fl\u0131kl\u0131 yeni edebiyat serisinin ilk kitab\u0131 Mayda, yaln\u0131zca bir roman de\u011fil, hem edebi hem de toplumsal bir ba\u015fkald\u0131r\u0131n\u0131n simgesi. S\u0131rpuhi<span class=\"excerpt-hellip\"> [\u2026]<\/span><\/p>\n","protected":false},"featured_media":0,"template":"","meta":{"_monsterinsights_skip_tracking":false,"_monsterinsights_sitenote_active":false,"_monsterinsights_sitenote_note":"","_monsterinsights_sitenote_category":0},"product_brand":[],"product_cat":[12291,12711],"product_tag":[],"class_list":{"0":"post-773114","1":"product","2":"type-product","3":"status-publish","5":"product_cat-edebiyat","6":"product_cat-roman-oyku","7":"pa_cilt-ciltsiz","8":"pa_tur-kitap","9":"pa_yayinevi-aras-yayinlari","10":"pa_yazar-sirpuhi-dusap","12":"first","13":"instock","14":"sale","15":"shipping-taxable","16":"purchasable","17":"product-type-simple"},"_links":{"self":[{"href":"https:\/\/roveyayinevi.com.tr\/index.php\/wp-json\/wp\/v2\/product\/773114","targetHints":{"allow":["GET"]}}],"collection":[{"href":"https:\/\/roveyayinevi.com.tr\/index.php\/wp-json\/wp\/v2\/product"}],"about":[{"href":"https:\/\/roveyayinevi.com.tr\/index.php\/wp-json\/wp\/v2\/types\/product"}],"wp:attachment":[{"href":"https:\/\/roveyayinevi.com.tr\/index.php\/wp-json\/wp\/v2\/media?parent=773114"}],"wp:term":[{"taxonomy":"product_brand","embeddable":true,"href":"https:\/\/roveyayinevi.com.tr\/index.php\/wp-json\/wp\/v2\/product_brand?post=773114"},{"taxonomy":"product_cat","embeddable":true,"href":"https:\/\/roveyayinevi.com.tr\/index.php\/wp-json\/wp\/v2\/product_cat?post=773114"},{"taxonomy":"product_tag","embeddable":true,"href":"https:\/\/roveyayinevi.com.tr\/index.php\/wp-json\/wp\/v2\/product_tag?post=773114"}],"curies":[{"name":"wp","href":"https:\/\/api.w.org\/{rel}","templated":true}]}}