{"id":773113,"date":"2025-08-28T16:04:16","date_gmt":"2025-08-28T13:04:16","guid":{"rendered":"https:\/\/roveyayinevi.com.tr\/index.php\/urun\/gorevimiz-renkli-orman\/"},"modified":"2026-04-15T03:39:22","modified_gmt":"2026-04-15T00:39:22","slug":"gorevimiz-renkli-orman","status":"publish","type":"product","link":"https:\/\/roveyayinevi.com.tr\/index.php\/urun\/gorevimiz-renkli-orman\/","title":{"rendered":"G\u00f6revimiz Renkli Orman"},"content":{"rendered":"<p>Dikkat! Bu kitapta oyun var! Elinde tutmu\u015f oldu\u011fun kitap, sadece bir kitap de\u011fil. O asl\u0131nda bir \u00e7e\u015fit bulmaca. Bilgisayarda, tablette ya da telefonda oynad\u0131\u011f\u0131n oyunlar gibi \u00e7ok heyecanl\u0131, gizemli ve e\u011flenceli. Bu kadar da de\u011fil; ayr\u0131ca sana baz\u0131 bilgiler ve ipu\u00e7lar\u0131 vererek bir g\u00f6revi tamamlaman\u0131 sa\u011fl\u0131yor. Tamamlad\u0131\u011f\u0131n her g\u00f6rev, seni sonuca daha da yakla\u015ft\u0131r\u0131yor.   E\u011fitimci yazar Derya \u015eahnar\u2019\u0131n kaleminden renklerini kaybeden bir orman\u0131, eski g\u00fczelli\u011fine kavu\u015fturma maceras\u0131n\u0131n anlat\u0131ld\u0131\u011f\u0131 bu kitap, seni sadece okumaya de\u011fil, bir kahraman olmaya da davet ediyor. Kahramanlar ile birlikte gizemli \u015fifreleri \u00e7\u00f6zmek, senin g\u00f6revin! \u00c7evre bilinci, do\u011faya ve di\u011fer canl\u0131lara kar\u015f\u0131 duyarl\u0131l\u0131k, dostluk ve daha nicesi\u2026 Haz\u0131r m\u0131s\u0131n? Oyun ba\u015flas\u0131n\u2026<\/p>\n","protected":false},"excerpt":{"rendered":"<p>Dikkat! Bu kitapta oyun var! Elinde tutmu\u015f oldu\u011fun kitap, sadece bir kitap de\u011fil. O asl\u0131nda bir \u00e7e\u015fit bulmaca. Bilgisayarda, tablette ya da telefonda oynad\u0131\u011f\u0131n oyunlar gibi<span class=\"excerpt-hellip\"> [\u2026]<\/span><\/p>\n","protected":false},"featured_media":0,"template":"","meta":{"_monsterinsights_skip_tracking":false,"_monsterinsights_sitenote_active":false,"_monsterinsights_sitenote_note":"","_monsterinsights_sitenote_category":0},"product_brand":[],"product_cat":[12274,12284],"product_tag":[],"class_list":{"0":"post-773113","1":"product","2":"type-product","3":"status-publish","5":"product_cat-cocuk-ve-genclik-kitaplari","6":"product_cat-hikayeler","7":"pa_cilt-ciltsiz","8":"pa_tur-kitap","9":"pa_yayinevi-luna-cocuk-yayinlari","10":"pa_yazar-derya-sahnar","12":"first","13":"instock","14":"sale","15":"shipping-taxable","16":"purchasable","17":"product-type-simple"},"_links":{"self":[{"href":"https:\/\/roveyayinevi.com.tr\/index.php\/wp-json\/wp\/v2\/product\/773113","targetHints":{"allow":["GET"]}}],"collection":[{"href":"https:\/\/roveyayinevi.com.tr\/index.php\/wp-json\/wp\/v2\/product"}],"about":[{"href":"https:\/\/roveyayinevi.com.tr\/index.php\/wp-json\/wp\/v2\/types\/product"}],"wp:attachment":[{"href":"https:\/\/roveyayinevi.com.tr\/index.php\/wp-json\/wp\/v2\/media?parent=773113"}],"wp:term":[{"taxonomy":"product_brand","embeddable":true,"href":"https:\/\/roveyayinevi.com.tr\/index.php\/wp-json\/wp\/v2\/product_brand?post=773113"},{"taxonomy":"product_cat","embeddable":true,"href":"https:\/\/roveyayinevi.com.tr\/index.php\/wp-json\/wp\/v2\/product_cat?post=773113"},{"taxonomy":"product_tag","embeddable":true,"href":"https:\/\/roveyayinevi.com.tr\/index.php\/wp-json\/wp\/v2\/product_tag?post=773113"}],"curies":[{"name":"wp","href":"https:\/\/api.w.org\/{rel}","templated":true}]}}