{"id":773104,"date":"2025-08-28T16:03:55","date_gmt":"2025-08-28T13:03:55","guid":{"rendered":"https:\/\/roveyayinevi.com.tr\/index.php\/urun\/aynali-magara\/"},"modified":"2026-04-15T03:39:22","modified_gmt":"2026-04-15T00:39:22","slug":"aynali-magara","status":"publish","type":"product","link":"https:\/\/roveyayinevi.com.tr\/index.php\/urun\/aynali-magara\/","title":{"rendered":"Aynal\u0131 Ma\u011fara"},"content":{"rendered":"<p>Bir ma\u011fara, binbir gizem&#8230;Efsanelerle, gizemlerle, ak\u0131l almaz olaylarla dolu esrarengiz ma\u011fara maceras\u0131 ne\u015feyle ba\u015flam\u0131\u015ft\u0131. \u00dcstelik buraya aileleriyle gelmi\u015fti alt\u0131 \u00e7ocuk. Peki ya sonra? Sanki bilinmez bir g\u00fc\u00e7 onlar\u0131 ma\u011faran\u0131n derinliklerine \u00e7a\u011f\u0131r\u0131yordu.Ma\u011faraya girdiklerine bin pi\u015fman olan kafadarlar, sonunda m\u00fczik ve b\u00fcy\u00fcleyici bir manzarayla kar\u015f\u0131la\u015f\u0131nca buraya girmekle ne kadar do\u011fru karar verdiklerini anlam\u0131\u015flard\u0131.Acaba bir d\u00fc\u015fte miydiler yoksa ger\u00e7e\u011fin ta ortas\u0131nda m\u0131?Sen de onlarla e\u011flenceye ve heyecana var m\u0131s\u0131n?Haydi, ba\u015flas\u0131n o zaman Aynal\u0131 Ma\u011fara&#8217;n\u0131n soluk kesen maceras\u0131!<\/p>\n","protected":false},"excerpt":{"rendered":"<p>Bir ma\u011fara, binbir gizem&#8230;Efsanelerle, gizemlerle, ak\u0131l almaz olaylarla dolu esrarengiz ma\u011fara maceras\u0131 ne\u015feyle ba\u015flam\u0131\u015ft\u0131. \u00dcstelik buraya aileleriyle gelmi\u015fti alt\u0131 \u00e7ocuk. Peki ya sonra? Sanki bilinmez bir<span class=\"excerpt-hellip\"> [\u2026]<\/span><\/p>\n","protected":false},"featured_media":0,"template":"","meta":{"_monsterinsights_skip_tracking":false,"_monsterinsights_sitenote_active":false,"_monsterinsights_sitenote_note":"","_monsterinsights_sitenote_category":0},"product_brand":[],"product_cat":[12274,12284],"product_tag":[],"class_list":{"0":"post-773104","1":"product","2":"type-product","3":"status-publish","5":"product_cat-cocuk-ve-genclik-kitaplari","6":"product_cat-hikayeler","7":"pa_cilt-ciltsiz","8":"pa_tur-kitap","9":"pa_yayinevi-altin-kitaplar-cocuk-kitaplari","10":"pa_yazar-arzu-tunc","12":"first","13":"instock","14":"sale","15":"shipping-taxable","16":"purchasable","17":"product-type-simple"},"_links":{"self":[{"href":"https:\/\/roveyayinevi.com.tr\/index.php\/wp-json\/wp\/v2\/product\/773104","targetHints":{"allow":["GET"]}}],"collection":[{"href":"https:\/\/roveyayinevi.com.tr\/index.php\/wp-json\/wp\/v2\/product"}],"about":[{"href":"https:\/\/roveyayinevi.com.tr\/index.php\/wp-json\/wp\/v2\/types\/product"}],"wp:attachment":[{"href":"https:\/\/roveyayinevi.com.tr\/index.php\/wp-json\/wp\/v2\/media?parent=773104"}],"wp:term":[{"taxonomy":"product_brand","embeddable":true,"href":"https:\/\/roveyayinevi.com.tr\/index.php\/wp-json\/wp\/v2\/product_brand?post=773104"},{"taxonomy":"product_cat","embeddable":true,"href":"https:\/\/roveyayinevi.com.tr\/index.php\/wp-json\/wp\/v2\/product_cat?post=773104"},{"taxonomy":"product_tag","embeddable":true,"href":"https:\/\/roveyayinevi.com.tr\/index.php\/wp-json\/wp\/v2\/product_tag?post=773104"}],"curies":[{"name":"wp","href":"https:\/\/api.w.org\/{rel}","templated":true}]}}