{"id":773102,"date":"2025-08-28T16:03:51","date_gmt":"2025-08-28T13:03:51","guid":{"rendered":"https:\/\/roveyayinevi.com.tr\/index.php\/urun\/cizgili-yaramazlik-2\/"},"modified":"2026-04-15T03:39:22","modified_gmt":"2026-04-15T00:39:22","slug":"cizgili-yaramazlik-2","status":"publish","type":"product","link":"https:\/\/roveyayinevi.com.tr\/index.php\/urun\/cizgili-yaramazlik-2\/","title":{"rendered":"\u00c7izgili Yaramazl\u0131k"},"content":{"rendered":"<p>Oyun sevenler buraya ko\u015fsun! Bir de sincap sevenler! Bu kitap oyunla dolu. \u00c7izgilerle, resimlerle, harflerle, seslerle ve s\u00f6zc\u00fcklerle oynayaca\u011f\u0131z. Bir de yaramaz ve oyunbaz sincap U\u00e7anta&#8217;yla.S\u00f6zel ve yaz\u0131nsal okuryazarl\u0131k nas\u0131l alfabetik anlamda iletiyi kodlama ve bu kodu \u00e7\u00f6z\u00fcmlemeden ibaret de\u011filse, g\u00f6rsel okuryazarl\u0131k da sadece bir g\u00f6rsele bak\u0131p ne g\u00f6rd\u00fc\u011f\u00fcn\u00fc anlatma becerisi olarak d\u00fc\u015f\u00fcn\u00fclmemelidir. Nokta, \u00e7izgi, \u015fekil, form, bo\u015fluk, doku, \u0131\u015f\u0131k, renk, hareket gibi \u00f6\u011feler g\u00f6rsel dilin temel bile\u015fenleri olarak kabul edilir. Dolay\u0131s\u0131yla bir g\u00f6rsel okuryazar, t\u00fcm bunlar\u0131 g\u00f6z \u00f6n\u00fcne alarak g\u00f6rselde anlat\u0131lan bilgiyi do\u011fru okuyabilen, anlayabilen, yorumlayabilen, ayr\u0131ca kendisi de anlaml\u0131 g\u00f6rsel i\u00e7erikler \u00fcretebilen, b\u00fct\u00fcn bunlara ek olarak \u00e7o\u011funlukla g\u00f6rsel okuman\u0131n bir par\u00e7as\u0131 gibi alg\u0131lanmayan tasar\u0131m \u00f6\u011felerini de dikkate alarak &#8220;b\u00fcy\u00fck resmi&#8221; g\u00f6rebilen ki\u015fidir.Bu kitaptaki uygulamalar, \u00e7oklu okuryazarl\u0131\u011f\u0131, \u00e7ok katmanl\u0131 metinleri, \u00e7ok ama\u00e7l\u0131 kullan\u0131m\u0131, bir \u015feyin \u00e7ok \u015fey olabilme ihtimalini ve az \u00e7oktur yakla\u015f\u0131m\u0131n\u0131 \u00e7ok\u00e7a kucakl\u0131yor.\u00c7izgili Yaramazl\u0131k kitab\u0131 \u00e7izgilerle, sembollerle, resimlerle, harflerle, seslerle ve s\u00f6zc\u00fcklerle oynamay\u0131 seven 7&#8217;den 70&#8217;e t\u00fcm yaramazlar\u0131 g\u00f6rsel okuma ve yarat\u0131c\u0131 yazma oyunlar\u0131na \u00e7a\u011f\u0131r\u0131yor. <\/p>\n","protected":false},"excerpt":{"rendered":"<p>Oyun sevenler buraya ko\u015fsun! Bir de sincap sevenler! Bu kitap oyunla dolu. \u00c7izgilerle, resimlerle, harflerle, seslerle ve s\u00f6zc\u00fcklerle oynayaca\u011f\u0131z. Bir de yaramaz ve oyunbaz sincap U\u00e7anta&#8217;yla.S\u00f6zel<span class=\"excerpt-hellip\"> [\u2026]<\/span><\/p>\n","protected":false},"featured_media":0,"template":"","meta":{"_monsterinsights_skip_tracking":false,"_monsterinsights_sitenote_active":false,"_monsterinsights_sitenote_note":"","_monsterinsights_sitenote_category":0},"product_brand":[],"product_cat":[12274,15842],"product_tag":[],"class_list":{"0":"post-773102","1":"product","2":"type-product","3":"status-publish","5":"product_cat-cocuk-ve-genclik-kitaplari","6":"product_cat-egitici-kitaplar","7":"pa_cilt-ciltsiz","8":"pa_tur-kitap","9":"pa_yayinevi-altin-kitaplar-cocuk-kitaplari","10":"pa_yazar-nilay-yilmaz","12":"first","13":"instock","14":"sale","15":"shipping-taxable","16":"purchasable","17":"product-type-simple"},"_links":{"self":[{"href":"https:\/\/roveyayinevi.com.tr\/index.php\/wp-json\/wp\/v2\/product\/773102","targetHints":{"allow":["GET"]}}],"collection":[{"href":"https:\/\/roveyayinevi.com.tr\/index.php\/wp-json\/wp\/v2\/product"}],"about":[{"href":"https:\/\/roveyayinevi.com.tr\/index.php\/wp-json\/wp\/v2\/types\/product"}],"wp:attachment":[{"href":"https:\/\/roveyayinevi.com.tr\/index.php\/wp-json\/wp\/v2\/media?parent=773102"}],"wp:term":[{"taxonomy":"product_brand","embeddable":true,"href":"https:\/\/roveyayinevi.com.tr\/index.php\/wp-json\/wp\/v2\/product_brand?post=773102"},{"taxonomy":"product_cat","embeddable":true,"href":"https:\/\/roveyayinevi.com.tr\/index.php\/wp-json\/wp\/v2\/product_cat?post=773102"},{"taxonomy":"product_tag","embeddable":true,"href":"https:\/\/roveyayinevi.com.tr\/index.php\/wp-json\/wp\/v2\/product_tag?post=773102"}],"curies":[{"name":"wp","href":"https:\/\/api.w.org\/{rel}","templated":true}]}}