{"id":773100,"date":"2025-08-28T16:03:48","date_gmt":"2025-08-28T13:03:48","guid":{"rendered":"https:\/\/roveyayinevi.com.tr\/index.php\/urun\/yap-boz-kitap-sen-hazirsan-basliyoruz-acil-durum\/"},"modified":"2026-04-15T03:39:22","modified_gmt":"2026-04-15T00:39:22","slug":"yap-boz-kitap-sen-hazirsan-basliyoruz-acil-durum","status":"publish","type":"product","link":"https:\/\/roveyayinevi.com.tr\/index.php\/urun\/yap-boz-kitap-sen-hazirsan-basliyoruz-acil-durum\/","title":{"rendered":"Yap Boz Kitap Sen Haz\u0131rsan Ba\u015fl\u0131yoruz &#8211; Acil Durum"},"content":{"rendered":"<p>Haydi, gezintiye \u00e7\u0131kal\u0131m ve ara\u00e7lar\u0131 tan\u0131maya ba\u015flayal\u0131m! Her bir arac\u0131n i\u00e7ini g\u00f6rmek i\u00e7in par\u00e7alar\u0131 kald\u0131r\u0131n veya bir ara\u00e7 yapbozu olu\u015fturmak i\u00e7in par\u00e7alar\u0131 birle\u015ftirin!Bu kitap sayesinde \u00e7ocuklar: Acil durum ara\u00e7lar\u0131n\u0131 tan\u0131r.  \u0130tfaiye, ambulans, polis arabas\u0131 gibi farkl\u0131 acil durum ara\u00e7lar\u0131n\u0131n g\u00f6revlerini \u00f6\u011frenir. <\/p>\n","protected":false},"excerpt":{"rendered":"<p>Haydi, gezintiye \u00e7\u0131kal\u0131m ve ara\u00e7lar\u0131 tan\u0131maya ba\u015flayal\u0131m! Her bir arac\u0131n i\u00e7ini g\u00f6rmek i\u00e7in par\u00e7alar\u0131 kald\u0131r\u0131n veya bir ara\u00e7 yapbozu olu\u015fturmak i\u00e7in par\u00e7alar\u0131 birle\u015ftirin!Bu kitap sayesinde \u00e7ocuklar:<span class=\"excerpt-hellip\"> [\u2026]<\/span><\/p>\n","protected":false},"featured_media":0,"template":"","meta":{"_monsterinsights_skip_tracking":false,"_monsterinsights_sitenote_active":false,"_monsterinsights_sitenote_note":"","_monsterinsights_sitenote_category":0},"product_brand":[],"product_cat":[12274,12518],"product_tag":[],"class_list":{"0":"post-773100","1":"product","2":"type-product","3":"status-publish","5":"product_cat-cocuk-ve-genclik-kitaplari","6":"product_cat-okul-oncesi-kitaplar","7":"pa_cilt-ciltli","8":"pa_tur-kitap","9":"pa_yayinevi-ucan-fil-yayinlari","10":"pa_yazar-rebecca-weerasekera","12":"first","13":"instock","14":"sale","15":"shipping-taxable","16":"purchasable","17":"product-type-simple"},"_links":{"self":[{"href":"https:\/\/roveyayinevi.com.tr\/index.php\/wp-json\/wp\/v2\/product\/773100","targetHints":{"allow":["GET"]}}],"collection":[{"href":"https:\/\/roveyayinevi.com.tr\/index.php\/wp-json\/wp\/v2\/product"}],"about":[{"href":"https:\/\/roveyayinevi.com.tr\/index.php\/wp-json\/wp\/v2\/types\/product"}],"wp:attachment":[{"href":"https:\/\/roveyayinevi.com.tr\/index.php\/wp-json\/wp\/v2\/media?parent=773100"}],"wp:term":[{"taxonomy":"product_brand","embeddable":true,"href":"https:\/\/roveyayinevi.com.tr\/index.php\/wp-json\/wp\/v2\/product_brand?post=773100"},{"taxonomy":"product_cat","embeddable":true,"href":"https:\/\/roveyayinevi.com.tr\/index.php\/wp-json\/wp\/v2\/product_cat?post=773100"},{"taxonomy":"product_tag","embeddable":true,"href":"https:\/\/roveyayinevi.com.tr\/index.php\/wp-json\/wp\/v2\/product_tag?post=773100"}],"curies":[{"name":"wp","href":"https:\/\/api.w.org\/{rel}","templated":true}]}}