{"id":773097,"date":"2025-08-28T16:03:43","date_gmt":"2025-08-28T13:03:43","guid":{"rendered":"https:\/\/roveyayinevi.com.tr\/index.php\/urun\/chatgpt-milyoneri\/"},"modified":"2026-04-15T03:39:22","modified_gmt":"2026-04-15T00:39:22","slug":"chatgpt-milyoneri","status":"publish","type":"product","link":"https:\/\/roveyayinevi.com.tr\/index.php\/urun\/chatgpt-milyoneri\/","title":{"rendered":"ChatGPT Milyoneri"},"content":{"rendered":"<p>Steve Jobs\u2019un da \u00f6ng\u00f6rd\u00fc\u011f\u00fc gibi ChatGPT sadece bir ara\u00e7 de\u011fil, ipu\u00e7lar\u0131n\u0131 ve en iyi uygulamalar\u0131 takip ederek finansal ba\u015far\u0131ya ula\u015fman\u0131za yard\u0131mc\u0131 olabilecek bir arkada\u015f h\u00e2line gelebilir.   ChatGPT kullanarak h\u0131zl\u0131 ve kolay \u015fekilde gelir sa\u011flaman\u0131n yollar\u0131na odaklanan bu kitapta, pasif gelir kaynaklar\u0131 olu\u015fturman\u0131n, istedi\u011finiz konuya dair ara\u015ft\u0131rma yap\u0131p kaliteli i\u00e7erikler \u00fcretmenin, sundu\u011funuz \u00fcr\u00fcn ve hizmetler i\u00e7in en iyi reklamlar\u0131 olu\u015fturman\u0131n incelikli ipu\u00e7lar\u0131 sizi bekliyor.    \u0130nternetten para kazanmak hi\u00e7 bu kadar kolay olmam\u0131\u015ft\u0131!   Yapay zek\u00e2y\u0131 hayat\u0131n\u0131za ve kariyerinize en iyi \u015fekilde nas\u0131l dahil edece\u011finizi ele alan Dagger, ad\u0131m ad\u0131m ilerleyen bir rehber sunarken bunu hem e\u011flenceli hem de kolay anla\u015f\u0131l\u0131r bir \u00fcslupla yap\u0131yor. Gerek mevcut i\u015finizde kullanmak gerekse yeni bir kariyere ba\u015flamak i\u00e7in ChatGPT\u2019den nas\u0131l faydalanaca\u011f\u0131n\u0131z\u0131 basit ve etkili \u015fekilde \u00f6\u011frenebilirsiniz.   ChatGPT Milyoneri; etkili konu\u015fma yapman\u0131n yollar\u0131ndan pazarlama ve reklamc\u0131l\u0131k tavsiyelerine, etkili blog ve sosyal medya yaz\u0131lar\u0131 \u00fcretmekten YouTube videosu senaryolar\u0131 haz\u0131rlamaya kadar pek \u00e7ok konuda e\u015fsiz bir rehber <\/p>\n","protected":false},"excerpt":{"rendered":"<p>Steve Jobs\u2019un da \u00f6ng\u00f6rd\u00fc\u011f\u00fc gibi ChatGPT sadece bir ara\u00e7 de\u011fil, ipu\u00e7lar\u0131n\u0131 ve en iyi uygulamalar\u0131 takip ederek finansal ba\u015far\u0131ya ula\u015fman\u0131za yard\u0131mc\u0131 olabilecek bir arkada\u015f h\u00e2line gelebilir.<span class=\"excerpt-hellip\"> [\u2026]<\/span><\/p>\n","protected":false},"featured_media":0,"template":"","meta":{"_monsterinsights_skip_tracking":false,"_monsterinsights_sitenote_active":false,"_monsterinsights_sitenote_note":"","_monsterinsights_sitenote_category":0},"product_brand":[],"product_cat":[13043],"product_tag":[],"class_list":{"0":"post-773097","1":"product","2":"type-product","3":"status-publish","5":"product_cat-ekonomi","6":"pa_cilt-ciltsiz","7":"pa_tur-kitap","8":"pa_yayinevi-barometre","9":"pa_yazar-neil-dagger","11":"first","12":"instock","13":"sale","14":"shipping-taxable","15":"purchasable","16":"product-type-simple"},"_links":{"self":[{"href":"https:\/\/roveyayinevi.com.tr\/index.php\/wp-json\/wp\/v2\/product\/773097","targetHints":{"allow":["GET"]}}],"collection":[{"href":"https:\/\/roveyayinevi.com.tr\/index.php\/wp-json\/wp\/v2\/product"}],"about":[{"href":"https:\/\/roveyayinevi.com.tr\/index.php\/wp-json\/wp\/v2\/types\/product"}],"wp:attachment":[{"href":"https:\/\/roveyayinevi.com.tr\/index.php\/wp-json\/wp\/v2\/media?parent=773097"}],"wp:term":[{"taxonomy":"product_brand","embeddable":true,"href":"https:\/\/roveyayinevi.com.tr\/index.php\/wp-json\/wp\/v2\/product_brand?post=773097"},{"taxonomy":"product_cat","embeddable":true,"href":"https:\/\/roveyayinevi.com.tr\/index.php\/wp-json\/wp\/v2\/product_cat?post=773097"},{"taxonomy":"product_tag","embeddable":true,"href":"https:\/\/roveyayinevi.com.tr\/index.php\/wp-json\/wp\/v2\/product_tag?post=773097"}],"curies":[{"name":"wp","href":"https:\/\/api.w.org\/{rel}","templated":true}]}}