{"id":773096,"date":"2025-08-28T16:03:41","date_gmt":"2025-08-28T13:03:41","guid":{"rendered":"https:\/\/roveyayinevi.com.tr\/index.php\/urun\/benim-tatli-ruyam\/"},"modified":"2026-04-15T03:39:22","modified_gmt":"2026-04-15T00:39:22","slug":"benim-tatli-ruyam","status":"publish","type":"product","link":"https:\/\/roveyayinevi.com.tr\/index.php\/urun\/benim-tatli-ruyam\/","title":{"rendered":"Benim Tatl\u0131 R\u00fcyam"},"content":{"rendered":"<p>Kitap Tan\u0131t\u0131m Yaz\u0131s\u0131  Bebe\u011finizi mutlu edecek harika bir uyku kitab\u0131. Minik parmaklar i\u00e7in \u00f6zenle haz\u0131rland\u0131. Butonlara bas,kolu \u00e7evir,rengarenk \u0131\u015f\u0131k efektleriyle ninniyi ve sesleri dinle. \u0130yi uykular bebe\u011fim\u2026 *Duygusal geli\u015fime *Beyin geli\u015fimine *Motor geli\u015fime ve haf\u0131zay\u0131 g\u00fc\u00e7lendirmeye katk\u0131. <\/p>\n","protected":false},"excerpt":{"rendered":"<p>Kitap Tan\u0131t\u0131m Yaz\u0131s\u0131 Bebe\u011finizi mutlu edecek harika bir uyku kitab\u0131. Minik parmaklar i\u00e7in \u00f6zenle haz\u0131rland\u0131. Butonlara bas,kolu \u00e7evir,rengarenk \u0131\u015f\u0131k efektleriyle ninniyi ve sesleri dinle. \u0130yi uykular<span class=\"excerpt-hellip\"> [\u2026]<\/span><\/p>\n","protected":false},"featured_media":0,"template":"","meta":{"_monsterinsights_skip_tracking":false,"_monsterinsights_sitenote_active":false,"_monsterinsights_sitenote_note":"","_monsterinsights_sitenote_category":0},"product_brand":[],"product_cat":[12274,12518],"product_tag":[],"class_list":{"0":"post-773096","1":"product","2":"type-product","3":"status-publish","5":"product_cat-cocuk-ve-genclik-kitaplari","6":"product_cat-okul-oncesi-kitaplar","7":"pa_cilt-ciltsiz","8":"pa_tur-kitap","9":"pa_yayinevi-net-cocuk-yayinlari","10":"pa_yazar-omer-canbir","12":"first","13":"instock","14":"sale","15":"shipping-taxable","16":"purchasable","17":"product-type-simple"},"_links":{"self":[{"href":"https:\/\/roveyayinevi.com.tr\/index.php\/wp-json\/wp\/v2\/product\/773096","targetHints":{"allow":["GET"]}}],"collection":[{"href":"https:\/\/roveyayinevi.com.tr\/index.php\/wp-json\/wp\/v2\/product"}],"about":[{"href":"https:\/\/roveyayinevi.com.tr\/index.php\/wp-json\/wp\/v2\/types\/product"}],"wp:attachment":[{"href":"https:\/\/roveyayinevi.com.tr\/index.php\/wp-json\/wp\/v2\/media?parent=773096"}],"wp:term":[{"taxonomy":"product_brand","embeddable":true,"href":"https:\/\/roveyayinevi.com.tr\/index.php\/wp-json\/wp\/v2\/product_brand?post=773096"},{"taxonomy":"product_cat","embeddable":true,"href":"https:\/\/roveyayinevi.com.tr\/index.php\/wp-json\/wp\/v2\/product_cat?post=773096"},{"taxonomy":"product_tag","embeddable":true,"href":"https:\/\/roveyayinevi.com.tr\/index.php\/wp-json\/wp\/v2\/product_tag?post=773096"}],"curies":[{"name":"wp","href":"https:\/\/api.w.org\/{rel}","templated":true}]}}