{"id":773095,"date":"2025-08-28T16:03:38","date_gmt":"2025-08-28T13:03:38","guid":{"rendered":"https:\/\/roveyayinevi.com.tr\/index.php\/urun\/martaval-1\/"},"modified":"2026-04-15T03:39:22","modified_gmt":"2026-04-15T00:39:22","slug":"martaval-1","status":"publish","type":"product","link":"https:\/\/roveyayinevi.com.tr\/index.php\/urun\/martaval-1\/","title":{"rendered":"Martaval -1"},"content":{"rendered":"<p>PALAVRA . . . Hayat; sonu gelmeyen, perdesi hi\u00e7 kapanmayan sahnelerin oyunu\u2026 Emaresi olmayan iki beden\u2026 Ruhlar\u0131 birbirine a\u015finayd\u0131. Birinin ayak izleri, \u00f6b\u00fcr\u00fcn\u00fcn y\u00fcr\u00fcd\u00fc\u011f\u00fc yollarda gizliydi. Her seferinde yeni bir oyuna ad\u0131m att\u0131lar. Ya\u015fatt\u0131klar\u0131 ruhlar\u0131n her bir zerresini zihinlerine kaz\u0131y\u0131p onlarla beraber bir b\u00fct\u00fcn oldular. Ba\u015frol de onlard\u0131 y\u00f6netmen de. Her yeni perdede binlerce karakter yarat\u0131p y\u00fczlerce ruhu bedenlerinde ta\u015f\u0131d\u0131lar. Kendilerini kaybederken hep yeni bir ruh do\u011furdular. Bu oyunda ba\u015farman\u0131n tek form\u00fcl\u00fc, oynad\u0131\u011f\u0131n\u0131 belli etmemekti. Yava\u015f\u00e7a, dikkatle ve rolden \u00e7\u0131kmadan\u2026 Her ad\u0131mlar\u0131n\u0131 dikkatli atmak zorundayd\u0131lar. Yoksa maskeler d\u00fc\u015fer, her \u015fey biter, ger\u00e7ek y\u00fczleri ortaya \u00e7\u0131kard\u0131. Ger\u00e7ek y\u00fczler\u2026 Art\u0131k unutulmaya y\u00fcz tutulmu\u015f, aynaya bakt\u0131klar\u0131nda hangisini g\u00f6rd\u00fcklerini bilmedikleri, onlarca ki\u015fili\u011fe b\u00fcr\u00fcnm\u00fc\u015f ger\u00e7ek kimlikler\u2026 Kimdiler, bu sefer kimin rol\u00fcne giriyor, hangi ruha can veriyorlard\u0131? Onlar kim miydi? Bug\u00fcn sen, yar\u0131n bir ba\u015fkas\u0131. Herhangi bir kimlikle ans\u0131z\u0131n kar\u015f\u0131na \u00e7\u0131kabilirlerdi. Sevgili seyirciler, oyunun ba\u015flamas\u0131na dakikalar yok. Uzun bir zamand\u0131r oyunun i\u00e7indesiniz. \u0130yi seyirler. <\/p>\n","protected":false},"excerpt":{"rendered":"<p>PALAVRA . . . Hayat; sonu gelmeyen, perdesi hi\u00e7 kapanmayan sahnelerin oyunu\u2026 Emaresi olmayan iki beden\u2026 Ruhlar\u0131 birbirine a\u015finayd\u0131. Birinin ayak izleri, \u00f6b\u00fcr\u00fcn\u00fcn y\u00fcr\u00fcd\u00fc\u011f\u00fc yollarda gizliydi.<span class=\"excerpt-hellip\"> [\u2026]<\/span><\/p>\n","protected":false},"featured_media":0,"template":"","meta":{"_monsterinsights_skip_tracking":false,"_monsterinsights_sitenote_active":false,"_monsterinsights_sitenote_note":"","_monsterinsights_sitenote_category":0},"product_brand":[],"product_cat":[12291,12711],"product_tag":[],"class_list":{"0":"post-773095","1":"product","2":"type-product","3":"status-publish","5":"product_cat-edebiyat","6":"product_cat-roman-oyku","7":"pa_cilt-ciltsiz","8":"pa_tur-kitap","9":"pa_yayinevi-artemis-yayinlari","10":"pa_yazar-r-ideli","12":"first","13":"instock","14":"sale","15":"shipping-taxable","16":"purchasable","17":"product-type-simple"},"_links":{"self":[{"href":"https:\/\/roveyayinevi.com.tr\/index.php\/wp-json\/wp\/v2\/product\/773095","targetHints":{"allow":["GET"]}}],"collection":[{"href":"https:\/\/roveyayinevi.com.tr\/index.php\/wp-json\/wp\/v2\/product"}],"about":[{"href":"https:\/\/roveyayinevi.com.tr\/index.php\/wp-json\/wp\/v2\/types\/product"}],"wp:attachment":[{"href":"https:\/\/roveyayinevi.com.tr\/index.php\/wp-json\/wp\/v2\/media?parent=773095"}],"wp:term":[{"taxonomy":"product_brand","embeddable":true,"href":"https:\/\/roveyayinevi.com.tr\/index.php\/wp-json\/wp\/v2\/product_brand?post=773095"},{"taxonomy":"product_cat","embeddable":true,"href":"https:\/\/roveyayinevi.com.tr\/index.php\/wp-json\/wp\/v2\/product_cat?post=773095"},{"taxonomy":"product_tag","embeddable":true,"href":"https:\/\/roveyayinevi.com.tr\/index.php\/wp-json\/wp\/v2\/product_tag?post=773095"}],"curies":[{"name":"wp","href":"https:\/\/api.w.org\/{rel}","templated":true}]}}